{"id":783762,"date":"2026-02-26T23:39:36","date_gmt":"2026-02-26T20:39:36","guid":{"rendered":"https:\/\/roveyayinevi.com.tr\/index.php\/urun\/egemenlik-ilkesimodern-iktidarin-tarihi-ve-temelleri\/"},"modified":"2026-04-15T03:46:43","modified_gmt":"2026-04-15T00:46:43","slug":"egemenlik-ilkesimodern-iktidarin-tarihi-ve-temelleri","status":"publish","type":"product","link":"https:\/\/roveyayinevi.com.tr\/index.php\/urun\/egemenlik-ilkesimodern-iktidarin-tarihi-ve-temelleri\/","title":{"rendered":"Egemenlik \u0130lkesi;Modern \u0130ktidar\u0131n Tarihi ve Temelleri"},"content":{"rendered":"<p>Modem siyasetin kurucu ilkesi egemenlik. 16. y\u00fczy\u0131ldan beri insanlar\u0131n \u00f6zg\u00fcrl\u00fc\u011f\u00fcn\u00fcn anlama sorumlulu\u011funa indirgeyen bir anlay\u0131\u015fla \u015fekillenir. B\u00f6ylesi bir alg\u0131lama bi\u00e7imiyle insan, kendi tarihini kendi yapan bir \u00f6zneye d\u00f6n\u00fc\u015f\u00fcr. Egemenli\u011fin din d\u0131\u015f\u0131 bir sahaya oturdu\u011fu modern zamanlarda \u00f6zg\u00fcrl\u00fck tanr\u0131ya kay\u0131ts\u0131zd\u0131r.Gelgelelim egemenli\u011fin esas\u0131n\u0131n tarihsel olan\u0131 yaratmaktan aciz kald\u0131\u011f\u0131 \u00fczerinde pek d\u00fc\u015f\u00fcn\u00fclm\u00fcyor. Bu y\u00fczden egemenlik ve onun a\u015f\u0131lmas\u0131 tart\u0131\u015fmas\u0131na dair bir dizi soru ve cevapla katk\u0131da bulunmak acil \u00f6nem ta\u015f\u0131yor. Gerard Mairet alan\u0131nda kapsaml\u0131 ve ufuk a\u00e7\u0131c\u0131 bir \u00f6rnek olan Egemenlik Ilkesi kitab\u0131nda tam da bu ge\u00e7i\u015f d\u00f6nemini anlat\u0131yor. Egemenli\u011fi kanaInan\u0131n yolunun Machiavell \u00f6len Eric %Valla kadar bir dul filozofu didik didik okumaktan ge\u00e7ti\u011fini belirgin k\u0131l\u0131yor. Modern iktidar\u0131n tarihsel temellerini ortaya koyan bu kitap, egemenlik ilkesine teorik a\u00e7\u0131dan yakla\u015ft\u0131\u011f\u0131 glis\u0131 kavram\u0131n metafizik, hukuki ve etik temellerini de tasvir ediyor.<\/p>\n","protected":false},"excerpt":{"rendered":"<p>Modem siyasetin kurucu ilkesi egemenlik. 16. y\u00fczy\u0131ldan beri insanlar\u0131n \u00f6zg\u00fcrl\u00fc\u011f\u00fcn\u00fcn anlama sorumlulu\u011funa indirgeyen bir anlay\u0131\u015fla \u015fekillenir. B\u00f6ylesi bir alg\u0131lama bi\u00e7imiyle insan, kendi tarihini kendi yapan bir<span class=\"excerpt-hellip\"> [\u2026]<\/span><\/p>\n","protected":false},"featured_media":0,"template":"","meta":{"_monsterinsights_skip_tracking":false,"_monsterinsights_sitenote_active":false,"_monsterinsights_sitenote_note":"","_monsterinsights_sitenote_category":0},"product_brand":[],"product_cat":[12965,12337],"product_tag":[],"class_list":{"0":"post-783762","1":"product","2":"type-product","3":"status-publish","5":"product_cat-genel-politika","6":"product_cat-politika-siyaset","7":"pa_cilt-ciltsiz","8":"pa_tur-kitap","9":"pa_yayinevi-acilim-kitap","10":"pa_yazar-gerard-mairet","12":"first","13":"instock","14":"sale","15":"shipping-taxable","16":"purchasable","17":"product-type-simple"},"_links":{"self":[{"href":"https:\/\/roveyayinevi.com.tr\/index.php\/wp-json\/wp\/v2\/product\/783762","targetHints":{"allow":["GET"]}}],"collection":[{"href":"https:\/\/roveyayinevi.com.tr\/index.php\/wp-json\/wp\/v2\/product"}],"about":[{"href":"https:\/\/roveyayinevi.com.tr\/index.php\/wp-json\/wp\/v2\/types\/product"}],"wp:attachment":[{"href":"https:\/\/roveyayinevi.com.tr\/index.php\/wp-json\/wp\/v2\/media?parent=783762"}],"wp:term":[{"taxonomy":"product_brand","embeddable":true,"href":"https:\/\/roveyayinevi.com.tr\/index.php\/wp-json\/wp\/v2\/product_brand?post=783762"},{"taxonomy":"product_cat","embeddable":true,"href":"https:\/\/roveyayinevi.com.tr\/index.php\/wp-json\/wp\/v2\/product_cat?post=783762"},{"taxonomy":"product_tag","embeddable":true,"href":"https:\/\/roveyayinevi.com.tr\/index.php\/wp-json\/wp\/v2\/product_tag?post=783762"}],"curies":[{"name":"wp","href":"https:\/\/api.w.org\/{rel}","templated":true}]}}