{"id":783761,"date":"2026-02-26T23:39:32","date_gmt":"2026-02-26T20:39:32","guid":{"rendered":"https:\/\/roveyayinevi.com.tr\/index.php\/urun\/hayat-adaletsiz-sukunetsizligi-koruyalim\/"},"modified":"2026-04-15T03:46:43","modified_gmt":"2026-04-15T00:46:43","slug":"hayat-adaletsiz-sukunetsizligi-koruyalim","status":"publish","type":"product","link":"https:\/\/roveyayinevi.com.tr\/index.php\/urun\/hayat-adaletsiz-sukunetsizligi-koruyalim\/","title":{"rendered":"Hayat Adaletsiz; S\u00fckunetsizli\u011fi Koruyal\u0131m"},"content":{"rendered":"<p>Elinizdeki eser, tam da insano\u011flunun ya\u015fad\u0131\u011f\u0131 hayat\u0131 izah etme \u00e7abalar\u0131n\u0131 ele almakta, insanlar\u0131n hayat ve \u00f6l\u00fcm \u015fartlar\u0131 birbirinden \u00e7ok farkl\u0131 iken, insanlar\u0131n e\u015fit oldu\u011funu hayk\u0131rman\u0131n tutarl\u0131 olup olmad\u0131\u011f\u0131n\u0131 sorgulayarak ba\u015flamaktad\u0131r.&#8221;- Rahim AcarAdaletiyle me\u015fhur Sasani imparatoru Nu\u015firevan&#8217;\u0131n saray\u0131nda bir \u00e7an varm\u0131\u015f, bir zincirle saray\u0131n d\u0131\u015f\u0131na uzan\u0131r, \u00e7ekilince sultana dinlemesi gereken bir \u015fikayet oldu\u011funu haber verirmi\u015f. Art\u0131k as\u0131lacak bir zencir-i adl yok, ne de adaleti da\u011f\u0131tan bir el. \u00c7an \u00e7al\u0131yor da \u00e7al\u0131yor, duyulan yaln\u0131zca adaletsizli\u011fin ilan\u0131. G\u00f6r\u00fclecek bir adalet yok, \u00e7\u00fcnk\u00fc g\u00f6recek bir g\u00f6z yok .Elinizdeki kitap insan\u0131n insana kurtla\u015fmas\u0131n\u0131n \u00f6n\u00fcndeki en b\u00fcy\u00fck engel, en ulvi ideal adaletin hakk\u0131ndan geliyor! \u0130\u00e7ti\u011fimiz suyun, ald\u0131\u011f\u0131m\u0131z nefesin kalitesi s\u0131n\u0131f\u0131m\u0131z\u0131 s\u00f6yl\u00fcyor, hayat\u0131m\u0131z\u0131n her an\u0131 e\u015fitli\u011fin imkans\u0131zl\u0131\u011f\u0131na dair bir hat\u0131rlatma, v\u00fccutlar\u0131m\u0131z adaletsizliklerin kaz\u0131nd\u0131\u011f\u0131 birer y\u00fczey. Ama hangi kitab\u0131 a\u00e7sak adaletten, dengeden, pozitif olmaktan, m\u00fcte\u015fekkir kalmaktan bahsediyor. D\u00fc\u015f\u00fcnce tarihi adalet \u00fczerine b\u00fcy\u00fck bir \u015f\u00f6len, ama Thomas Macho \u00c7ak\u0131rcal\u0131 Efe edas\u0131yla geliyor, Ya\u015far usta gibi sesleniyor adalet havarilerine: Bak beyim hayat adaletsiz! \u0130nsanl\u0131k kendi durumu \u00fczerine d\u00fc\u015f\u00fcnmeye ba\u015flayal\u0131 adaletten ba\u015fl\u0131yor, haks\u0131zl\u0131klardan duydu\u011fu huzursuzlu\u011fu ortak iyi i\u00e7in kenara koymas\u0131 bekleniyor. Peki ya haks\u0131zl\u0131ktan ba\u015flasayd\u0131k? D\u00fc\u015f\u00fcnce bahaneler uydurmadan, adaleti gelecekte veya az sonra de\u011fil de hemen \u015fimdi talep etseydi?&#8217; Ya\u015famak bir sanr\u0131 de\u011filse \u00f6cal\u0131nmak gerektir&#8217; diyen \u015faire bir \u015ferh Macho&#8217;nun kitab\u0131, yeni bir \u0131srar\u0131n ar\u015fivi ve gelece\u011fi \u00fczerine unutulmaz bir s\u00f6ylev.<\/p>\n","protected":false},"excerpt":{"rendered":"<p>Elinizdeki eser, tam da insano\u011flunun ya\u015fad\u0131\u011f\u0131 hayat\u0131 izah etme \u00e7abalar\u0131n\u0131 ele almakta, insanlar\u0131n hayat ve \u00f6l\u00fcm \u015fartlar\u0131 birbirinden \u00e7ok farkl\u0131 iken, insanlar\u0131n e\u015fit oldu\u011funu hayk\u0131rman\u0131n tutarl\u0131<span class=\"excerpt-hellip\"> [\u2026]<\/span><\/p>\n","protected":false},"featured_media":0,"template":"","meta":{"_monsterinsights_skip_tracking":false,"_monsterinsights_sitenote_active":false,"_monsterinsights_sitenote_note":"","_monsterinsights_sitenote_category":0},"product_brand":[],"product_cat":[12777,12291],"product_tag":[],"class_list":{"0":"post-783761","1":"product","2":"type-product","3":"status-publish","5":"product_cat-deneme","6":"product_cat-edebiyat","7":"pa_cilt-ciltsiz","8":"pa_tur-kitap","9":"pa_yayinevi-acilim-kitap","10":"pa_yazar-thomas-macho","12":"first","13":"instock","14":"sale","15":"shipping-taxable","16":"purchasable","17":"product-type-simple"},"_links":{"self":[{"href":"https:\/\/roveyayinevi.com.tr\/index.php\/wp-json\/wp\/v2\/product\/783761","targetHints":{"allow":["GET"]}}],"collection":[{"href":"https:\/\/roveyayinevi.com.tr\/index.php\/wp-json\/wp\/v2\/product"}],"about":[{"href":"https:\/\/roveyayinevi.com.tr\/index.php\/wp-json\/wp\/v2\/types\/product"}],"wp:attachment":[{"href":"https:\/\/roveyayinevi.com.tr\/index.php\/wp-json\/wp\/v2\/media?parent=783761"}],"wp:term":[{"taxonomy":"product_brand","embeddable":true,"href":"https:\/\/roveyayinevi.com.tr\/index.php\/wp-json\/wp\/v2\/product_brand?post=783761"},{"taxonomy":"product_cat","embeddable":true,"href":"https:\/\/roveyayinevi.com.tr\/index.php\/wp-json\/wp\/v2\/product_cat?post=783761"},{"taxonomy":"product_tag","embeddable":true,"href":"https:\/\/roveyayinevi.com.tr\/index.php\/wp-json\/wp\/v2\/product_tag?post=783761"}],"curies":[{"name":"wp","href":"https:\/\/api.w.org\/{rel}","templated":true}]}}