{"id":783760,"date":"2026-02-26T23:39:30","date_gmt":"2026-02-26T20:39:30","guid":{"rendered":"https:\/\/roveyayinevi.com.tr\/index.php\/urun\/salt-aklin-sinirlari-dahilinde-din\/"},"modified":"2026-04-15T03:46:43","modified_gmt":"2026-04-15T00:46:43","slug":"salt-aklin-sinirlari-dahilinde-din","status":"publish","type":"product","link":"https:\/\/roveyayinevi.com.tr\/index.php\/urun\/salt-aklin-sinirlari-dahilinde-din\/","title":{"rendered":"Salt Akl\u0131n S\u0131n\u0131rlar\u0131 Dahilinde Din"},"content":{"rendered":"<p>\u201cAhlak, \u00f6zg\u00fcr ve dolay\u0131s\u0131yla akl\u0131 sayesinde ko\u015fulsuz yasaya ba\u011fl\u0131 bir varl\u0131k olan insan kavram\u0131 \u00fczerine in\u015fa edildi\u011fi s\u00fcrece, insan ne \u00f6devini tan\u0131mak i\u00e7in kendi \u00fczerinde bir varl\u0131k idesine ne de \u00f6devini g\u00f6zetmek i\u00e7in ahlak yasas\u0131ndan ba\u015fka bir g\u00fcd\u00fcye ihtiya\u00e7 duyar\u2026 Ahlak, her ne kadar kendi maksatlar\u0131 i\u00e7in iradenin belirleniminden \u00f6nceki bir ama\u00e7 tasavvuruna ihtiya\u00e7 duymasa da sebep olarak de\u011fil, tersine yasalara uygun bir \u015fekilde elde edilen maksimlerin zorunlu sonucu t\u00fcr\u00fcnden bir ama\u00e7la mecburi bir ili\u015fkide olmas\u0131 muhtemeldir\u2026 \u00d6yle ki bu ama\u00e7, sahip olmak zorunda oldu\u011fumuz b\u00fct\u00fcn ama\u00e7lar\u0131n bi\u00e7imsel ko\u015fulu olan (\u00f6dev) ama ayn\u0131 zamanda sahip oldu\u011fumuz b\u00fct\u00fcn ko\u015fullu ama\u00e7larla uyu\u015fan ko\u015fulu (\u00f6devin g\u00f6zetilmesine kar\u015f\u0131l\u0131k gelen mutlulu\u011fu) da kendinde i\u00e7eren nesnenin yaln\u0131zca idesidir. Bu, imk\u00e2n\u0131n\u0131 en y\u00fcksek, ahlaki ve en kutsal olan ve de her \u015feye g\u00fcc\u00fc yeten bir Varl\u0131k\u2019ta kabul etmek zorunda oldu\u011fumuz, d\u00fcnyadaki en y\u00fcksek iyi idesidir. Yaln\u0131zca bu ide en y\u00fcksek iyinin her iki \u00f6gesini birle\u015ftirebilir. Ancak bu ide (pratik a\u00e7\u0131dan) bo\u015f say\u0131lmaz; \u00e7\u00fcnk\u00fc o bizim do\u011fal ihtiya\u00e7lar\u0131m\u0131zda ve b\u00fct\u00fcn yap\u0131p etmelerimizde genel olarak dikkate al\u0131nan, ak\u0131l taraf\u0131ndan y\u00f6nlendirilebilen son-ama\u00e7 d\u00fc\u015f\u00fcn\u00fcld\u00fc\u011f\u00fcnde i\u015fimize yarar, aksi takdirde o ahlaki kararlar\u0131m\u0131z i\u00e7in bir engel olabilir. Burada \u00f6nemli olan, bu idenin ahlaktan kaynaklan\u0131yor olmas\u0131na kar\u015f\u0131n ahlak\u0131n temeli olmay\u0131\u015f\u0131d\u0131r\u2026 Sonu\u00e7ta insan onda ahlaki olarak etkide bulunan ihtiya\u00e7 sayesinde \u00f6devlerinin, ba\u015far\u0131y\u0131 da i\u00e7eren bir son-ama\u00e7 olarak d\u00fc\u015f\u00fcn\u00fclebilece\u011fini kan\u0131tlar.<\/p>\n","protected":false},"excerpt":{"rendered":"<p>\u201cAhlak, \u00f6zg\u00fcr ve dolay\u0131s\u0131yla akl\u0131 sayesinde ko\u015fulsuz yasaya ba\u011fl\u0131 bir varl\u0131k olan insan kavram\u0131 \u00fczerine in\u015fa edildi\u011fi s\u00fcrece, insan ne \u00f6devini tan\u0131mak i\u00e7in kendi \u00fczerinde bir<span class=\"excerpt-hellip\"> [\u2026]<\/span><\/p>\n","protected":false},"featured_media":0,"template":"","meta":{"_monsterinsights_skip_tracking":false,"_monsterinsights_sitenote_active":false,"_monsterinsights_sitenote_note":"","_monsterinsights_sitenote_category":0},"product_brand":[],"product_cat":[12718],"product_tag":[],"class_list":{"0":"post-783760","1":"product","2":"type-product","3":"status-publish","5":"product_cat-din","6":"pa_cilt-ciltsiz","7":"pa_tur-kitap","8":"pa_yayinevi-elis-yayinlari","9":"pa_yazar-immanuel-kant","11":"first","12":"instock","13":"sale","14":"shipping-taxable","15":"purchasable","16":"product-type-simple"},"_links":{"self":[{"href":"https:\/\/roveyayinevi.com.tr\/index.php\/wp-json\/wp\/v2\/product\/783760","targetHints":{"allow":["GET"]}}],"collection":[{"href":"https:\/\/roveyayinevi.com.tr\/index.php\/wp-json\/wp\/v2\/product"}],"about":[{"href":"https:\/\/roveyayinevi.com.tr\/index.php\/wp-json\/wp\/v2\/types\/product"}],"wp:attachment":[{"href":"https:\/\/roveyayinevi.com.tr\/index.php\/wp-json\/wp\/v2\/media?parent=783760"}],"wp:term":[{"taxonomy":"product_brand","embeddable":true,"href":"https:\/\/roveyayinevi.com.tr\/index.php\/wp-json\/wp\/v2\/product_brand?post=783760"},{"taxonomy":"product_cat","embeddable":true,"href":"https:\/\/roveyayinevi.com.tr\/index.php\/wp-json\/wp\/v2\/product_cat?post=783760"},{"taxonomy":"product_tag","embeddable":true,"href":"https:\/\/roveyayinevi.com.tr\/index.php\/wp-json\/wp\/v2\/product_tag?post=783760"}],"curies":[{"name":"wp","href":"https:\/\/api.w.org\/{rel}","templated":true}]}}