{"id":783759,"date":"2026-02-26T23:39:27","date_gmt":"2026-02-26T20:39:27","guid":{"rendered":"https:\/\/roveyayinevi.com.tr\/index.php\/urun\/kizlar-aramizda-kalsin\/"},"modified":"2026-04-15T03:46:43","modified_gmt":"2026-04-15T00:46:43","slug":"kizlar-aramizda-kalsin","status":"publish","type":"product","link":"https:\/\/roveyayinevi.com.tr\/index.php\/urun\/kizlar-aramizda-kalsin\/","title":{"rendered":"K\u0131zlar Aram\u0131zda Kals\u0131n"},"content":{"rendered":"<p>M\u00fc&#8217;min gen\u00e7 k\u0131z\u0131n hayat\u0131na dair notlarBu kitap; sana nasihat edecek kadar tecr\u00fcbeli, tavsiyeleri etki edecek kadar r\u00fctbeli biritaraf\u0131ndan yaz\u0131lmad\u0131.Sana fark\u0131ndal\u0131k kazand\u0131rmak, kim oldu\u011funu ve neler yapabilece\u011fini hat\u0131rlatmak i\u00e7inkaleme al\u0131nd\u0131.Hani kimi zaman nereden ba\u015flaman gerekti\u011fini d\u00fc\u015f\u00fcn\u00fcyor da zihninde \u00fcretti\u011fin sorularacevaplar ar\u0131yorsun ya! \u0130\u015fte o cevaplar, senin i\u00e7in bir k\u0131lavuz niteli\u011finde kaydedildi.Kendini tan\u0131maya, hayat\u0131n\u0131n tad\u0131n\u0131 \u00e7\u0131karmaya dair notlar bir araya getirildi.<\/p>\n","protected":false},"excerpt":{"rendered":"<p>M\u00fc&#8217;min gen\u00e7 k\u0131z\u0131n hayat\u0131na dair notlarBu kitap; sana nasihat edecek kadar tecr\u00fcbeli, tavsiyeleri etki edecek kadar r\u00fctbeli biritaraf\u0131ndan yaz\u0131lmad\u0131.Sana fark\u0131ndal\u0131k kazand\u0131rmak, kim oldu\u011funu ve neler yapabilece\u011fini<span class=\"excerpt-hellip\"> [\u2026]<\/span><\/p>\n","protected":false},"featured_media":0,"template":"","meta":{"_monsterinsights_skip_tracking":false,"_monsterinsights_sitenote_active":false,"_monsterinsights_sitenote_note":"","_monsterinsights_sitenote_category":0},"product_brand":[],"product_cat":[12291,12711],"product_tag":[],"class_list":{"0":"post-783759","1":"product","2":"type-product","3":"status-publish","5":"product_cat-edebiyat","6":"product_cat-roman-oyku","7":"pa_cilt-ciltsiz","8":"pa_tur-kitap","9":"pa_yayinevi-tahlil-yayinlari","10":"pa_yazar-hafsa-bilgin","12":"first","13":"instock","14":"sale","15":"shipping-taxable","16":"purchasable","17":"product-type-simple"},"_links":{"self":[{"href":"https:\/\/roveyayinevi.com.tr\/index.php\/wp-json\/wp\/v2\/product\/783759","targetHints":{"allow":["GET"]}}],"collection":[{"href":"https:\/\/roveyayinevi.com.tr\/index.php\/wp-json\/wp\/v2\/product"}],"about":[{"href":"https:\/\/roveyayinevi.com.tr\/index.php\/wp-json\/wp\/v2\/types\/product"}],"wp:attachment":[{"href":"https:\/\/roveyayinevi.com.tr\/index.php\/wp-json\/wp\/v2\/media?parent=783759"}],"wp:term":[{"taxonomy":"product_brand","embeddable":true,"href":"https:\/\/roveyayinevi.com.tr\/index.php\/wp-json\/wp\/v2\/product_brand?post=783759"},{"taxonomy":"product_cat","embeddable":true,"href":"https:\/\/roveyayinevi.com.tr\/index.php\/wp-json\/wp\/v2\/product_cat?post=783759"},{"taxonomy":"product_tag","embeddable":true,"href":"https:\/\/roveyayinevi.com.tr\/index.php\/wp-json\/wp\/v2\/product_tag?post=783759"}],"curies":[{"name":"wp","href":"https:\/\/api.w.org\/{rel}","templated":true}]}}