{"id":783757,"date":"2026-02-26T23:39:22","date_gmt":"2026-02-26T20:39:22","guid":{"rendered":"https:\/\/roveyayinevi.com.tr\/index.php\/urun\/gencler-icin-peygamberimizin-hayati-3\/"},"modified":"2026-04-15T03:46:43","modified_gmt":"2026-04-15T00:46:43","slug":"gencler-icin-peygamberimizin-hayati-3","status":"publish","type":"product","link":"https:\/\/roveyayinevi.com.tr\/index.php\/urun\/gencler-icin-peygamberimizin-hayati-3\/","title":{"rendered":"Gen\u00e7ler i\u00e7in Peygamberimizin Hayat\u0131"},"content":{"rendered":"<p>Peygamber&#8217;imizin hayat\u0131n\u0131n anla\u015f\u0131lmas\u0131 ve hadislerinin \u00f6\u011frenilmesi i\u00e7in uzun y\u0131llardan beri gayret sarf eden Ya\u015far Kandemir hoca efendinin \u00e7ocuklar ve gen\u00e7ler i\u00e7in kaleme ald\u0131\u011f\u0131 \u00e7al\u0131\u015fmas\u0131 yay\u0131nlan\u0131yor.Yay\u0131nevimizden \u00e7\u0131kan ba\u015fka bir\u00e7ok kitab\u0131n\u0131n yan\u0131 s\u0131ra Peygamberimizin Dilinden K\u0131ssalar, Hik\u00e2yelerle 40 Hadis, Hayat\u0131m\u0131za Peygamber Modeli, Peygamberimizden 101 Hat\u0131ra ve di\u011fer kitaplar\u0131yla birlikte de okunabilecek eser sahih kaynaklar do\u011frultusunda, ilk gen\u00e7lik \u00e7a\u011f\u0131n\u0131n dili dikkate al\u0131narak haz\u0131rlanm\u0131\u015ft\u0131r.<\/p>\n","protected":false},"excerpt":{"rendered":"<p>Peygamber&#8217;imizin hayat\u0131n\u0131n anla\u015f\u0131lmas\u0131 ve hadislerinin \u00f6\u011frenilmesi i\u00e7in uzun y\u0131llardan beri gayret sarf eden Ya\u015far Kandemir hoca efendinin \u00e7ocuklar ve gen\u00e7ler i\u00e7in kaleme ald\u0131\u011f\u0131 \u00e7al\u0131\u015fmas\u0131 yay\u0131nlan\u0131yor.Yay\u0131nevimizden \u00e7\u0131kan<span class=\"excerpt-hellip\"> [\u2026]<\/span><\/p>\n","protected":false},"featured_media":0,"template":"","meta":{"_monsterinsights_skip_tracking":false,"_monsterinsights_sitenote_active":false,"_monsterinsights_sitenote_note":"","_monsterinsights_sitenote_category":0},"product_brand":[],"product_cat":[12718,12719],"product_tag":[],"class_list":{"0":"post-783757","1":"product","2":"type-product","3":"status-publish","5":"product_cat-din","6":"product_cat-islam","7":"pa_cilt-ciltsiz","8":"pa_tur-kitap","9":"pa_yayinevi-tahlil-yayinlari","10":"pa_yazar-mehmet-yasar-kandemir","12":"first","13":"instock","14":"sale","15":"shipping-taxable","16":"purchasable","17":"product-type-simple"},"_links":{"self":[{"href":"https:\/\/roveyayinevi.com.tr\/index.php\/wp-json\/wp\/v2\/product\/783757","targetHints":{"allow":["GET"]}}],"collection":[{"href":"https:\/\/roveyayinevi.com.tr\/index.php\/wp-json\/wp\/v2\/product"}],"about":[{"href":"https:\/\/roveyayinevi.com.tr\/index.php\/wp-json\/wp\/v2\/types\/product"}],"wp:attachment":[{"href":"https:\/\/roveyayinevi.com.tr\/index.php\/wp-json\/wp\/v2\/media?parent=783757"}],"wp:term":[{"taxonomy":"product_brand","embeddable":true,"href":"https:\/\/roveyayinevi.com.tr\/index.php\/wp-json\/wp\/v2\/product_brand?post=783757"},{"taxonomy":"product_cat","embeddable":true,"href":"https:\/\/roveyayinevi.com.tr\/index.php\/wp-json\/wp\/v2\/product_cat?post=783757"},{"taxonomy":"product_tag","embeddable":true,"href":"https:\/\/roveyayinevi.com.tr\/index.php\/wp-json\/wp\/v2\/product_tag?post=783757"}],"curies":[{"name":"wp","href":"https:\/\/api.w.org\/{rel}","templated":true}]}}