{"id":783756,"date":"2026-02-26T23:39:19","date_gmt":"2026-02-26T20:39:19","guid":{"rendered":"https:\/\/roveyayinevi.com.tr\/index.php\/urun\/merhamet-8\/"},"modified":"2026-04-15T03:46:43","modified_gmt":"2026-04-15T00:46:43","slug":"merhamet-8","status":"publish","type":"product","link":"https:\/\/roveyayinevi.com.tr\/index.php\/urun\/merhamet-8\/","title":{"rendered":"Merhamet"},"content":{"rendered":"<p>Avu\u00e7 Avu\u00e7 \u00c7al\u0131nd\u0131 Merhametler G\u00f6n\u00fcller Ta\u015fla\u015ft\u0131 Gen\u00e7li\u011fi, kapitalist d\u00fcnyan\u0131n hedonist (zevkprestlik) ya\u015fam tarz\u0131ndan islam\u0131n \u00f6l\u00e7\u00fcl\u00fc ve huzurlu iklimine y\u00f6neltmeye \u00e7al\u0131\u015fan m\u00fccahidelerin ba\u015f\u0131nda gelen \u015fenliko\u011flu bu kitab\u0131ylada b\u00fcy\u00fck bir bo\u015flu\u011fu dolduruyor. Merhametin kalplerden c\u00fczdanlara g\u00f6\u00e7 eyledi\u011fi \u00e7a\u011f\u0131m\u0131zda, \u015eenliko\u011flu insan olman\u0131n en temel de\u011ferlerinden biri olan bu hasleti tekrar bu \u00e7a\u011f\u0131n kalbine \u00e7a\u011f\u0131r\u0131yor&#8230; Diyojen&#8217;in g\u00fcnd\u00fcz vakti elindeki kandille insan arad\u0131\u011f\u0131 gibi, \u015eenliko\u011flu da merhemetsiz \u00e7a\u011fda merhamet ar\u0131yor ve herkesin eline birer kandil uzat\u0131yor.<\/p>\n","protected":false},"excerpt":{"rendered":"<p>Avu\u00e7 Avu\u00e7 \u00c7al\u0131nd\u0131 Merhametler G\u00f6n\u00fcller Ta\u015fla\u015ft\u0131 Gen\u00e7li\u011fi, kapitalist d\u00fcnyan\u0131n hedonist (zevkprestlik) ya\u015fam tarz\u0131ndan islam\u0131n \u00f6l\u00e7\u00fcl\u00fc ve huzurlu iklimine y\u00f6neltmeye \u00e7al\u0131\u015fan m\u00fccahidelerin ba\u015f\u0131nda gelen \u015fenliko\u011flu bu kitab\u0131ylada<span class=\"excerpt-hellip\"> [\u2026]<\/span><\/p>\n","protected":false},"featured_media":0,"template":"","meta":{"_monsterinsights_skip_tracking":false,"_monsterinsights_sitenote_active":false,"_monsterinsights_sitenote_note":"","_monsterinsights_sitenote_category":0},"product_brand":[],"product_cat":[12291,12711],"product_tag":[],"class_list":{"0":"post-783756","1":"product","2":"type-product","3":"status-publish","5":"product_cat-edebiyat","6":"product_cat-roman-oyku","7":"pa_cilt-ciltsiz","8":"pa_tur-kitap","9":"pa_yayinevi-mektup-yayinlari","10":"pa_yazar-emine-senlikoglu","12":"first","13":"instock","14":"sale","15":"shipping-taxable","16":"purchasable","17":"product-type-simple"},"_links":{"self":[{"href":"https:\/\/roveyayinevi.com.tr\/index.php\/wp-json\/wp\/v2\/product\/783756","targetHints":{"allow":["GET"]}}],"collection":[{"href":"https:\/\/roveyayinevi.com.tr\/index.php\/wp-json\/wp\/v2\/product"}],"about":[{"href":"https:\/\/roveyayinevi.com.tr\/index.php\/wp-json\/wp\/v2\/types\/product"}],"wp:attachment":[{"href":"https:\/\/roveyayinevi.com.tr\/index.php\/wp-json\/wp\/v2\/media?parent=783756"}],"wp:term":[{"taxonomy":"product_brand","embeddable":true,"href":"https:\/\/roveyayinevi.com.tr\/index.php\/wp-json\/wp\/v2\/product_brand?post=783756"},{"taxonomy":"product_cat","embeddable":true,"href":"https:\/\/roveyayinevi.com.tr\/index.php\/wp-json\/wp\/v2\/product_cat?post=783756"},{"taxonomy":"product_tag","embeddable":true,"href":"https:\/\/roveyayinevi.com.tr\/index.php\/wp-json\/wp\/v2\/product_tag?post=783756"}],"curies":[{"name":"wp","href":"https:\/\/api.w.org\/{rel}","templated":true}]}}