{"id":783755,"date":"2026-02-26T23:39:15","date_gmt":"2026-02-26T20:39:15","guid":{"rendered":"https:\/\/roveyayinevi.com.tr\/index.php\/urun\/cin-iskencesi\/"},"modified":"2026-04-03T03:38:42","modified_gmt":"2026-04-03T00:38:42","slug":"cin-iskencesi","status":"publish","type":"product","link":"https:\/\/roveyayinevi.com.tr\/index.php\/urun\/cin-iskencesi\/","title":{"rendered":"\u00c7in \u0130\u015fkencesi"},"content":{"rendered":"<p>Sevdi\u011fim k\u0131z Aybalam bana el de\u011fil parmaklar\u0131n\u0131 sall\u0131yordu. Kimse g\u00f6rmesin diye elini kald\u0131ram\u0131yordu ama ben anl\u0131yordumAnnemin &#8220;kurtar Beni Kaan!&#8221; diyen sesi hala kulaklar\u0131mdaBir alk\u0131\u015fl\u0131k h\u00fcrriyet l\u00fctfen !Milletin i\u00e7inde sevdi\u011fim k\u0131z y\u00fcz\u00fcme t\u00fck\u00fcr\u00fcnce d\u00fcnyam karard\u0131.Vayy kom\u00fcnizm vayy! Demek sen&#8230;<\/p>\n","protected":false},"excerpt":{"rendered":"<p>Sevdi\u011fim k\u0131z Aybalam bana el de\u011fil parmaklar\u0131n\u0131 sall\u0131yordu. Kimse g\u00f6rmesin diye elini kald\u0131ram\u0131yordu ama ben anl\u0131yordumAnnemin &#8220;kurtar Beni Kaan!&#8221; diyen sesi hala kulaklar\u0131mdaBir alk\u0131\u015fl\u0131k h\u00fcrriyet l\u00fctfen<span class=\"excerpt-hellip\"> [\u2026]<\/span><\/p>\n","protected":false},"featured_media":0,"template":"","meta":{"_monsterinsights_skip_tracking":false,"_monsterinsights_sitenote_active":false,"_monsterinsights_sitenote_note":"","_monsterinsights_sitenote_category":0},"product_brand":[],"product_cat":[12291,12711],"product_tag":[],"class_list":{"0":"post-783755","1":"product","2":"type-product","3":"status-publish","5":"product_cat-edebiyat","6":"product_cat-roman-oyku","7":"pa_cilt-ciltsiz","8":"pa_tur-kitap","9":"pa_yayinevi-mektup-yayinlari","10":"pa_yazar-emine-senlikoglu","12":"first","13":"instock","14":"sale","15":"shipping-taxable","16":"purchasable","17":"product-type-simple"},"_links":{"self":[{"href":"https:\/\/roveyayinevi.com.tr\/index.php\/wp-json\/wp\/v2\/product\/783755","targetHints":{"allow":["GET"]}}],"collection":[{"href":"https:\/\/roveyayinevi.com.tr\/index.php\/wp-json\/wp\/v2\/product"}],"about":[{"href":"https:\/\/roveyayinevi.com.tr\/index.php\/wp-json\/wp\/v2\/types\/product"}],"wp:attachment":[{"href":"https:\/\/roveyayinevi.com.tr\/index.php\/wp-json\/wp\/v2\/media?parent=783755"}],"wp:term":[{"taxonomy":"product_brand","embeddable":true,"href":"https:\/\/roveyayinevi.com.tr\/index.php\/wp-json\/wp\/v2\/product_brand?post=783755"},{"taxonomy":"product_cat","embeddable":true,"href":"https:\/\/roveyayinevi.com.tr\/index.php\/wp-json\/wp\/v2\/product_cat?post=783755"},{"taxonomy":"product_tag","embeddable":true,"href":"https:\/\/roveyayinevi.com.tr\/index.php\/wp-json\/wp\/v2\/product_tag?post=783755"}],"curies":[{"name":"wp","href":"https:\/\/api.w.org\/{rel}","templated":true}]}}