{"id":783752,"date":"2026-02-26T23:39:06","date_gmt":"2026-02-26T20:39:06","guid":{"rendered":"https:\/\/roveyayinevi.com.tr\/index.php\/urun\/kissalar-ne-soyler-yaratilis-ve-hz-adem\/"},"modified":"2026-04-15T03:46:42","modified_gmt":"2026-04-15T00:46:42","slug":"kissalar-ne-soyler-yaratilis-ve-hz-adem","status":"publish","type":"product","link":"https:\/\/roveyayinevi.com.tr\/index.php\/urun\/kissalar-ne-soyler-yaratilis-ve-hz-adem\/","title":{"rendered":"K\u0131ssalar Ne S\u00f6yler Yarat\u0131l\u0131\u015f Ve Hz.adem"},"content":{"rendered":"<p>Kur&#8217;an&#8217;da ni\u00e7in bu kadar fazla k\u0131ssa var ve bu k\u0131ssalar\u0131n bizlere vermek istedi\u011fi mesaj nedir? Bir prensipler b\u00fct\u00fcn\u00fc halinde hayat\u0131 dizayn etme iddias\u0131yla g\u00f6nderilmi\u015f bir kitab\u0131n yar\u0131dan fazlas\u0131 neden ge\u00e7mi\u015f milletlerin hayat kesitlerini bize sunar? Kur&#8217;an&#8217;\u0131 Kerim i\u00e7erisinde pek \u00e7ok k\u0131ssan\u0131n, hayat kesitinin anlat\u0131ld\u0131\u011f\u0131 bir hayat kitab\u0131d\u0131r. Bu k\u0131ssalarda ge\u00e7en bilgiler tarihsel ve y\u00f6resel motifler i\u00e7ermekte, ayr\u0131ca evrensel bir mesaj ta\u015f\u0131maktad\u0131r. Bu anlamda bizler Kur&#8217;an k\u0131ssalar\u0131n\u0131n bug\u00fcne ne s\u00f6ylemek istedi\u011fini anlamal\u0131; Hz. Adem&#8217;in yakla\u015fmamas\u0131 i\u00e7in uyar\u0131ld\u0131\u011f\u0131 a\u011fac\u0131n, Hz. \u0130brahim&#8217;in at\u0131lmak istendi\u011fi ate\u015fin, Hz. Nuh&#8217;un yapt\u0131\u011f\u0131 geminin, Hz. Musa&#8217;n\u0131n yard\u0131\u011f\u0131 denizin bug\u00fcn neyi temsil etti\u011fini de bilmek zorunlulu\u011funday\u0131z. Prof. Dr. Mehmet Okuyan&#8217;\u0131n kaleme ald\u0131\u011f\u0131 K\u0131ssalar Ne S\u00f6yler? Yarat\u0131l\u0131\u015f ve Hz. Adem eseri bu sorulara yan\u0131t aramakta ve Hz. Adem k\u0131ssas\u0131n\u0131 Kur&#8217;an&#8217;da ge\u00e7ti\u011fi ayet pasajlar\u0131 ile a\u00e7\u0131klamaya \u00e7al\u0131\u015fmaktad\u0131r.<\/p>\n","protected":false},"excerpt":{"rendered":"<p>Kur&#8217;an&#8217;da ni\u00e7in bu kadar fazla k\u0131ssa var ve bu k\u0131ssalar\u0131n bizlere vermek istedi\u011fi mesaj nedir? Bir prensipler b\u00fct\u00fcn\u00fc halinde hayat\u0131 dizayn etme iddias\u0131yla g\u00f6nderilmi\u015f bir kitab\u0131n<span class=\"excerpt-hellip\"> [\u2026]<\/span><\/p>\n","protected":false},"featured_media":0,"template":"","meta":{"_monsterinsights_skip_tracking":false,"_monsterinsights_sitenote_active":false,"_monsterinsights_sitenote_note":"","_monsterinsights_sitenote_category":0},"product_brand":[],"product_cat":[12718,12719,45552],"product_tag":[],"class_list":{"0":"post-783752","1":"product","2":"type-product","3":"status-publish","5":"product_cat-din","6":"product_cat-islam","7":"product_cat-meal-tefsir-hadis","8":"pa_cilt-ciltsiz","9":"pa_tur-kitap","10":"pa_yayinevi-dusun-yayincilik","11":"pa_yazar-mehmet-okuyan","13":"first","14":"instock","15":"sale","16":"shipping-taxable","17":"purchasable","18":"product-type-simple"},"_links":{"self":[{"href":"https:\/\/roveyayinevi.com.tr\/index.php\/wp-json\/wp\/v2\/product\/783752","targetHints":{"allow":["GET"]}}],"collection":[{"href":"https:\/\/roveyayinevi.com.tr\/index.php\/wp-json\/wp\/v2\/product"}],"about":[{"href":"https:\/\/roveyayinevi.com.tr\/index.php\/wp-json\/wp\/v2\/types\/product"}],"wp:attachment":[{"href":"https:\/\/roveyayinevi.com.tr\/index.php\/wp-json\/wp\/v2\/media?parent=783752"}],"wp:term":[{"taxonomy":"product_brand","embeddable":true,"href":"https:\/\/roveyayinevi.com.tr\/index.php\/wp-json\/wp\/v2\/product_brand?post=783752"},{"taxonomy":"product_cat","embeddable":true,"href":"https:\/\/roveyayinevi.com.tr\/index.php\/wp-json\/wp\/v2\/product_cat?post=783752"},{"taxonomy":"product_tag","embeddable":true,"href":"https:\/\/roveyayinevi.com.tr\/index.php\/wp-json\/wp\/v2\/product_tag?post=783752"}],"curies":[{"name":"wp","href":"https:\/\/api.w.org\/{rel}","templated":true}]}}