{"id":783751,"date":"2026-02-26T23:39:04","date_gmt":"2026-02-26T20:39:04","guid":{"rendered":"https:\/\/roveyayinevi.com.tr\/index.php\/urun\/kisa-surelerin-tefsiri-2-cilt-takim\/"},"modified":"2026-04-15T03:46:42","modified_gmt":"2026-04-15T00:46:42","slug":"kisa-surelerin-tefsiri-2-cilt-takim","status":"publish","type":"product","link":"https:\/\/roveyayinevi.com.tr\/index.php\/urun\/kisa-surelerin-tefsiri-2-cilt-takim\/","title":{"rendered":"K\u0131sa Surelerin Tefsiri (2 Cilt Tak\u0131m)"},"content":{"rendered":"<p>Kuran, s\u00f6zlerin g\u00fczelidir; \u00e7\u00fcnk\u00fc Ger\u00e7ek G\u00fczelin s\u00f6z\u00fcd\u00fcr. Ger\u00e7ek G\u00fczeli sevenler, Onun s\u00f6z\u00fcne itibar etmelidirler. M\u00fcsl\u00fcmanlar\u0131n \u00f6nemli bir b\u00f6l\u00fcm\u00fc en g\u00fczel s\u00f6z\u00fc takip etmek yerine, takip ettikleri s\u00f6zleri g\u00fczelle\u015ftirmeye \u00e7al\u0131\u015f\u0131yorlar. Ba\u015fkas\u0131na ait s\u00f6zler ne kadar \u00e7al\u0131\u015f\u0131lsa da Ger\u00e7ek G\u00fczelinki kadar de\u011ferli olamazlar. Hz. Peygamber: Allah\u0131n kelam\u0131n\u0131n di\u011fer s\u00f6zlere olan \u00fcst\u00fcnl\u00fc\u011f\u00fc, Allah\u0131n yarat\u0131klara olan \u00fcst\u00fcnl\u00fc\u011f\u00fc gibidir buyurarak meseleyi ortaya koymaktad\u0131r.<\/p>\n","protected":false},"excerpt":{"rendered":"<p>Kuran, s\u00f6zlerin g\u00fczelidir; \u00e7\u00fcnk\u00fc Ger\u00e7ek G\u00fczelin s\u00f6z\u00fcd\u00fcr. Ger\u00e7ek G\u00fczeli sevenler, Onun s\u00f6z\u00fcne itibar etmelidirler. M\u00fcsl\u00fcmanlar\u0131n \u00f6nemli bir b\u00f6l\u00fcm\u00fc en g\u00fczel s\u00f6z\u00fc takip etmek yerine, takip ettikleri<span class=\"excerpt-hellip\"> [\u2026]<\/span><\/p>\n","protected":false},"featured_media":0,"template":"","meta":{"_monsterinsights_skip_tracking":false,"_monsterinsights_sitenote_active":false,"_monsterinsights_sitenote_note":"","_monsterinsights_sitenote_category":0},"product_brand":[],"product_cat":[12718,12719,45552],"product_tag":[],"class_list":{"0":"post-783751","1":"product","2":"type-product","3":"status-publish","5":"product_cat-din","6":"product_cat-islam","7":"product_cat-meal-tefsir-hadis","8":"pa_cilt-ciltsiz","9":"pa_tur-kitap","10":"pa_yayinevi-dusun-yayincilik","11":"pa_yazar-mehmet-okuyan","13":"first","14":"instock","15":"sale","16":"shipping-taxable","17":"purchasable","18":"product-type-simple"},"_links":{"self":[{"href":"https:\/\/roveyayinevi.com.tr\/index.php\/wp-json\/wp\/v2\/product\/783751","targetHints":{"allow":["GET"]}}],"collection":[{"href":"https:\/\/roveyayinevi.com.tr\/index.php\/wp-json\/wp\/v2\/product"}],"about":[{"href":"https:\/\/roveyayinevi.com.tr\/index.php\/wp-json\/wp\/v2\/types\/product"}],"wp:attachment":[{"href":"https:\/\/roveyayinevi.com.tr\/index.php\/wp-json\/wp\/v2\/media?parent=783751"}],"wp:term":[{"taxonomy":"product_brand","embeddable":true,"href":"https:\/\/roveyayinevi.com.tr\/index.php\/wp-json\/wp\/v2\/product_brand?post=783751"},{"taxonomy":"product_cat","embeddable":true,"href":"https:\/\/roveyayinevi.com.tr\/index.php\/wp-json\/wp\/v2\/product_cat?post=783751"},{"taxonomy":"product_tag","embeddable":true,"href":"https:\/\/roveyayinevi.com.tr\/index.php\/wp-json\/wp\/v2\/product_tag?post=783751"}],"curies":[{"name":"wp","href":"https:\/\/api.w.org\/{rel}","templated":true}]}}