{"id":783750,"date":"2026-02-26T23:39:01","date_gmt":"2026-02-26T20:39:01","guid":{"rendered":"https:\/\/roveyayinevi.com.tr\/index.php\/urun\/yeni-bir-anlayisin-isiginda-kuran-i-kerim-meali\/"},"modified":"2026-04-02T03:45:24","modified_gmt":"2026-04-02T00:45:24","slug":"yeni-bir-anlayisin-isiginda-kuran-i-kerim-meali","status":"publish","type":"product","link":"https:\/\/roveyayinevi.com.tr\/index.php\/urun\/yeni-bir-anlayisin-isiginda-kuran-i-kerim-meali\/","title":{"rendered":"Yeni Bir Anlay\u0131\u015f\u0131n I\u015f\u0131\u011f\u0131nda Kur&#8217;an-\u0131 Kerim Meali"},"content":{"rendered":"<p>Kur&#8217;\u00e2n&#8217;\u0131Arap\u00e7as\u0131ndanokudu\u011fumuzkadarmealinden de okuyupanlamaya\u00e7al\u0131\u015fmal\u0131y\u0131z. Hatim, Arap\u00e7as\u0131ndanyap\u0131ld\u0131\u011f\u0131gibimealinden de yap\u0131l\u0131r. \u00dcstelikKur&#8217;\u00e2n&#8217;\u0131anlayarakokumakdahasevapt\u0131r.\u00c7\u00fcnk\u00fcKur&#8217;\u00e2n, anla\u015f\u0131lmaki\u00e7ing\u00f6nderilmi\u015ftir.Bu mealde, konularveyaterimleruzunuzad\u0131yaizahedilmemi\u015f, \u00e7okzorunluolmad\u0131\u011f\u0131s\u00fcreceparantez de kullan\u0131lmam\u0131\u015ft\u0131r. A\u00e7\u0131klanmas\u0131n\u0131istedi\u011fimizveyaokuyucununihtiya\u00e7duydu\u011funud\u00fc\u015f\u00fcnd\u00fc\u011f\u00fcm\u00fczmeseleler, daha\u00f6nce 21 cilthalindeyay\u0131nlad\u0131\u011f\u0131m\u0131zYeniBirAnlay\u0131\u015f\u0131nI\u015f\u0131\u011f\u0131nda KUR&#8217;\u00c2N TEFS\u00ceR\u0130 adl\u0131eserimizdentakipedilsindiyedipnotlarlayerbelirlemesiyap\u0131lm\u0131\u015fvetefsirimizem\u00fcracaatedilmesiistenmi\u015ftir<\/p>\n","protected":false},"excerpt":{"rendered":"<p>Kur&#8217;\u00e2n&#8217;\u0131Arap\u00e7as\u0131ndanokudu\u011fumuzkadarmealinden de okuyupanlamaya\u00e7al\u0131\u015fmal\u0131y\u0131z. Hatim, Arap\u00e7as\u0131ndanyap\u0131ld\u0131\u011f\u0131gibimealinden de yap\u0131l\u0131r. \u00dcstelikKur&#8217;\u00e2n&#8217;\u0131anlayarakokumakdahasevapt\u0131r.\u00c7\u00fcnk\u00fcKur&#8217;\u00e2n, anla\u015f\u0131lmaki\u00e7ing\u00f6nderilmi\u015ftir.Bu mealde, konularveyaterimleruzunuzad\u0131yaizahedilmemi\u015f, \u00e7okzorunluolmad\u0131\u011f\u0131s\u00fcreceparantez de kullan\u0131lmam\u0131\u015ft\u0131r. A\u00e7\u0131klanmas\u0131n\u0131istedi\u011fimizveyaokuyucununihtiya\u00e7duydu\u011funud\u00fc\u015f\u00fcnd\u00fc\u011f\u00fcm\u00fczmeseleler, daha\u00f6nce 21 cilthalindeyay\u0131nlad\u0131\u011f\u0131m\u0131zYeniBirAnlay\u0131\u015f\u0131nI\u015f\u0131\u011f\u0131nda KUR&#8217;\u00c2N TEFS\u00ceR\u0130 adl\u0131eserimizdentakipedilsindiyedipnotlarlayerbelirlemesiyap\u0131lm\u0131\u015fvetefsirimizem\u00fcracaatedilmesiistenmi\u015ftir<\/p>\n","protected":false},"featured_media":0,"template":"","meta":{"_monsterinsights_skip_tracking":false,"_monsterinsights_sitenote_active":false,"_monsterinsights_sitenote_note":"","_monsterinsights_sitenote_category":0},"product_brand":[],"product_cat":[12718,12719,45552],"product_tag":[],"class_list":{"0":"post-783750","1":"product","2":"type-product","3":"status-publish","5":"product_cat-din","6":"product_cat-islam","7":"product_cat-meal-tefsir-hadis","8":"pa_cilt-ciltsiz","9":"pa_tur-kitap","10":"pa_yayinevi-dusun-yayincilik","11":"pa_yazar-bayraktar-bayrakli","13":"first","14":"instock","15":"sale","16":"shipping-taxable","17":"purchasable","18":"product-type-simple"},"_links":{"self":[{"href":"https:\/\/roveyayinevi.com.tr\/index.php\/wp-json\/wp\/v2\/product\/783750","targetHints":{"allow":["GET"]}}],"collection":[{"href":"https:\/\/roveyayinevi.com.tr\/index.php\/wp-json\/wp\/v2\/product"}],"about":[{"href":"https:\/\/roveyayinevi.com.tr\/index.php\/wp-json\/wp\/v2\/types\/product"}],"wp:attachment":[{"href":"https:\/\/roveyayinevi.com.tr\/index.php\/wp-json\/wp\/v2\/media?parent=783750"}],"wp:term":[{"taxonomy":"product_brand","embeddable":true,"href":"https:\/\/roveyayinevi.com.tr\/index.php\/wp-json\/wp\/v2\/product_brand?post=783750"},{"taxonomy":"product_cat","embeddable":true,"href":"https:\/\/roveyayinevi.com.tr\/index.php\/wp-json\/wp\/v2\/product_cat?post=783750"},{"taxonomy":"product_tag","embeddable":true,"href":"https:\/\/roveyayinevi.com.tr\/index.php\/wp-json\/wp\/v2\/product_tag?post=783750"}],"curies":[{"name":"wp","href":"https:\/\/api.w.org\/{rel}","templated":true}]}}