{"id":783746,"date":"2026-02-26T23:38:51","date_gmt":"2026-02-26T20:38:51","guid":{"rendered":"https:\/\/roveyayinevi.com.tr\/index.php\/urun\/tevbe-ahlakimutluluga-ve-cennete-acilan-kapi\/"},"modified":"2026-04-15T03:46:42","modified_gmt":"2026-04-15T00:46:42","slug":"tevbe-ahlakimutluluga-ve-cennete-acilan-kapi","status":"publish","type":"product","link":"https:\/\/roveyayinevi.com.tr\/index.php\/urun\/tevbe-ahlakimutluluga-ve-cennete-acilan-kapi\/","title":{"rendered":"Tevbe Ahlak\u0131;Mutlulu\u011fa Ve Cennete A\u00e7\u0131lan Kap\u0131"},"content":{"rendered":"<p>Tevbe; hatalar\u0131n bilincine vararak onlarla y\u00fczle\u015fmenin, sorumluluk-lar\u0131 \u00fcstlenip nefisle hesapla\u015fman\u0131n, kalbi g\u00fcnahlardan ar\u0131nd\u0131rarak ruhu huzura kavu\u015fturman\u0131n ad\u0131d\u0131r.Tevbe; g\u00fcnahla kararan ge\u00e7mi\u015fi g\u00f6zya\u015f\u0131 p\u0131nar\u0131yla y\u0131kamak, canan ile araya giren gaflet perdelerini hasret \u00e2h\u0131 ile yak\u0131p k\u00fcl etmektir.Tevbe; hasretle yanan kalpte a\u00e7\u0131lan rahmet penceresi, \u00fcmit bah\u00e7esinde a\u00e7an nadide g\u00fcld\u00fcr.Tevbe kalpte ba\u015flar, ak\u0131lda yo\u011funla\u015f\u0131r, lisan ve fiilde v\u00fccut bulur. Ki\u015fiye hayat\u0131na bembeyaz bir sayfa a\u00e7ma imk\u00e2n\u0131 vererek onu rahmetle bulu\u015fturur.G\u00fcnahta \u0131srar d\u00fc\u011f\u00fcm\u00fcn\u00fc \u00e7\u00f6zerek huzura ula\u015ft\u0131r\u0131r.Tevbeyi konu alan bu \u00e7al\u0131\u015fma, sa\u00e2det kap\u0131s\u0131n\u0131 aralama gayreti i\u00e7inde olanlara destek olmay\u0131 hedefler.Eserde Tevbe, Tevbe ahlak\u0131 ve adab\u0131; Ash\u00e2b-\u0131 Kir\u00e2m&#8217;\u0131n hayat\u0131ndan \u00f6rneklerle ak\u0131c\u0131 bir \u00fcslupla anlat\u0131l\u0131r.Tevbe \u00e7e\u015fitleri, Tevbe ederken dikkat edilmesi gereken hususlar, tevbeye y\u00f6nelme ve onu devaml\u0131 klima yollar\u0131, tevbenin \u00f6n\u00fcndeki engeller ve tevbenin kazand\u0131rd\u0131klar\u0131 ele al\u0131n\u0131r.<\/p>\n","protected":false},"excerpt":{"rendered":"<p>Tevbe; hatalar\u0131n bilincine vararak onlarla y\u00fczle\u015fmenin, sorumluluk-lar\u0131 \u00fcstlenip nefisle hesapla\u015fman\u0131n, kalbi g\u00fcnahlardan ar\u0131nd\u0131rarak ruhu huzura kavu\u015fturman\u0131n ad\u0131d\u0131r.Tevbe; g\u00fcnahla kararan ge\u00e7mi\u015fi g\u00f6zya\u015f\u0131 p\u0131nar\u0131yla y\u0131kamak, canan ile araya<span class=\"excerpt-hellip\"> [\u2026]<\/span><\/p>\n","protected":false},"featured_media":0,"template":"","meta":{"_monsterinsights_skip_tracking":false,"_monsterinsights_sitenote_active":false,"_monsterinsights_sitenote_note":"","_monsterinsights_sitenote_category":0},"product_brand":[],"product_cat":[16789,12718,12719],"product_tag":[],"class_list":{"0":"post-783746","1":"product","2":"type-product","3":"status-publish","5":"product_cat-diger-islam","6":"product_cat-din","7":"product_cat-islam","8":"pa_cilt-ciltsiz","9":"pa_tur-kitap","10":"pa_yayinevi-siyer-yayinlari","11":"pa_yazar-abdullah-kara","12":"pa_yazar-hilal-kara","14":"first","15":"instock","16":"sale","17":"shipping-taxable","18":"purchasable","19":"product-type-simple"},"_links":{"self":[{"href":"https:\/\/roveyayinevi.com.tr\/index.php\/wp-json\/wp\/v2\/product\/783746","targetHints":{"allow":["GET"]}}],"collection":[{"href":"https:\/\/roveyayinevi.com.tr\/index.php\/wp-json\/wp\/v2\/product"}],"about":[{"href":"https:\/\/roveyayinevi.com.tr\/index.php\/wp-json\/wp\/v2\/types\/product"}],"wp:attachment":[{"href":"https:\/\/roveyayinevi.com.tr\/index.php\/wp-json\/wp\/v2\/media?parent=783746"}],"wp:term":[{"taxonomy":"product_brand","embeddable":true,"href":"https:\/\/roveyayinevi.com.tr\/index.php\/wp-json\/wp\/v2\/product_brand?post=783746"},{"taxonomy":"product_cat","embeddable":true,"href":"https:\/\/roveyayinevi.com.tr\/index.php\/wp-json\/wp\/v2\/product_cat?post=783746"},{"taxonomy":"product_tag","embeddable":true,"href":"https:\/\/roveyayinevi.com.tr\/index.php\/wp-json\/wp\/v2\/product_tag?post=783746"}],"curies":[{"name":"wp","href":"https:\/\/api.w.org\/{rel}","templated":true}]}}