{"id":783745,"date":"2026-02-26T23:38:48","date_gmt":"2026-02-26T20:38:48","guid":{"rendered":"https:\/\/roveyayinevi.com.tr\/index.php\/urun\/ilahi-hitabin-tefsiri\/"},"modified":"2026-04-15T03:46:42","modified_gmt":"2026-04-15T00:46:42","slug":"ilahi-hitabin-tefsiri","status":"publish","type":"product","link":"https:\/\/roveyayinevi.com.tr\/index.php\/urun\/ilahi-hitabin-tefsiri\/","title":{"rendered":"\u0130l\u00e2h\u00ee Hit\u00e2b\u0131n Tefsiri"},"content":{"rendered":"<p>Kur\u2019an-\u0131 Ker\u00eem\u2019in tefsir ve te\u2019viline dair bu \u00e7al\u0131\u015fmama ba\u015flarken End\u00fcl\u00fcsl\u00fc m\u00fcfessir Eb\u00fb Abdillah el-Kurtub\u00ee\u2019nin (\u00f6. 671\/1273) el-C\u00e2mi\u2019 li Ahk\u00e2mi\u2019l-Kur\u2019\u00e2n adl\u0131 tefsirinin mukaddimesindeki \u015fu niyaz\u0131 payla\u015fmak istiyorum: \u201cAllah Te\u00e2l\u00e2 kendi hitab\u0131na\/kel\u00e2m\u0131na bihakk\u0131n ihtimam g\u00f6sterip bu il\u00e2h\u00ee hitab\u0131\/kelam\u0131 hakk\u0131yla tefekk\u00fcr eden, onun hak ve hakikatine tam manas\u0131yla sadakat g\u00f6sterip gereklerini yerine getiren ve ondan ba\u015fka bir rehber aray\u0131\u015f\u0131na girmeyen kimselerden k\u0131ls\u0131n bizi\u2026\u201d<\/p>\n","protected":false},"excerpt":{"rendered":"<p>Kur\u2019an-\u0131 Ker\u00eem\u2019in tefsir ve te\u2019viline dair bu \u00e7al\u0131\u015fmama ba\u015flarken End\u00fcl\u00fcsl\u00fc m\u00fcfessir Eb\u00fb Abdillah el-Kurtub\u00ee\u2019nin (\u00f6. 671\/1273) el-C\u00e2mi\u2019 li Ahk\u00e2mi\u2019l-Kur\u2019\u00e2n adl\u0131 tefsirinin mukaddimesindeki \u015fu niyaz\u0131 payla\u015fmak istiyorum:<span class=\"excerpt-hellip\"> [\u2026]<\/span><\/p>\n","protected":false},"featured_media":0,"template":"","meta":{"_monsterinsights_skip_tracking":false,"_monsterinsights_sitenote_active":false,"_monsterinsights_sitenote_note":"","_monsterinsights_sitenote_category":0},"product_brand":[],"product_cat":[12718,12719,45552],"product_tag":[],"class_list":{"0":"post-783745","1":"product","2":"type-product","3":"status-publish","5":"product_cat-din","6":"product_cat-islam","7":"product_cat-meal-tefsir-hadis","8":"pa_cilt-ciltsiz","9":"pa_tur-kitap","10":"pa_yayinevi-ankara-okulu-yayinlari","11":"pa_yazar-mustafa-ozturk","13":"first","14":"instock","15":"sale","16":"shipping-taxable","17":"purchasable","18":"product-type-simple"},"_links":{"self":[{"href":"https:\/\/roveyayinevi.com.tr\/index.php\/wp-json\/wp\/v2\/product\/783745","targetHints":{"allow":["GET"]}}],"collection":[{"href":"https:\/\/roveyayinevi.com.tr\/index.php\/wp-json\/wp\/v2\/product"}],"about":[{"href":"https:\/\/roveyayinevi.com.tr\/index.php\/wp-json\/wp\/v2\/types\/product"}],"wp:attachment":[{"href":"https:\/\/roveyayinevi.com.tr\/index.php\/wp-json\/wp\/v2\/media?parent=783745"}],"wp:term":[{"taxonomy":"product_brand","embeddable":true,"href":"https:\/\/roveyayinevi.com.tr\/index.php\/wp-json\/wp\/v2\/product_brand?post=783745"},{"taxonomy":"product_cat","embeddable":true,"href":"https:\/\/roveyayinevi.com.tr\/index.php\/wp-json\/wp\/v2\/product_cat?post=783745"},{"taxonomy":"product_tag","embeddable":true,"href":"https:\/\/roveyayinevi.com.tr\/index.php\/wp-json\/wp\/v2\/product_tag?post=783745"}],"curies":[{"name":"wp","href":"https:\/\/api.w.org\/{rel}","templated":true}]}}