{"id":783743,"date":"2026-02-26T23:38:43","date_gmt":"2026-02-26T20:38:43","guid":{"rendered":"https:\/\/roveyayinevi.com.tr\/index.php\/urun\/mekke-yillari-1-vahyin-golgesinde-siyer\/"},"modified":"2026-04-15T03:46:42","modified_gmt":"2026-04-15T00:46:42","slug":"mekke-yillari-1-vahyin-golgesinde-siyer","status":"publish","type":"product","link":"https:\/\/roveyayinevi.com.tr\/index.php\/urun\/mekke-yillari-1-vahyin-golgesinde-siyer\/","title":{"rendered":"Mekke Y\u0131llar\u0131 1 &#8211; Vahyin G\u00f6lgesinde Siyer"},"content":{"rendered":"<p>Rivayetlere mesafeli duran g\u00f6r\u00fc\u015f, sadece vahyin verileri ile ed-Din&#8217;in mesaj\u0131n\u0131n veya Resul\u00fcllah&#8217;\u0131n \u00f6\u011fretisinin anla\u015f\u0131labilece\u011fini savunurken, rivayetleri \u00f6nceleyen -hatta kutsayan- geleneksel anlay\u0131\u015f ise tam aksine vahyin verilerini adeta g\u00f6rmezden gelerek siyer alg\u0131s\u0131n\u0131 b\u00fct\u00fcn\u00fcyle rivayetlerden m\u00fcte\u015fekkil bir peygamber telakkisine sabitlemi\u015ftir. Hi\u00e7 ku\u015fku yok ki, bu telakki daha b\u00fcy\u00fck problemleri beraberinde getirmi\u015ftir. K\u0131saca her iki yakla\u015f\u0131m da ciddi \u00f6l\u00e7\u00fcde problemli ve bize g\u00f6re eksiktir. Aksine sa\u011fl\u0131kl\u0131 bir siyer in\u015fas\u0131 i\u00e7in ikisi de gerekli ve elzemdir. \u00d6nemli olan m\u00fcellifin vahiy ve rivayetler aras\u0131ndaki ayr\u0131m\u0131 yapabilmesidir.Bug\u00fcn var olan siyer eserlerinin tamam\u0131na yak\u0131n\u0131 rivayet merkezli bir bak\u0131\u015f a\u00e7\u0131s\u0131yla yaz\u0131ld\u0131\u011f\u0131 i\u00e7in bir\u00e7ok y\u00f6nden marazi unsur i\u00e7erir. Nitekim Resul\u00fcllah&#8217;\u0131n s\u00eereti veya n\u00fcb\u00fcvveti hakk\u0131nda problemli veya vahiyden kopuk telakkilerin olu\u015fmas\u0131n\u0131n arkas\u0131nda rivayetlerden m\u00fcte\u015fekkil siyer yaz\u0131m\u0131n\u0131n\/anlat\u0131m\u0131n\u0131n olduk\u00e7a ciddi etkisi vard\u0131r. Elinizdeki \u00e7al\u0131\u015fma vahyin mutlak ba\u011flay\u0131c\u0131l\u0131\u011f\u0131 \u00e7er\u00e7evesinde kaleme al\u0131nd\u0131\u011f\u0131 i\u00e7in bir\u00e7ok noktada geleneksel kabullerden ayr\u0131lmaktad\u0131r.<\/p>\n","protected":false},"excerpt":{"rendered":"<p>Rivayetlere mesafeli duran g\u00f6r\u00fc\u015f, sadece vahyin verileri ile ed-Din&#8217;in mesaj\u0131n\u0131n veya Resul\u00fcllah&#8217;\u0131n \u00f6\u011fretisinin anla\u015f\u0131labilece\u011fini savunurken, rivayetleri \u00f6nceleyen -hatta kutsayan- geleneksel anlay\u0131\u015f ise tam aksine vahyin verilerini<span class=\"excerpt-hellip\"> [\u2026]<\/span><\/p>\n","protected":false},"featured_media":0,"template":"","meta":{"_monsterinsights_skip_tracking":false,"_monsterinsights_sitenote_active":false,"_monsterinsights_sitenote_note":"","_monsterinsights_sitenote_category":0},"product_brand":[],"product_cat":[16789,12718,12719],"product_tag":[],"class_list":{"0":"post-783743","1":"product","2":"type-product","3":"status-publish","5":"product_cat-diger-islam","6":"product_cat-din","7":"product_cat-islam","8":"pa_cilt-ciltsiz","9":"pa_tur-kitap","10":"pa_yayinevi-ankara-okulu-yayinlari","11":"pa_yazar-israfil-balci","13":"first","14":"instock","15":"sale","16":"shipping-taxable","17":"purchasable","18":"product-type-simple"},"_links":{"self":[{"href":"https:\/\/roveyayinevi.com.tr\/index.php\/wp-json\/wp\/v2\/product\/783743","targetHints":{"allow":["GET"]}}],"collection":[{"href":"https:\/\/roveyayinevi.com.tr\/index.php\/wp-json\/wp\/v2\/product"}],"about":[{"href":"https:\/\/roveyayinevi.com.tr\/index.php\/wp-json\/wp\/v2\/types\/product"}],"wp:attachment":[{"href":"https:\/\/roveyayinevi.com.tr\/index.php\/wp-json\/wp\/v2\/media?parent=783743"}],"wp:term":[{"taxonomy":"product_brand","embeddable":true,"href":"https:\/\/roveyayinevi.com.tr\/index.php\/wp-json\/wp\/v2\/product_brand?post=783743"},{"taxonomy":"product_cat","embeddable":true,"href":"https:\/\/roveyayinevi.com.tr\/index.php\/wp-json\/wp\/v2\/product_cat?post=783743"},{"taxonomy":"product_tag","embeddable":true,"href":"https:\/\/roveyayinevi.com.tr\/index.php\/wp-json\/wp\/v2\/product_tag?post=783743"}],"curies":[{"name":"wp","href":"https:\/\/api.w.org\/{rel}","templated":true}]}}