{"id":783742,"date":"2026-02-26T23:38:41","date_gmt":"2026-02-26T20:38:41","guid":{"rendered":"https:\/\/roveyayinevi.com.tr\/index.php\/urun\/kuran-ve-tarihsellik-uzerine-cerceve-yazilar-ornek-konular\/"},"modified":"2026-04-15T03:46:42","modified_gmt":"2026-04-15T00:46:42","slug":"kuran-ve-tarihsellik-uzerine-cerceve-yazilar-ornek-konular","status":"publish","type":"product","link":"https:\/\/roveyayinevi.com.tr\/index.php\/urun\/kuran-ve-tarihsellik-uzerine-cerceve-yazilar-ornek-konular\/","title":{"rendered":"Kur&#8217;an ve Tarihsellik \u00dczerine; \u00c7er\u00e7eve Yaz\u0131lar, \u00d6rnek Konular"},"content":{"rendered":"<p>Tarihselcilik, &#8220;Kur&#8217;an&#8217;\u0131n s\u00f6yledi\u011fi her \u015fey sadece n\u00fczul d\u00f6nemindeki muhataplar i\u00e7indir, demek de\u011fil, tam tersine o g\u00fcn m\u00fc\u015friklere hitap eden ayetlerin muhatab\u0131 bug\u00fcn pek\u00e2l\u00e2 m\u00fcminler olabilir&#8221; demeyi de gerektiren bir okuma, anlama ve yorumlama bi\u00e7imidir. G\u00fcn\u00fcm\u00fcz insan\u0131na hangi ayetin ne s\u00f6yledi\u011fi veya s\u00f6ylemedi\u011fi meselesine kafa yormak ve bu konuda sonu\u00e7 ortaya koymak hi\u00e7 \u015f\u00fcphesiz biz m\u00fcminlerin i\u015fidir. \u0130ki y\u00fcz elli, hadi bilemediniz azami nispette \u00fc\u00e7-y\u00fcz elli ahk\u00e2m ayetinin lafz\u00ee mana s\u0131n\u0131rlar\u0131 d\u00e2hilinde, miladi 632 y\u0131l\u0131ndan k\u0131yamet g\u00fcn\u00fcne kadar ortaya \u00e7\u0131kacak t\u00fcm i\u00e7tima\u00ee, hukuk\u00ee, iktisad\u00ee olaylar ve sorunlar\u0131n \u00e7\u00f6z\u00fclece\u011fini savlamak, Allah&#8217;\u0131n biz m\u00fcminlere bah\u015fetti\u011fi ak\u0131l nimetiyle alay etmek de\u011fildir de nedir?<\/p>\n","protected":false},"excerpt":{"rendered":"<p>Tarihselcilik, &#8220;Kur&#8217;an&#8217;\u0131n s\u00f6yledi\u011fi her \u015fey sadece n\u00fczul d\u00f6nemindeki muhataplar i\u00e7indir, demek de\u011fil, tam tersine o g\u00fcn m\u00fc\u015friklere hitap eden ayetlerin muhatab\u0131 bug\u00fcn pek\u00e2l\u00e2 m\u00fcminler olabilir&#8221; demeyi<span class=\"excerpt-hellip\"> [\u2026]<\/span><\/p>\n","protected":false},"featured_media":0,"template":"","meta":{"_monsterinsights_skip_tracking":false,"_monsterinsights_sitenote_active":false,"_monsterinsights_sitenote_note":"","_monsterinsights_sitenote_category":0},"product_brand":[],"product_cat":[16789,12718,12719],"product_tag":[],"class_list":{"0":"post-783742","1":"product","2":"type-product","3":"status-publish","5":"product_cat-diger-islam","6":"product_cat-din","7":"product_cat-islam","8":"pa_cilt-ciltsiz","9":"pa_tur-kitap","10":"pa_yayinevi-ankara-okulu-yayinlari","11":"pa_yazar-mustafa-ozturk","13":"first","14":"instock","15":"sale","16":"shipping-taxable","17":"purchasable","18":"product-type-simple"},"_links":{"self":[{"href":"https:\/\/roveyayinevi.com.tr\/index.php\/wp-json\/wp\/v2\/product\/783742","targetHints":{"allow":["GET"]}}],"collection":[{"href":"https:\/\/roveyayinevi.com.tr\/index.php\/wp-json\/wp\/v2\/product"}],"about":[{"href":"https:\/\/roveyayinevi.com.tr\/index.php\/wp-json\/wp\/v2\/types\/product"}],"wp:attachment":[{"href":"https:\/\/roveyayinevi.com.tr\/index.php\/wp-json\/wp\/v2\/media?parent=783742"}],"wp:term":[{"taxonomy":"product_brand","embeddable":true,"href":"https:\/\/roveyayinevi.com.tr\/index.php\/wp-json\/wp\/v2\/product_brand?post=783742"},{"taxonomy":"product_cat","embeddable":true,"href":"https:\/\/roveyayinevi.com.tr\/index.php\/wp-json\/wp\/v2\/product_cat?post=783742"},{"taxonomy":"product_tag","embeddable":true,"href":"https:\/\/roveyayinevi.com.tr\/index.php\/wp-json\/wp\/v2\/product_tag?post=783742"}],"curies":[{"name":"wp","href":"https:\/\/api.w.org\/{rel}","templated":true}]}}