{"id":783741,"date":"2026-02-26T23:38:38","date_gmt":"2026-02-26T20:38:38","guid":{"rendered":"https:\/\/roveyayinevi.com.tr\/index.php\/urun\/tefsir-usulu\/"},"modified":"2026-04-15T03:46:42","modified_gmt":"2026-04-15T00:46:42","slug":"tefsir-usulu","status":"publish","type":"product","link":"https:\/\/roveyayinevi.com.tr\/index.php\/urun\/tefsir-usulu\/","title":{"rendered":"Tefsir Us\u00fbl\u00fc"},"content":{"rendered":"<p>Bu kitab\u0131n konusu tefsir us\u00fbl\u00fcn\u00fcn ne oldu\u011funu anlatmakt\u0131r; hedefi ise anlama ve yorumlamaya esas olacak tefsir teorisini, metodolojiyi ortaya koymakt\u0131r. Bunu yaparken tefsir us\u00fbl\u00fcne yard\u0131mc\u0131 olmas\u0131 bak\u0131m\u0131ndan k\u0131saca Kur&#8217;an tarihi, tefsir us\u00fbl\u00fcn\u00fcn \u00f6nc\u00fcs\u00fc durumundaki ul\u00fbmu&#8217;l-Kur&#8217;\u00e2n ve di\u011fer \u00e7al\u0131\u015fmalara de\u011finilecek, bu s\u00fcre\u00e7te tefsir us\u00fbl\u00fcn\u00fcn nas\u0131l ortaya \u00e7\u0131kt\u0131\u011f\u0131 tespit edilmeye \u00e7al\u0131\u015f\u0131lacakt\u0131r. Bu bilgiler Kur&#8217;an&#8217;\u0131 anlamak ve tefsir etmek i\u00e7in vazge\u00e7ilmez de\u011fere sahiptir. Ondan sonra, anlama ve yorumlamada takip edilecek sisteme ge\u00e7ilir. Son olarak da Kur&#8217;an&#8217;\u0131 anlama ve yorumlaman\u0131n esaslar\u0131 diyebilece\u011fimiz sistem, metodoloji anlat\u0131lacakt\u0131r.<\/p>\n","protected":false},"excerpt":{"rendered":"<p>Bu kitab\u0131n konusu tefsir us\u00fbl\u00fcn\u00fcn ne oldu\u011funu anlatmakt\u0131r; hedefi ise anlama ve yorumlamaya esas olacak tefsir teorisini, metodolojiyi ortaya koymakt\u0131r. Bunu yaparken tefsir us\u00fbl\u00fcne yard\u0131mc\u0131 olmas\u0131<span class=\"excerpt-hellip\"> [\u2026]<\/span><\/p>\n","protected":false},"featured_media":0,"template":"","meta":{"_monsterinsights_skip_tracking":false,"_monsterinsights_sitenote_active":false,"_monsterinsights_sitenote_note":"","_monsterinsights_sitenote_category":0},"product_brand":[],"product_cat":[12718,12719,45552],"product_tag":[],"class_list":{"0":"post-783741","1":"product","2":"type-product","3":"status-publish","5":"product_cat-din","6":"product_cat-islam","7":"product_cat-meal-tefsir-hadis","8":"pa_cilt-ciltsiz","9":"pa_tur-kitap","10":"pa_yayinevi-ankara-okulu-yayinlari","11":"pa_yazar-ismail-caliskan","13":"first","14":"instock","15":"sale","16":"shipping-taxable","17":"purchasable","18":"product-type-simple"},"_links":{"self":[{"href":"https:\/\/roveyayinevi.com.tr\/index.php\/wp-json\/wp\/v2\/product\/783741","targetHints":{"allow":["GET"]}}],"collection":[{"href":"https:\/\/roveyayinevi.com.tr\/index.php\/wp-json\/wp\/v2\/product"}],"about":[{"href":"https:\/\/roveyayinevi.com.tr\/index.php\/wp-json\/wp\/v2\/types\/product"}],"wp:attachment":[{"href":"https:\/\/roveyayinevi.com.tr\/index.php\/wp-json\/wp\/v2\/media?parent=783741"}],"wp:term":[{"taxonomy":"product_brand","embeddable":true,"href":"https:\/\/roveyayinevi.com.tr\/index.php\/wp-json\/wp\/v2\/product_brand?post=783741"},{"taxonomy":"product_cat","embeddable":true,"href":"https:\/\/roveyayinevi.com.tr\/index.php\/wp-json\/wp\/v2\/product_cat?post=783741"},{"taxonomy":"product_tag","embeddable":true,"href":"https:\/\/roveyayinevi.com.tr\/index.php\/wp-json\/wp\/v2\/product_tag?post=783741"}],"curies":[{"name":"wp","href":"https:\/\/api.w.org\/{rel}","templated":true}]}}