{"id":783739,"date":"2026-02-26T23:38:34","date_gmt":"2026-02-26T20:38:34","guid":{"rendered":"https:\/\/roveyayinevi.com.tr\/index.php\/urun\/farkli-okumak-hasan-ve-muaviye\/"},"modified":"2026-04-15T03:46:42","modified_gmt":"2026-04-15T00:46:42","slug":"farkli-okumak-hasan-ve-muaviye","status":"publish","type":"product","link":"https:\/\/roveyayinevi.com.tr\/index.php\/urun\/farkli-okumak-hasan-ve-muaviye\/","title":{"rendered":"Farkl\u0131 Okumak &#8211; Hasan ve Muaviye"},"content":{"rendered":"<p>Hz. Hasan \u0130slam tarihinde polemiklerin konusu olan \u015fah\u0131slardan biridir. Bir y\u0131la varmayan k\u0131sa bir halifelik d\u00f6nemi ge\u00e7irmesine ra\u011fmen ya\u015fad\u0131\u011f\u0131 problemler ve verdi\u011fi kararlar sonraki y\u00fczy\u0131llara tesir etmi\u015ftir. \u015eia onu 12 \u0130mam&#8217;\u0131n ikincisi olarak Hz. Ali&#8217;den sonra zikrederken, S\u00fcnni d\u00fcnya ise V. Ra\u015fit halife olarak tan\u0131r.Muaviye ne tarihin en b\u00fcy\u00fck zalimidir ne de sahabi oldu\u011fu i\u00e7in dokunulmaz, yan\u0131lmaz biri olabilir. Onun yapt\u0131\u011f\u0131 zul\u00fcmler, hilekarl\u0131klar ve ya\u011fmalar tarihen sabittir. Ancak onu b\u00fct\u00fcn k\u00f6t\u00fcl\u00fcklerin merkezine oturtmak ne kadar yanl\u0131\u015f ise, tam tersine onun sahabi oldu\u011fu i\u00e7in yanl\u0131\u015f yapsa da kurtuldu\u011funu s\u00f6yleyebilmek, yapt\u0131\u011f\u0131 her eylemi onaylamak veya bir k\u0131l\u0131f bularak savunmak da do\u011fru de\u011fildir.Esasen tarih foto\u011fraf \u00e7ekmektir. Do\u011frusunu e\u011frisini d\u00fczeltmeye \u00e7al\u0131\u015f\u0131rsak tarihe tabir yerindeyse fotoshop veya rot\u00fc\u015f yapm\u0131\u015f oluruz. Bu durumda tarihi do\u011fru anlatm\u0131\u015f da olmay\u0131z ve sonu\u00e7ta bu \u015fekildeki bir tarihten ibret de al\u0131namaz. M\u00fcsl\u00fcmanlar\u0131n tarihini etkileyen ve y\u00f6nlendiren  bu d\u00f6nemi iyi anlamak gerekir. \u00c7\u00fcnk\u00fc bu d\u00f6nemden sonra M\u00fcsl\u00fcman kimli\u011fi yerine mezhebi kimlik geldi ve ger\u00e7ek tarihi tablo tahrif oldu.<\/p>\n","protected":false},"excerpt":{"rendered":"<p>Hz. Hasan \u0130slam tarihinde polemiklerin konusu olan \u015fah\u0131slardan biridir. Bir y\u0131la varmayan k\u0131sa bir halifelik d\u00f6nemi ge\u00e7irmesine ra\u011fmen ya\u015fad\u0131\u011f\u0131 problemler ve verdi\u011fi kararlar sonraki y\u00fczy\u0131llara tesir<span class=\"excerpt-hellip\"> [\u2026]<\/span><\/p>\n","protected":false},"featured_media":0,"template":"","meta":{"_monsterinsights_skip_tracking":false,"_monsterinsights_sitenote_active":false,"_monsterinsights_sitenote_note":"","_monsterinsights_sitenote_category":0},"product_brand":[],"product_cat":[12718,12719,18109],"product_tag":[],"class_list":{"0":"post-783739","1":"product","2":"type-product","3":"status-publish","5":"product_cat-din","6":"product_cat-islam","7":"product_cat-islam-tarihi","8":"pa_cilt-ciltsiz","9":"pa_tur-kitap","10":"pa_yayinevi-ankara-okulu-yayinlari","11":"pa_yazar-mehmet-azimli","13":"first","14":"instock","15":"sale","16":"shipping-taxable","17":"purchasable","18":"product-type-simple"},"_links":{"self":[{"href":"https:\/\/roveyayinevi.com.tr\/index.php\/wp-json\/wp\/v2\/product\/783739","targetHints":{"allow":["GET"]}}],"collection":[{"href":"https:\/\/roveyayinevi.com.tr\/index.php\/wp-json\/wp\/v2\/product"}],"about":[{"href":"https:\/\/roveyayinevi.com.tr\/index.php\/wp-json\/wp\/v2\/types\/product"}],"wp:attachment":[{"href":"https:\/\/roveyayinevi.com.tr\/index.php\/wp-json\/wp\/v2\/media?parent=783739"}],"wp:term":[{"taxonomy":"product_brand","embeddable":true,"href":"https:\/\/roveyayinevi.com.tr\/index.php\/wp-json\/wp\/v2\/product_brand?post=783739"},{"taxonomy":"product_cat","embeddable":true,"href":"https:\/\/roveyayinevi.com.tr\/index.php\/wp-json\/wp\/v2\/product_cat?post=783739"},{"taxonomy":"product_tag","embeddable":true,"href":"https:\/\/roveyayinevi.com.tr\/index.php\/wp-json\/wp\/v2\/product_tag?post=783739"}],"curies":[{"name":"wp","href":"https:\/\/api.w.org\/{rel}","templated":true}]}}