{"id":783735,"date":"2026-02-26T23:38:25","date_gmt":"2026-02-26T20:38:25","guid":{"rendered":"https:\/\/roveyayinevi.com.tr\/index.php\/urun\/hz-peygamber-ve-namaz\/"},"modified":"2026-04-15T03:46:42","modified_gmt":"2026-04-15T00:46:42","slug":"hz-peygamber-ve-namaz","status":"publish","type":"product","link":"https:\/\/roveyayinevi.com.tr\/index.php\/urun\/hz-peygamber-ve-namaz\/","title":{"rendered":"Hz. Peygamber ve Namaz"},"content":{"rendered":"<p>Kur&#8217;an-\u0131 Kerim her din\u00ee toplulu\u011fun y\u00f6neldi\u011fi bir k\u0131blesi oldu\u011funa i\u015faret ederek bir bak\u0131ma k\u0131blenin o dine mensup insanlar i\u00e7in birle\u015ftirici ve ayn\u0131 zamanda di\u011ferlerinden ay\u0131rt edici bir mahiyeti oldu\u011funu vurgulam\u0131\u015ft\u0131r. Bize g\u00f6re K\u00e2be&#8217;nin k\u0131ble olarak belirlenmesi sembolik de\u011fil, \u0130slam&#8217;\u0131n ve m\u00fcminlerin en belirleyici ve ay\u0131rt edici vasf\u0131d\u0131r.<\/p>\n","protected":false},"excerpt":{"rendered":"<p>Kur&#8217;an-\u0131 Kerim her din\u00ee toplulu\u011fun y\u00f6neldi\u011fi bir k\u0131blesi oldu\u011funa i\u015faret ederek bir bak\u0131ma k\u0131blenin o dine mensup insanlar i\u00e7in birle\u015ftirici ve ayn\u0131 zamanda di\u011ferlerinden ay\u0131rt edici<span class=\"excerpt-hellip\"> [\u2026]<\/span><\/p>\n","protected":false},"featured_media":0,"template":"","meta":{"_monsterinsights_skip_tracking":false,"_monsterinsights_sitenote_active":false,"_monsterinsights_sitenote_note":"","_monsterinsights_sitenote_category":0},"product_brand":[],"product_cat":[12718,12719],"product_tag":[],"class_list":{"0":"post-783735","1":"product","2":"type-product","3":"status-publish","5":"product_cat-din","6":"product_cat-islam","7":"pa_cilt-ciltsiz","8":"pa_tur-kitap","9":"pa_yayinevi-ankara-okulu-yayinlari","10":"pa_yazar-israfil-balci","12":"first","13":"instock","14":"sale","15":"shipping-taxable","16":"purchasable","17":"product-type-simple"},"_links":{"self":[{"href":"https:\/\/roveyayinevi.com.tr\/index.php\/wp-json\/wp\/v2\/product\/783735","targetHints":{"allow":["GET"]}}],"collection":[{"href":"https:\/\/roveyayinevi.com.tr\/index.php\/wp-json\/wp\/v2\/product"}],"about":[{"href":"https:\/\/roveyayinevi.com.tr\/index.php\/wp-json\/wp\/v2\/types\/product"}],"wp:attachment":[{"href":"https:\/\/roveyayinevi.com.tr\/index.php\/wp-json\/wp\/v2\/media?parent=783735"}],"wp:term":[{"taxonomy":"product_brand","embeddable":true,"href":"https:\/\/roveyayinevi.com.tr\/index.php\/wp-json\/wp\/v2\/product_brand?post=783735"},{"taxonomy":"product_cat","embeddable":true,"href":"https:\/\/roveyayinevi.com.tr\/index.php\/wp-json\/wp\/v2\/product_cat?post=783735"},{"taxonomy":"product_tag","embeddable":true,"href":"https:\/\/roveyayinevi.com.tr\/index.php\/wp-json\/wp\/v2\/product_tag?post=783735"}],"curies":[{"name":"wp","href":"https:\/\/api.w.org\/{rel}","templated":true}]}}