{"id":783734,"date":"2026-02-26T23:38:22","date_gmt":"2026-02-26T20:38:22","guid":{"rendered":"https:\/\/roveyayinevi.com.tr\/index.php\/urun\/islam-oncesi-arap-mitolojisi\/"},"modified":"2026-04-15T03:46:42","modified_gmt":"2026-04-15T00:46:42","slug":"islam-oncesi-arap-mitolojisi","status":"publish","type":"product","link":"https:\/\/roveyayinevi.com.tr\/index.php\/urun\/islam-oncesi-arap-mitolojisi\/","title":{"rendered":"\u0130slam \u00d6ncesi Arap Mitolojisi"},"content":{"rendered":"<p>Bu \u00e7al\u0131\u015fma; m\u00fcste\u015friklerin genelde Araplar\u0131 temelde ise M\u00fcsl\u00fcmanlar\u0131 rencide etmek i\u00e7in ortaya att\u0131klar\u0131 &#8220;Araplar akl\u0131 da midesi gibi bo\u015f millettir&#8221; ve &#8220;Arab\u0131n hayali de \u00e7\u00f6l kadar \u0131ss\u0131zd\u0131r&#8221; hezeyan\u0131n\u0131n aksine Araplar\u0131n da ak\u0131l ve hayal sahibi bir millet olup mitoloji kapasitelerinin oldu\u011fu ger\u00e7e\u011fini ortaya koymak i\u00e7in yap\u0131lm\u0131\u015f bir ara\u015ft\u0131rmay\u0131 i\u00e7ermektedir. Arap mitolojisinin di\u011fer mitolojik anlat\u0131lara g\u00f6re az olmas\u0131n\u0131n en temel nedenlerinden birisi Arap toplumunun yaz\u0131ya ge\u00e7 bir d\u00f6nemde ge\u00e7mi\u015f olmalar\u0131 sebebiyle atalar\u0131n\u0131n haberlerini kay\u0131t alt\u0131na almamalar\u0131d\u0131r. Her mitolojide oldu\u011fu gibi Arap mitolojisinin olu\u015fumu da; mutlak anlamda Arap Yar\u0131madas\u0131&#8217;ndakilerle s\u0131n\u0131rl\u0131 olmay\u0131p yar\u0131madan\u0131n \u00e7evresinde yer alan B\u00e2bil M\u0131s\u0131r \u00c2sur Fenike Pers ve \u0130br\u00e2n\u00ee k\u00fclt\u00fcrleriyle etkile\u015fim i\u00e7erisinde oldu\u011fu ink\u00e2r edilemez bir ger\u00e7ektir. Araplardaki mitolojik anlat\u0131lar ba\u015fl\u0131\u011f\u0131 alt\u0131nda; kahramanlar k\u00e2hinler tanr\u0131lar cinler kutsal yerler hayvanlar tabiat\u00fcst\u00fc varl\u0131klar ve kutsal y\u0131ld\u0131zgezegenler gibi alt gruplara ay\u0131rarak konunun daha anla\u015f\u0131l\u0131r bir hale getirilmesi hedeflenmi\u015ftir.<\/p>\n","protected":false},"excerpt":{"rendered":"<p>Bu \u00e7al\u0131\u015fma; m\u00fcste\u015friklerin genelde Araplar\u0131 temelde ise M\u00fcsl\u00fcmanlar\u0131 rencide etmek i\u00e7in ortaya att\u0131klar\u0131 &#8220;Araplar akl\u0131 da midesi gibi bo\u015f millettir&#8221; ve &#8220;Arab\u0131n hayali de \u00e7\u00f6l kadar<span class=\"excerpt-hellip\"> [\u2026]<\/span><\/p>\n","protected":false},"featured_media":0,"template":"","meta":{"_monsterinsights_skip_tracking":false,"_monsterinsights_sitenote_active":false,"_monsterinsights_sitenote_note":"","_monsterinsights_sitenote_category":0},"product_brand":[],"product_cat":[16789,12718,12719],"product_tag":[],"class_list":{"0":"post-783734","1":"product","2":"type-product","3":"status-publish","5":"product_cat-diger-islam","6":"product_cat-din","7":"product_cat-islam","8":"pa_cilt-ciltsiz","9":"pa_tur-kitap","10":"pa_yayinevi-ankara-okulu-yayinlari","11":"pa_yazar-ibrahim-usta","13":"first","14":"instock","15":"sale","16":"shipping-taxable","17":"purchasable","18":"product-type-simple"},"_links":{"self":[{"href":"https:\/\/roveyayinevi.com.tr\/index.php\/wp-json\/wp\/v2\/product\/783734","targetHints":{"allow":["GET"]}}],"collection":[{"href":"https:\/\/roveyayinevi.com.tr\/index.php\/wp-json\/wp\/v2\/product"}],"about":[{"href":"https:\/\/roveyayinevi.com.tr\/index.php\/wp-json\/wp\/v2\/types\/product"}],"wp:attachment":[{"href":"https:\/\/roveyayinevi.com.tr\/index.php\/wp-json\/wp\/v2\/media?parent=783734"}],"wp:term":[{"taxonomy":"product_brand","embeddable":true,"href":"https:\/\/roveyayinevi.com.tr\/index.php\/wp-json\/wp\/v2\/product_brand?post=783734"},{"taxonomy":"product_cat","embeddable":true,"href":"https:\/\/roveyayinevi.com.tr\/index.php\/wp-json\/wp\/v2\/product_cat?post=783734"},{"taxonomy":"product_tag","embeddable":true,"href":"https:\/\/roveyayinevi.com.tr\/index.php\/wp-json\/wp\/v2\/product_tag?post=783734"}],"curies":[{"name":"wp","href":"https:\/\/api.w.org\/{rel}","templated":true}]}}