{"id":783733,"date":"2026-02-26T23:38:19","date_gmt":"2026-02-26T20:38:19","guid":{"rendered":"https:\/\/roveyayinevi.com.tr\/index.php\/urun\/risalet-davasinin-annesi-hz-hatice\/"},"modified":"2026-04-15T03:46:42","modified_gmt":"2026-04-15T00:46:42","slug":"risalet-davasinin-annesi-hz-hatice","status":"publish","type":"product","link":"https:\/\/roveyayinevi.com.tr\/index.php\/urun\/risalet-davasinin-annesi-hz-hatice\/","title":{"rendered":"Risalet Davas\u0131n\u0131n Annesi Hz.Hatice"},"content":{"rendered":"<p>&#8211; Sahabe \u0130klimi serisinin ilk kitab\u0131 olan bu eserde, Hz. Hatice validemizin kutlu hayat\u0131 anlat\u0131lmaktad\u0131r. &#8211; Eserde Hz. Peygamber&#8217;in (sas) ilk e\u015fi ve yolda\u015f\u0131ndan, n\u00fcb\u00fcvvetten \u00f6nceki ve sonraki hayat\u0131ndan, mal\u0131 ve e\u015fyalar\u0131ndan, han\u0131mlar \u00e2lemindeki yeri, \u00f6nemi ve k\u0131ymetinden gibi konular ele al\u0131nmaktad\u0131r.<\/p>\n","protected":false},"excerpt":{"rendered":"<p>&#8211; Sahabe \u0130klimi serisinin ilk kitab\u0131 olan bu eserde, Hz. Hatice validemizin kutlu hayat\u0131 anlat\u0131lmaktad\u0131r. &#8211; Eserde Hz. Peygamber&#8217;in (sas) ilk e\u015fi ve yolda\u015f\u0131ndan, n\u00fcb\u00fcvvetten \u00f6nceki<span class=\"excerpt-hellip\"> [\u2026]<\/span><\/p>\n","protected":false},"featured_media":0,"template":"","meta":{"_monsterinsights_skip_tracking":false,"_monsterinsights_sitenote_active":false,"_monsterinsights_sitenote_note":"","_monsterinsights_sitenote_category":0},"product_brand":[],"product_cat":[12718,12719,18109],"product_tag":[],"class_list":{"0":"post-783733","1":"product","2":"type-product","3":"status-publish","5":"product_cat-din","6":"product_cat-islam","7":"product_cat-islam-tarihi","8":"pa_cilt-ciltsiz","9":"pa_tur-kitap","10":"pa_yayinevi-siyer-yayinlari","11":"pa_yazar-muhammed-emin-yildirim","13":"first","14":"instock","15":"sale","16":"shipping-taxable","17":"purchasable","18":"product-type-simple"},"_links":{"self":[{"href":"https:\/\/roveyayinevi.com.tr\/index.php\/wp-json\/wp\/v2\/product\/783733","targetHints":{"allow":["GET"]}}],"collection":[{"href":"https:\/\/roveyayinevi.com.tr\/index.php\/wp-json\/wp\/v2\/product"}],"about":[{"href":"https:\/\/roveyayinevi.com.tr\/index.php\/wp-json\/wp\/v2\/types\/product"}],"wp:attachment":[{"href":"https:\/\/roveyayinevi.com.tr\/index.php\/wp-json\/wp\/v2\/media?parent=783733"}],"wp:term":[{"taxonomy":"product_brand","embeddable":true,"href":"https:\/\/roveyayinevi.com.tr\/index.php\/wp-json\/wp\/v2\/product_brand?post=783733"},{"taxonomy":"product_cat","embeddable":true,"href":"https:\/\/roveyayinevi.com.tr\/index.php\/wp-json\/wp\/v2\/product_cat?post=783733"},{"taxonomy":"product_tag","embeddable":true,"href":"https:\/\/roveyayinevi.com.tr\/index.php\/wp-json\/wp\/v2\/product_tag?post=783733"}],"curies":[{"name":"wp","href":"https:\/\/api.w.org\/{rel}","templated":true}]}}