{"id":783732,"date":"2026-02-26T23:38:17","date_gmt":"2026-02-26T20:38:17","guid":{"rendered":"https:\/\/roveyayinevi.com.tr\/index.php\/urun\/insanligin-kurtulusu-hac-omrun-bereketi-umre\/"},"modified":"2026-04-15T03:46:42","modified_gmt":"2026-04-15T00:46:42","slug":"insanligin-kurtulusu-hac-omrun-bereketi-umre","status":"publish","type":"product","link":"https:\/\/roveyayinevi.com.tr\/index.php\/urun\/insanligin-kurtulusu-hac-omrun-bereketi-umre\/","title":{"rendered":"\u0130nsanl\u0131\u011f\u0131n Kurtulu\u015fu Hac \u00d6mr\u00fcn Bereketi Umre"},"content":{"rendered":"<p>&#8211; Muhammed Emin Y\u0131ld\u0131r\u0131m hocam\u0131z kaleme ald\u0131\u011f\u0131 &#8220;\u0130nsanl\u0131\u011f\u0131n Kurtulu\u015fu Hac, \u00d6mr\u00fcn Bereketi Umre&#8221; adl\u0131 eseriyle Hacc\u0131n ve Umrenin mana ve maksad\u0131na dair \u00e7ok \u00f6nemli bir kitab\u0131 okuyucular\u0131n istifadesine sunuyor. &#8211; Eser, \u0130nsanl\u0131\u011f\u0131n Kurtulu\u015fu Hac, \u00d6mr\u00fcn Bereketi Umre, Nurlu \u015eehrin Nurlu Sakini Efendimiz (sas), Efendimiz&#8217;in (sas) Hacc\u0131\/Umre ve Hac G\u00fcnl\u00fc\u011f\u00fc ve Ek k\u0131s\u0131m olarak Tablo ve Resimler ba\u015fl\u0131\u011f\u0131 alt\u0131nda toplamda be\u015f ana b\u00f6l\u00fcmden olu\u015fmaktad\u0131r.<\/p>\n","protected":false},"excerpt":{"rendered":"<p>&#8211; Muhammed Emin Y\u0131ld\u0131r\u0131m hocam\u0131z kaleme ald\u0131\u011f\u0131 &#8220;\u0130nsanl\u0131\u011f\u0131n Kurtulu\u015fu Hac, \u00d6mr\u00fcn Bereketi Umre&#8221; adl\u0131 eseriyle Hacc\u0131n ve Umrenin mana ve maksad\u0131na dair \u00e7ok \u00f6nemli bir kitab\u0131<span class=\"excerpt-hellip\"> [\u2026]<\/span><\/p>\n","protected":false},"featured_media":0,"template":"","meta":{"_monsterinsights_skip_tracking":false,"_monsterinsights_sitenote_active":false,"_monsterinsights_sitenote_note":"","_monsterinsights_sitenote_category":0},"product_brand":[],"product_cat":[12718,12719],"product_tag":[],"class_list":{"0":"post-783732","1":"product","2":"type-product","3":"status-publish","5":"product_cat-din","6":"product_cat-islam","7":"pa_cilt-ciltsiz","8":"pa_tur-kitap","9":"pa_yayinevi-siyer-yayinlari","10":"pa_yazar-muhammed-emin-yildirim","12":"first","13":"instock","14":"sale","15":"shipping-taxable","16":"purchasable","17":"product-type-simple"},"_links":{"self":[{"href":"https:\/\/roveyayinevi.com.tr\/index.php\/wp-json\/wp\/v2\/product\/783732","targetHints":{"allow":["GET"]}}],"collection":[{"href":"https:\/\/roveyayinevi.com.tr\/index.php\/wp-json\/wp\/v2\/product"}],"about":[{"href":"https:\/\/roveyayinevi.com.tr\/index.php\/wp-json\/wp\/v2\/types\/product"}],"wp:attachment":[{"href":"https:\/\/roveyayinevi.com.tr\/index.php\/wp-json\/wp\/v2\/media?parent=783732"}],"wp:term":[{"taxonomy":"product_brand","embeddable":true,"href":"https:\/\/roveyayinevi.com.tr\/index.php\/wp-json\/wp\/v2\/product_brand?post=783732"},{"taxonomy":"product_cat","embeddable":true,"href":"https:\/\/roveyayinevi.com.tr\/index.php\/wp-json\/wp\/v2\/product_cat?post=783732"},{"taxonomy":"product_tag","embeddable":true,"href":"https:\/\/roveyayinevi.com.tr\/index.php\/wp-json\/wp\/v2\/product_tag?post=783732"}],"curies":[{"name":"wp","href":"https:\/\/api.w.org\/{rel}","templated":true}]}}