{"id":783731,"date":"2026-02-26T23:38:15","date_gmt":"2026-02-26T20:38:15","guid":{"rendered":"https:\/\/roveyayinevi.com.tr\/index.php\/urun\/efendimizi-sav-sahabe-gibi-sevmek\/"},"modified":"2026-04-15T03:46:42","modified_gmt":"2026-04-15T00:46:42","slug":"efendimizi-sav-sahabe-gibi-sevmek","status":"publish","type":"product","link":"https:\/\/roveyayinevi.com.tr\/index.php\/urun\/efendimizi-sav-sahabe-gibi-sevmek\/","title":{"rendered":"Efendimizi SAV Sahabe Gibi Sevmek"},"content":{"rendered":"<p>&#8211; Bu eserde Efendimiz&#8217;i (sas) neden ve nas\u0131l sevmemiz gerekti\u011fini, sah\u00e2benin Efendimiz&#8217;i (sas) nas\u0131l sevdi\u011fini, Efendimiz&#8217;in (sas) sah\u00e2beyi nas\u0131l sevdi\u011fini, Efendimiz&#8217;in (sas) \u00fcmmetini nas\u0131l sevdi\u011fini anlamaya\/anlatmaya \u00e7al\u0131\u015fan ve bunu \u00f6\u011frenme ad\u0131na i\u015fin ehli olan sahabe neslinden bu eser sayesinde \u00f6\u011frenmeye \u00e7al\u0131\u015faca\u011f\u0131z. &#8211; Eserimiz ayr\u0131ca Arap\u00e7a, Almanca ve K\u00fcrt\u00e7e dillerine \u00e7evrilmi\u015f olup cep boyu da mevcuttur.<\/p>\n","protected":false},"excerpt":{"rendered":"<p>&#8211; Bu eserde Efendimiz&#8217;i (sas) neden ve nas\u0131l sevmemiz gerekti\u011fini, sah\u00e2benin Efendimiz&#8217;i (sas) nas\u0131l sevdi\u011fini, Efendimiz&#8217;in (sas) sah\u00e2beyi nas\u0131l sevdi\u011fini, Efendimiz&#8217;in (sas) \u00fcmmetini nas\u0131l sevdi\u011fini anlamaya\/anlatmaya<span class=\"excerpt-hellip\"> [\u2026]<\/span><\/p>\n","protected":false},"featured_media":0,"template":"","meta":{"_monsterinsights_skip_tracking":false,"_monsterinsights_sitenote_active":false,"_monsterinsights_sitenote_note":"","_monsterinsights_sitenote_category":0},"product_brand":[],"product_cat":[12718,12719],"product_tag":[],"class_list":{"0":"post-783731","1":"product","2":"type-product","3":"status-publish","5":"product_cat-din","6":"product_cat-islam","7":"pa_cilt-ciltsiz","8":"pa_tur-kitap","9":"pa_yayinevi-siyer-yayinlari","10":"pa_yazar-muhammed-emin-yildirim","12":"first","13":"instock","14":"sale","15":"shipping-taxable","16":"purchasable","17":"product-type-simple"},"_links":{"self":[{"href":"https:\/\/roveyayinevi.com.tr\/index.php\/wp-json\/wp\/v2\/product\/783731","targetHints":{"allow":["GET"]}}],"collection":[{"href":"https:\/\/roveyayinevi.com.tr\/index.php\/wp-json\/wp\/v2\/product"}],"about":[{"href":"https:\/\/roveyayinevi.com.tr\/index.php\/wp-json\/wp\/v2\/types\/product"}],"wp:attachment":[{"href":"https:\/\/roveyayinevi.com.tr\/index.php\/wp-json\/wp\/v2\/media?parent=783731"}],"wp:term":[{"taxonomy":"product_brand","embeddable":true,"href":"https:\/\/roveyayinevi.com.tr\/index.php\/wp-json\/wp\/v2\/product_brand?post=783731"},{"taxonomy":"product_cat","embeddable":true,"href":"https:\/\/roveyayinevi.com.tr\/index.php\/wp-json\/wp\/v2\/product_cat?post=783731"},{"taxonomy":"product_tag","embeddable":true,"href":"https:\/\/roveyayinevi.com.tr\/index.php\/wp-json\/wp\/v2\/product_tag?post=783731"}],"curies":[{"name":"wp","href":"https:\/\/api.w.org\/{rel}","templated":true}]}}