{"id":783728,"date":"2026-02-26T23:38:07","date_gmt":"2026-02-26T20:38:07","guid":{"rendered":"https:\/\/roveyayinevi.com.tr\/index.php\/urun\/kuranin-incileri-kehf-suresinden-dersler\/"},"modified":"2026-04-15T03:46:42","modified_gmt":"2026-04-15T00:46:42","slug":"kuranin-incileri-kehf-suresinden-dersler","status":"publish","type":"product","link":"https:\/\/roveyayinevi.com.tr\/index.php\/urun\/kuranin-incileri-kehf-suresinden-dersler\/","title":{"rendered":"Kur&#8217;an\u2019\u0131n \u0130ncileri &#8211; Kehf Suresinden Dersler"},"content":{"rendered":"<p>Vahyin ilk g\u00fcnlerinin s\u0131k\u0131nt\u0131l\u0131 \u015fartlar\u0131nda indirilmi\u015f bir ilahi re\u00e7ete olmas\u0131n\u0131n yan\u0131 s\u0131ra insan\u0131n daimi problemlerini de g\u00fcndemine almas\u0131yla bir ders konusu olan Kehf suresi, Kur&#8217;an&#8217;\u0131n \u00f6zellikle fazileti vurgulanm\u0131\u015f, koruyucu surelerindendir.\u00d6nemli k\u0131sm\u0131nda Ashab-\u0131 Kehf&#8217;in anlat\u0131ld\u0131\u011f\u0131 ve ibretlerle dolu bu k\u0131ssan\u0131n yol g\u00f6stericili\u011finin hi\u00e7 eskimedi\u011fini fark edece\u011finiz eser, zaman\u0131m\u0131z\u0131n insan\u0131na hitap eden diliyle \u00f6ne \u00e7\u0131k\u0131yor.Ku\u015fat\u0131lm\u0131\u015f d\u00fcnyalar\u0131ndan bir grup gencin, g\u00fcn\u00fcm\u00fcz\u00fcn ku\u015fat\u0131lm\u0131\u015f d\u00fcnyas\u0131ndaki gen\u00e7lere mesaj\u0131.<\/p>\n","protected":false},"excerpt":{"rendered":"<p>Vahyin ilk g\u00fcnlerinin s\u0131k\u0131nt\u0131l\u0131 \u015fartlar\u0131nda indirilmi\u015f bir ilahi re\u00e7ete olmas\u0131n\u0131n yan\u0131 s\u0131ra insan\u0131n daimi problemlerini de g\u00fcndemine almas\u0131yla bir ders konusu olan Kehf suresi, Kur&#8217;an&#8217;\u0131n \u00f6zellikle<span class=\"excerpt-hellip\"> [\u2026]<\/span><\/p>\n","protected":false},"featured_media":0,"template":"","meta":{"_monsterinsights_skip_tracking":false,"_monsterinsights_sitenote_active":false,"_monsterinsights_sitenote_note":"","_monsterinsights_sitenote_category":0},"product_brand":[],"product_cat":[12718,12719],"product_tag":[],"class_list":{"0":"post-783728","1":"product","2":"type-product","3":"status-publish","5":"product_cat-din","6":"product_cat-islam","7":"pa_cilt-ciltsiz","8":"pa_tur-kitap","9":"pa_yayinevi-tahlil-yayinlari","10":"pa_yazar-yasir-qadhi","12":"first","13":"instock","14":"sale","15":"shipping-taxable","16":"purchasable","17":"product-type-simple"},"_links":{"self":[{"href":"https:\/\/roveyayinevi.com.tr\/index.php\/wp-json\/wp\/v2\/product\/783728","targetHints":{"allow":["GET"]}}],"collection":[{"href":"https:\/\/roveyayinevi.com.tr\/index.php\/wp-json\/wp\/v2\/product"}],"about":[{"href":"https:\/\/roveyayinevi.com.tr\/index.php\/wp-json\/wp\/v2\/types\/product"}],"wp:attachment":[{"href":"https:\/\/roveyayinevi.com.tr\/index.php\/wp-json\/wp\/v2\/media?parent=783728"}],"wp:term":[{"taxonomy":"product_brand","embeddable":true,"href":"https:\/\/roveyayinevi.com.tr\/index.php\/wp-json\/wp\/v2\/product_brand?post=783728"},{"taxonomy":"product_cat","embeddable":true,"href":"https:\/\/roveyayinevi.com.tr\/index.php\/wp-json\/wp\/v2\/product_cat?post=783728"},{"taxonomy":"product_tag","embeddable":true,"href":"https:\/\/roveyayinevi.com.tr\/index.php\/wp-json\/wp\/v2\/product_tag?post=783728"}],"curies":[{"name":"wp","href":"https:\/\/api.w.org\/{rel}","templated":true}]}}