{"id":783727,"date":"2026-02-26T23:38:05","date_gmt":"2026-02-26T20:38:05","guid":{"rendered":"https:\/\/roveyayinevi.com.tr\/index.php\/urun\/hedefimiz-cennet\/"},"modified":"2026-04-15T03:46:42","modified_gmt":"2026-04-15T00:46:42","slug":"hedefimiz-cennet","status":"publish","type":"product","link":"https:\/\/roveyayinevi.com.tr\/index.php\/urun\/hedefimiz-cennet\/","title":{"rendered":"Hedefimiz Cennet"},"content":{"rendered":"<p>M\u00fc&#8217;min; cenneti i\u00e7in \u00e7al\u0131\u015fan, Rabbinin huzurunda mahcup olmamak i\u00e7in gayret eden, Res\u00fblullah sallallahu aleyhi ve sellemin s\u00fcnnetine uygun bir hayat i\u00e7in emek veren kimsedir. Kur&#8217;an&#8217;\u0131m\u0131z, cenneti hak etmek i\u00e7in &#8216;seviye kazanm\u0131\u015f m\u00fc&#8217;min k\u0131vam\u0131nda&#8217; \u00f6lmeyi en y\u00fcce hedef olarak g\u00f6stermektedir. Allah&#8217;\u0131n raz\u0131 oldu\u011fu kullar, Kur&#8217;an-\u0131 Kerim&#8217;in g\u00f6sterdi\u011fi bu y\u00fcksek hedefe ula\u015fanlard\u0131r.Cennet, Allah&#8217;\u0131n l\u00fctfudur; m\u00fc&#8217;min o l\u00fctfa ermek i\u00e7in \u00e7al\u0131\u015fan kuldur. D\u00fcnyada i\ufb02ah olan da ahirette mesut olacak da kendini M\u00fcsl\u00fcman olman\u0131n hak etti\u011fi seviyeye g\u00f6re \u0131slah edendir. \u0130slam&#8217;\u0131n seviyesi bellidir, M\u00fcsl\u00fcman&#8217;dan istenen d\u00fczey de g\u00f6sterilen hedef i\u00e7in y\u00fcr\u00fcmektir.<\/p>\n","protected":false},"excerpt":{"rendered":"<p>M\u00fc&#8217;min; cenneti i\u00e7in \u00e7al\u0131\u015fan, Rabbinin huzurunda mahcup olmamak i\u00e7in gayret eden, Res\u00fblullah sallallahu aleyhi ve sellemin s\u00fcnnetine uygun bir hayat i\u00e7in emek veren kimsedir. Kur&#8217;an&#8217;\u0131m\u0131z, cenneti<span class=\"excerpt-hellip\"> [\u2026]<\/span><\/p>\n","protected":false},"featured_media":0,"template":"","meta":{"_monsterinsights_skip_tracking":false,"_monsterinsights_sitenote_active":false,"_monsterinsights_sitenote_note":"","_monsterinsights_sitenote_category":0},"product_brand":[],"product_cat":[16789,12718,12719],"product_tag":[],"class_list":{"0":"post-783727","1":"product","2":"type-product","3":"status-publish","5":"product_cat-diger-islam","6":"product_cat-din","7":"product_cat-islam","8":"pa_cilt-ciltsiz","9":"pa_tur-kitap","10":"pa_yayinevi-tahlil-yayinlari","11":"pa_yazar-hafsa-bilgin","13":"first","14":"instock","15":"sale","16":"shipping-taxable","17":"purchasable","18":"product-type-simple"},"_links":{"self":[{"href":"https:\/\/roveyayinevi.com.tr\/index.php\/wp-json\/wp\/v2\/product\/783727","targetHints":{"allow":["GET"]}}],"collection":[{"href":"https:\/\/roveyayinevi.com.tr\/index.php\/wp-json\/wp\/v2\/product"}],"about":[{"href":"https:\/\/roveyayinevi.com.tr\/index.php\/wp-json\/wp\/v2\/types\/product"}],"wp:attachment":[{"href":"https:\/\/roveyayinevi.com.tr\/index.php\/wp-json\/wp\/v2\/media?parent=783727"}],"wp:term":[{"taxonomy":"product_brand","embeddable":true,"href":"https:\/\/roveyayinevi.com.tr\/index.php\/wp-json\/wp\/v2\/product_brand?post=783727"},{"taxonomy":"product_cat","embeddable":true,"href":"https:\/\/roveyayinevi.com.tr\/index.php\/wp-json\/wp\/v2\/product_cat?post=783727"},{"taxonomy":"product_tag","embeddable":true,"href":"https:\/\/roveyayinevi.com.tr\/index.php\/wp-json\/wp\/v2\/product_tag?post=783727"}],"curies":[{"name":"wp","href":"https:\/\/api.w.org\/{rel}","templated":true}]}}