{"id":783726,"date":"2026-02-26T23:38:03","date_gmt":"2026-02-26T20:38:03","guid":{"rendered":"https:\/\/roveyayinevi.com.tr\/index.php\/urun\/egitim-sosyolojisi-6\/"},"modified":"2026-04-15T03:46:42","modified_gmt":"2026-04-15T00:46:42","slug":"egitim-sosyolojisi-6","status":"publish","type":"product","link":"https:\/\/roveyayinevi.com.tr\/index.php\/urun\/egitim-sosyolojisi-6\/","title":{"rendered":"E\u011fitim Sosyolojisi"},"content":{"rendered":"<p>Sosyoloji yirminci y\u00fczy\u0131l\u0131n ba\u015flar\u0131ndan itibaren \u00f6nemli bir bilim dal\u0131 haline gelmi\u015ftir. \u00d6zellikle sanayile\u015fmi\u015f modern toplumlar\u0131n giderek artan problemlerinin \u00e7\u00f6z\u00fcm\u00fc sosyolojiden beklenir olmu\u015ftur. B\u00fct\u00fcn sosyal kurumlarda oldu\u011fu gibi bilhassa aile ve okuldaki ili\u015fkilerin yaratt\u0131\u011f\u0131 meseleler \u201cE\u011fitim Sosyolojisi\u201dne duyulan ihtiyac\u0131 daha da artt\u0131rm\u0131\u015ft\u0131r. Buradan hareketle hem e\u011fitim kurumlar\u0131n\u0131n hem de \u00f6teki sosyal kurumlar\u0131n \u00f6rg\u00fctlenmesi ve i\u015fleyi\u015fine sa\u011flam bir zemin haz\u0131rlanmas\u0131 gerekmektedir. Bu kitap b\u00f6yle bir maksada y\u00f6nelikolarak haz\u0131rlanm\u0131\u015ft\u0131r.Sa\u011fl\u0131kl\u0131 aile ve e\u011fitim yap\u0131s\u0131ndan gelen bireylerin toplum k\u00fclt\u00fcr\u00fcn\u00fc, siyasal ve ekonomik d\u00fczeni in\u015fa etme kabiliyetleri y\u00fcksek olacakt\u0131r. Bu da iyi bir sosyoloji ve dolay\u0131s\u0131yla \u201cE\u011fitim Sosyolojisi\u201d formasyonunu almakla m\u00fcmk\u00fcnd\u00fcr.E\u011fitimde istenilen hedeflere ula\u015fabilmenin b\u00fcy\u00fck \u00f6l\u00e7\u00fcde sosyolojik verilerin dikkate al\u0131nmas\u0131na ba\u011fl\u0131 oldu\u011fu unutulmamal\u0131d\u0131r.<\/p>\n","protected":false},"excerpt":{"rendered":"<p>Sosyoloji yirminci y\u00fczy\u0131l\u0131n ba\u015flar\u0131ndan itibaren \u00f6nemli bir bilim dal\u0131 haline gelmi\u015ftir. \u00d6zellikle sanayile\u015fmi\u015f modern toplumlar\u0131n giderek artan problemlerinin \u00e7\u00f6z\u00fcm\u00fc sosyolojiden beklenir olmu\u015ftur. B\u00fct\u00fcn sosyal kurumlarda oldu\u011fu<span class=\"excerpt-hellip\"> [\u2026]<\/span><\/p>\n","protected":false},"featured_media":0,"template":"","meta":{"_monsterinsights_skip_tracking":false,"_monsterinsights_sitenote_active":false,"_monsterinsights_sitenote_note":"","_monsterinsights_sitenote_category":0},"product_brand":[],"product_cat":[12325,12324],"product_tag":[],"class_list":{"0":"post-783726","1":"product","2":"type-product","3":"status-publish","5":"product_cat-diger-sosyoloji","6":"product_cat-sosyoloji","7":"pa_cilt-ciltsiz","8":"pa_tur-kitap","9":"pa_yayinevi-asos-yayinlari","10":"pa_yazar-hikmet-yildirim-celkan","12":"first","13":"instock","14":"sale","15":"shipping-taxable","16":"purchasable","17":"product-type-simple"},"_links":{"self":[{"href":"https:\/\/roveyayinevi.com.tr\/index.php\/wp-json\/wp\/v2\/product\/783726","targetHints":{"allow":["GET"]}}],"collection":[{"href":"https:\/\/roveyayinevi.com.tr\/index.php\/wp-json\/wp\/v2\/product"}],"about":[{"href":"https:\/\/roveyayinevi.com.tr\/index.php\/wp-json\/wp\/v2\/types\/product"}],"wp:attachment":[{"href":"https:\/\/roveyayinevi.com.tr\/index.php\/wp-json\/wp\/v2\/media?parent=783726"}],"wp:term":[{"taxonomy":"product_brand","embeddable":true,"href":"https:\/\/roveyayinevi.com.tr\/index.php\/wp-json\/wp\/v2\/product_brand?post=783726"},{"taxonomy":"product_cat","embeddable":true,"href":"https:\/\/roveyayinevi.com.tr\/index.php\/wp-json\/wp\/v2\/product_cat?post=783726"},{"taxonomy":"product_tag","embeddable":true,"href":"https:\/\/roveyayinevi.com.tr\/index.php\/wp-json\/wp\/v2\/product_tag?post=783726"}],"curies":[{"name":"wp","href":"https:\/\/api.w.org\/{rel}","templated":true}]}}