{"id":783725,"date":"2026-02-26T23:38:01","date_gmt":"2026-02-26T20:38:01","guid":{"rendered":"https:\/\/roveyayinevi.com.tr\/index.php\/urun\/aile-ahlaki-muhtesem-ahlak-2\/"},"modified":"2026-04-15T03:46:42","modified_gmt":"2026-04-15T00:46:42","slug":"aile-ahlaki-muhtesem-ahlak-2","status":"publish","type":"product","link":"https:\/\/roveyayinevi.com.tr\/index.php\/urun\/aile-ahlaki-muhtesem-ahlak-2\/","title":{"rendered":"Aile Ahlak\u0131; Muhte\u015fem Ahlak 2"},"content":{"rendered":"<p>&#8211; Muhte\u015fem Ahl\u00e2k serisinin ikinci kitab\u0131 olan Aile Ahl\u00e2k\u0131; toplumun temel ta\u015f\u0131, hayat\u0131n dengesi, ayakta kalabilmenin en \u00f6nemli vesilesi, a\u011f\u0131r bir y\u00fck olan kulluk vazifesinin payla\u015f\u0131lmas\u0131, nesillerin devamiyetinin sebebi, huzurun temini, gelen her t\u00fcrl\u00fc sald\u0131r\u0131lara kar\u015f\u0131 giyilen bir z\u0131rh, inanan insanlar\u0131n y\u00fcre\u011findeki en b\u00fcy\u00fck hasret olan cennetin d\u00fcnyadaki bir yans\u0131mas\u0131d\u0131r. &#8211; Bu \u00e7al\u0131\u015fmam\u0131zda aile ahl\u00e2k\u0131 ile alakal\u0131 konular\u0131 bir araya getirerek bu m\u00fchim yaram\u0131za biraz olsun merhem olmas\u0131 i\u00e7in bir gayret sergiledik. Aileyi olu\u015fturan t\u00fcm taraflar\u0131 Kur&#8217;\u00e2n ve s\u00fcnnet  rehberli\u011finde yans\u0131tmaya \u00e7al\u0131\u015ft\u0131k. Umuyoruz ki bu \u00e7al\u0131\u015fmam\u0131z, toplumun temel ta\u015f\u0131 olan ailenin hem kurulmas\u0131na hem de korunmas\u0131na k\u00fc\u00e7\u00fck de olsa bir katk\u0131 sa\u011flamas\u0131d\u0131r.<\/p>\n","protected":false},"excerpt":{"rendered":"<p>&#8211; Muhte\u015fem Ahl\u00e2k serisinin ikinci kitab\u0131 olan Aile Ahl\u00e2k\u0131; toplumun temel ta\u015f\u0131, hayat\u0131n dengesi, ayakta kalabilmenin en \u00f6nemli vesilesi, a\u011f\u0131r bir y\u00fck olan kulluk vazifesinin payla\u015f\u0131lmas\u0131,<span class=\"excerpt-hellip\"> [\u2026]<\/span><\/p>\n","protected":false},"featured_media":0,"template":"","meta":{"_monsterinsights_skip_tracking":false,"_monsterinsights_sitenote_active":false,"_monsterinsights_sitenote_note":"","_monsterinsights_sitenote_category":0},"product_brand":[],"product_cat":[16789,12718,12719],"product_tag":[],"class_list":{"0":"post-783725","1":"product","2":"type-product","3":"status-publish","5":"product_cat-diger-islam","6":"product_cat-din","7":"product_cat-islam","8":"pa_cilt-ciltsiz","9":"pa_tur-kitap","10":"pa_yayinevi-siyer-yayinlari","11":"pa_yazar-muhammed-emin-yildirim","13":"first","14":"instock","15":"sale","16":"shipping-taxable","17":"purchasable","18":"product-type-simple"},"_links":{"self":[{"href":"https:\/\/roveyayinevi.com.tr\/index.php\/wp-json\/wp\/v2\/product\/783725","targetHints":{"allow":["GET"]}}],"collection":[{"href":"https:\/\/roveyayinevi.com.tr\/index.php\/wp-json\/wp\/v2\/product"}],"about":[{"href":"https:\/\/roveyayinevi.com.tr\/index.php\/wp-json\/wp\/v2\/types\/product"}],"wp:attachment":[{"href":"https:\/\/roveyayinevi.com.tr\/index.php\/wp-json\/wp\/v2\/media?parent=783725"}],"wp:term":[{"taxonomy":"product_brand","embeddable":true,"href":"https:\/\/roveyayinevi.com.tr\/index.php\/wp-json\/wp\/v2\/product_brand?post=783725"},{"taxonomy":"product_cat","embeddable":true,"href":"https:\/\/roveyayinevi.com.tr\/index.php\/wp-json\/wp\/v2\/product_cat?post=783725"},{"taxonomy":"product_tag","embeddable":true,"href":"https:\/\/roveyayinevi.com.tr\/index.php\/wp-json\/wp\/v2\/product_tag?post=783725"}],"curies":[{"name":"wp","href":"https:\/\/api.w.org\/{rel}","templated":true}]}}