{"id":783724,"date":"2026-02-26T23:37:59","date_gmt":"2026-02-26T20:37:59","guid":{"rendered":"https:\/\/roveyayinevi.com.tr\/index.php\/urun\/okul-psikolojik-danismanlarina-yaygin-sorunlar-icin-yol-haritasi\/"},"modified":"2026-04-15T03:46:42","modified_gmt":"2026-04-15T00:46:42","slug":"okul-psikolojik-danismanlarina-yaygin-sorunlar-icin-yol-haritasi","status":"publish","type":"product","link":"https:\/\/roveyayinevi.com.tr\/index.php\/urun\/okul-psikolojik-danismanlarina-yaygin-sorunlar-icin-yol-haritasi\/","title":{"rendered":"Okul Psikolojik Dan\u0131\u015fmanlar\u0131na Yayg\u0131n Sorunlar \u0130\u00e7in Yol Haritas\u0131"},"content":{"rendered":"<p>Bu kitab\u0131n \u00e7\u0131k\u0131\u015f noktas\u0131, okullarda \u00e7al\u0131\u015fan psikolojik dan\u0131\u015fmanlar\u0131n \u00f6zellikle \u00e7al\u0131\u015fma hayatlar\u0131n\u0131n ilk y\u0131llar\u0131nda \u00e7al\u0131\u015ft\u0131klar\u0131 kurumlarda kar\u015f\u0131la\u015ft\u0131klar\u0131 ve \u00fcstesinden gelmekte zorland\u0131klar\u0131 durumlar\u0131 i\u00e7eren, uygulamada yard\u0131mc\u0131 olacak nitelikte bir kitaba duyulan ihtiya\u00e7t\u0131r. Bu kitap, okul psikolojik dan\u0131\u015fmanlar\u0131n\u0131n kar\u015f\u0131la\u015ft\u0131klar\u0131 g\u00fc\u00e7l\u00fcklere ili\u015fkin farkl\u0131 konular\u0131 i\u00e7ermektedir. Bu konular\u0131n hi\u00e7biri ilk kez bu kitapta ele al\u0131nm\u0131\u015f de\u011fildir. Bu konulara ili\u015fkin pek \u00e7ok kitap ve bilimsel yay\u0131n mevcuttur. Bu nedenle kitab\u0131n bu konulara ili\u015fkin derinlemesine bilgi vermek, bu konular\u0131 kapsaml\u0131 bir bi\u00e7imde incelemek gibi bir iddias\u0131 yoktur. Bu kitapla ama\u00e7lanan, bu konulara ili\u015fkin daha \u00f6z ve uygulamaya y\u00f6nelik bilgiler vermektir. \u00d6zellikle, okullarda \u00e7al\u0131\u015fan psikolojik dan\u0131\u015fmanlar\u0131n uzmanl\u0131k alanlar\u0131 olmayan \u00f6zel e\u011fitim, adalet sistemi gibi konularda &#8220;onlara y\u00f6nelik, onlar i\u00e7in&#8221; bilgi vermeye \u00e7al\u0131\u015f\u0131lm\u0131\u015ft\u0131r. Bunun yan\u0131 s\u0131ra okullarda \u00e7al\u0131\u015fan psikolojik dan\u0131\u015fmanlar\u0131n \u00f6nemini \u00e7ok iyi bildikleri ancak uygulamada zorland\u0131klar\u0131, bu nedenle de geri planda b\u0131rakabildikleri kons\u00fcltasyon, sosyal destek, e\u011fitsel ve mesleki planlama \u00e7al\u0131\u015fmalar\u0131 gibi konulara ili\u015fkin bilgi sahibi olmalar\u0131 hedeflenmi\u015ftir. Ayr\u0131ca cinsel istismar, adalet sistemindeki \u00e7ocuklar gibi \u00e7al\u0131\u015f\u0131lmas\u0131 zor konularda psikolojik dan\u0131\u015fmanlar\u0131n g\u00f6revlerine, sorumluluklar\u0131na, s\u0131n\u0131rlar\u0131na ili\u015fkin fark\u0131ndal\u0131k kazand\u0131r\u0131lmaya \u00e7al\u0131\u015f\u0131lm\u0131\u015ft\u0131r. Kitab\u0131n psikolojik dan\u0131\u015fman adaylar\u0131n\u0131n ve okul psikolojik dan\u0131\u015fmanlar\u0131n\u0131n yararlanabilecekleri bir kaynak olmas\u0131n\u0131 diliyoruz.<\/p>\n","protected":false},"excerpt":{"rendered":"<p>Bu kitab\u0131n \u00e7\u0131k\u0131\u015f noktas\u0131, okullarda \u00e7al\u0131\u015fan psikolojik dan\u0131\u015fmanlar\u0131n \u00f6zellikle \u00e7al\u0131\u015fma hayatlar\u0131n\u0131n ilk y\u0131llar\u0131nda \u00e7al\u0131\u015ft\u0131klar\u0131 kurumlarda kar\u015f\u0131la\u015ft\u0131klar\u0131 ve \u00fcstesinden gelmekte zorland\u0131klar\u0131 durumlar\u0131 i\u00e7eren, uygulamada yard\u0131mc\u0131 olacak nitelikte<span class=\"excerpt-hellip\"> [\u2026]<\/span><\/p>\n","protected":false},"featured_media":0,"template":"","meta":{"_monsterinsights_skip_tracking":false,"_monsterinsights_sitenote_active":false,"_monsterinsights_sitenote_note":"","_monsterinsights_sitenote_category":0},"product_brand":[],"product_cat":[12358,12357],"product_tag":[],"class_list":{"0":"post-783724","1":"product","2":"type-product","3":"status-publish","5":"product_cat-genel-psikoloji","6":"product_cat-psikoloji","7":"pa_cilt-ciltsiz","8":"pa_tur-kitap","9":"pa_yayinevi-asos-yayinlari","10":"pa_yazar-ahu-aricioglu","12":"first","13":"instock","14":"sale","15":"shipping-taxable","16":"purchasable","17":"product-type-simple"},"_links":{"self":[{"href":"https:\/\/roveyayinevi.com.tr\/index.php\/wp-json\/wp\/v2\/product\/783724","targetHints":{"allow":["GET"]}}],"collection":[{"href":"https:\/\/roveyayinevi.com.tr\/index.php\/wp-json\/wp\/v2\/product"}],"about":[{"href":"https:\/\/roveyayinevi.com.tr\/index.php\/wp-json\/wp\/v2\/types\/product"}],"wp:attachment":[{"href":"https:\/\/roveyayinevi.com.tr\/index.php\/wp-json\/wp\/v2\/media?parent=783724"}],"wp:term":[{"taxonomy":"product_brand","embeddable":true,"href":"https:\/\/roveyayinevi.com.tr\/index.php\/wp-json\/wp\/v2\/product_brand?post=783724"},{"taxonomy":"product_cat","embeddable":true,"href":"https:\/\/roveyayinevi.com.tr\/index.php\/wp-json\/wp\/v2\/product_cat?post=783724"},{"taxonomy":"product_tag","embeddable":true,"href":"https:\/\/roveyayinevi.com.tr\/index.php\/wp-json\/wp\/v2\/product_tag?post=783724"}],"curies":[{"name":"wp","href":"https:\/\/api.w.org\/{rel}","templated":true}]}}