{"id":783721,"date":"2026-02-26T23:37:52","date_gmt":"2026-02-26T20:37:52","guid":{"rendered":"https:\/\/roveyayinevi.com.tr\/index.php\/urun\/islam-oncesi-araplar-ve-dinleri\/"},"modified":"2026-04-15T03:46:42","modified_gmt":"2026-04-15T00:46:42","slug":"islam-oncesi-araplar-ve-dinleri","status":"publish","type":"product","link":"https:\/\/roveyayinevi.com.tr\/index.php\/urun\/islam-oncesi-araplar-ve-dinleri\/","title":{"rendered":"\u0130slam \u00d6ncesi Araplar ve Dinleri"},"content":{"rendered":"<p>Kur&#8217;an&#8217;\u0131 anlama hususunda onun indi\u011fi ortam ve \u015fartlar\u0131 bilmenin ayr\u0131 bir \u00f6nemi vard\u0131r. Kur&#8217;an&#8217;\u0131n indi\u011fid\u00f6nemde Arap Yar\u0131madas\u0131nda kimler vard\u0131? Nas\u0131l bir hayat ya\u015f\u0131yorlard\u0131?Siyasi, dini ve sosyal yap\u0131lar\u0131 nas\u0131ld\u0131? Hayat\u0131n hakim rengi ne idi? Daha da \u00e7o\u011falt\u0131labilecek bu ve benzerisorulara cevap verebilmek i\u00e7in Kur&#8217;an&#8217;\u0131n (vahiyden bihaber anlam\u0131nda) cahiliye olarak niteledi\u011fi \u0130slam\u00f6ncesi Arap toplumu ile ilgili inceleme ve ara\u015ft\u0131rmalara ihtiya\u00e7 duyulmu\u015ftur.<\/p>\n","protected":false},"excerpt":{"rendered":"<p>Kur&#8217;an&#8217;\u0131 anlama hususunda onun indi\u011fi ortam ve \u015fartlar\u0131 bilmenin ayr\u0131 bir \u00f6nemi vard\u0131r. Kur&#8217;an&#8217;\u0131n indi\u011fid\u00f6nemde Arap Yar\u0131madas\u0131nda kimler vard\u0131? Nas\u0131l bir hayat ya\u015f\u0131yorlard\u0131?Siyasi, dini ve sosyal<span class=\"excerpt-hellip\"> [\u2026]<\/span><\/p>\n","protected":false},"featured_media":0,"template":"","meta":{"_monsterinsights_skip_tracking":false,"_monsterinsights_sitenote_active":false,"_monsterinsights_sitenote_note":"","_monsterinsights_sitenote_category":0},"product_brand":[],"product_cat":[12718,12719,18109],"product_tag":[],"class_list":{"0":"post-783721","1":"product","2":"type-product","3":"status-publish","5":"product_cat-din","6":"product_cat-islam","7":"product_cat-islam-tarihi","8":"pa_cilt-ciltsiz","9":"pa_tur-kitap","10":"pa_yayinevi-ankara-okulu-yayinlari","11":"pa_yazar-mahfuz-soylemez","12":"pa_yazar-mustafa-hizmetli","14":"first","15":"instock","16":"sale","17":"shipping-taxable","18":"purchasable","19":"product-type-simple"},"_links":{"self":[{"href":"https:\/\/roveyayinevi.com.tr\/index.php\/wp-json\/wp\/v2\/product\/783721","targetHints":{"allow":["GET"]}}],"collection":[{"href":"https:\/\/roveyayinevi.com.tr\/index.php\/wp-json\/wp\/v2\/product"}],"about":[{"href":"https:\/\/roveyayinevi.com.tr\/index.php\/wp-json\/wp\/v2\/types\/product"}],"wp:attachment":[{"href":"https:\/\/roveyayinevi.com.tr\/index.php\/wp-json\/wp\/v2\/media?parent=783721"}],"wp:term":[{"taxonomy":"product_brand","embeddable":true,"href":"https:\/\/roveyayinevi.com.tr\/index.php\/wp-json\/wp\/v2\/product_brand?post=783721"},{"taxonomy":"product_cat","embeddable":true,"href":"https:\/\/roveyayinevi.com.tr\/index.php\/wp-json\/wp\/v2\/product_cat?post=783721"},{"taxonomy":"product_tag","embeddable":true,"href":"https:\/\/roveyayinevi.com.tr\/index.php\/wp-json\/wp\/v2\/product_tag?post=783721"}],"curies":[{"name":"wp","href":"https:\/\/api.w.org\/{rel}","templated":true}]}}