{"id":783718,"date":"2026-02-26T23:37:45","date_gmt":"2026-02-26T20:37:45","guid":{"rendered":"https:\/\/roveyayinevi.com.tr\/index.php\/urun\/imtihan-psikolojisi-var-olmanin-hakkini-vermek-imtihan\/"},"modified":"2026-04-15T03:46:42","modified_gmt":"2026-04-15T00:46:42","slug":"imtihan-psikolojisi-var-olmanin-hakkini-vermek-imtihan","status":"publish","type":"product","link":"https:\/\/roveyayinevi.com.tr\/index.php\/urun\/imtihan-psikolojisi-var-olmanin-hakkini-vermek-imtihan\/","title":{"rendered":"\u0130mtihan Psikolojisi; Var Olman\u0131n Hakk\u0131n\u0131 Vermek: \u0130mtihan"},"content":{"rendered":"<p>Bu \u00e7al\u0131\u015fma, down sendromlu \u00e7ocuklara sahip anne babalar\u0131n ya\u015fam\u0131\u015f olduklar\u0131 bu zor ve s\u0131k\u0131nt\u0131l\u0131 s\u00fcrece uyum sa\u011flamalar\u0131nda dini inanc\u0131n etkisini &#8220;ilk tepkiler, kar\u015f\u0131la\u015f\u0131lan s\u0131k\u0131nt\u0131 ve zorluklar, s\u00fcre\u00e7 y\u00f6netimi ve destek ihtiyac\u0131, dini y\u00f6nden anlamland\u0131rma&#8221; \u00e7er\u00e7evesinde ele al\u0131p a\u00e7\u0131klamaya \u00e7al\u0131\u015fmakt\u0131r. Anne babalar\u0131n g\u00f6stermi\u015f oldu\u011fu tepkiler, durumu kabullenme a\u015famalar\u0131, duruma uyum sa\u011flay\u0131p tekrardan hayata tutunacak bir g\u00fcce ula\u015fmalar\u0131 ve bundan sonras\u0131 i\u00e7in neler yapmalar\u0131 gerekti\u011fi hakk\u0131nda bir tav\u0131r sergilemeleri olduk\u00e7a \u00f6nemlidir. \u0130\u015fte bu ya\u015fan\u0131lan s\u00fcre\u00e7ler \u00fczerinde, dini inanc\u0131n ne t\u00fcr bir etkisinin oldu\u011fu meselesi ayn\u0131 zamanda iman-anlam ili\u015fkisi hakk\u0131nda yeni bilgiler edinilmesine yard\u0131mc\u0131 olacakt\u0131r.<\/p>\n","protected":false},"excerpt":{"rendered":"<p>Bu \u00e7al\u0131\u015fma, down sendromlu \u00e7ocuklara sahip anne babalar\u0131n ya\u015fam\u0131\u015f olduklar\u0131 bu zor ve s\u0131k\u0131nt\u0131l\u0131 s\u00fcrece uyum sa\u011flamalar\u0131nda dini inanc\u0131n etkisini &#8220;ilk tepkiler, kar\u015f\u0131la\u015f\u0131lan s\u0131k\u0131nt\u0131 ve zorluklar,<span class=\"excerpt-hellip\"> [\u2026]<\/span><\/p>\n","protected":false},"featured_media":0,"template":"","meta":{"_monsterinsights_skip_tracking":false,"_monsterinsights_sitenote_active":false,"_monsterinsights_sitenote_note":"","_monsterinsights_sitenote_category":0},"product_brand":[],"product_cat":[12718,12719],"product_tag":[],"class_list":{"0":"post-783718","1":"product","2":"type-product","3":"status-publish","5":"product_cat-din","6":"product_cat-islam","7":"pa_cilt-ciltsiz","8":"pa_tur-kitap","9":"pa_yayinevi-fecr-yayinlari","10":"pa_yazar-behlul-tokur","12":"first","13":"instock","14":"sale","15":"shipping-taxable","16":"purchasable","17":"product-type-simple"},"_links":{"self":[{"href":"https:\/\/roveyayinevi.com.tr\/index.php\/wp-json\/wp\/v2\/product\/783718","targetHints":{"allow":["GET"]}}],"collection":[{"href":"https:\/\/roveyayinevi.com.tr\/index.php\/wp-json\/wp\/v2\/product"}],"about":[{"href":"https:\/\/roveyayinevi.com.tr\/index.php\/wp-json\/wp\/v2\/types\/product"}],"wp:attachment":[{"href":"https:\/\/roveyayinevi.com.tr\/index.php\/wp-json\/wp\/v2\/media?parent=783718"}],"wp:term":[{"taxonomy":"product_brand","embeddable":true,"href":"https:\/\/roveyayinevi.com.tr\/index.php\/wp-json\/wp\/v2\/product_brand?post=783718"},{"taxonomy":"product_cat","embeddable":true,"href":"https:\/\/roveyayinevi.com.tr\/index.php\/wp-json\/wp\/v2\/product_cat?post=783718"},{"taxonomy":"product_tag","embeddable":true,"href":"https:\/\/roveyayinevi.com.tr\/index.php\/wp-json\/wp\/v2\/product_tag?post=783718"}],"curies":[{"name":"wp","href":"https:\/\/api.w.org\/{rel}","templated":true}]}}