{"id":783717,"date":"2026-02-26T23:37:43","date_gmt":"2026-02-26T20:37:43","guid":{"rendered":"https:\/\/roveyayinevi.com.tr\/index.php\/urun\/evrim-nedir-ne-degildir\/"},"modified":"2026-04-15T03:46:42","modified_gmt":"2026-04-15T00:46:42","slug":"evrim-nedir-ne-degildir","status":"publish","type":"product","link":"https:\/\/roveyayinevi.com.tr\/index.php\/urun\/evrim-nedir-ne-degildir\/","title":{"rendered":"Evrim Nedir Ne De\u011fildir?"},"content":{"rendered":"<p>Yazarlar : Mustafa \u00d6zt\u00fcrk, H\u00fcseyin Allahverdi, Ahmet Emin Seyhan, Mehmet Bul\u011fenYarat\u0131l\u0131\u015fla ilgili ayetler, ilk, asli, tarih\u00ee mana ve mesaj itibar\u0131yla m\u00fc\u015frik ve k\u00e2fir insan\u0131n, kendisini var eden Allah&#8217;a kar\u015f\u0131 nank\u00f6rl\u00fckte bulundu\u011funa dikkat \u00e7ekmekle birlikte, bu dikkat \u00e7eki\u015f, her \u00e7a\u011fdaki m\u00fcnkir ve nank\u00f6r insanlar i\u00e7in de b\u00fct\u00fcn boyutlar\u0131yla ge\u00e7erlidir. S\u00f6z konusu ayetler, yine her \u00e7a\u011fdaki m\u00fcmin insanlara da hamd ve \u015f\u00fck\u00fcr mesajlar\u0131 i\u00e7erir. Asl\u0131nda bu mesajlar, zihinsel olarak \u00e7ok sade ve basit olarak kavranabilir g\u00f6r\u00fcnmekle birlikte, pratik hayatta \u00f6z\u00fcmseme ve gere\u011fince edip eyleme noktas\u0131nda \u00e7ok ciddi bir imani ve irfani duyarl\u0131l\u0131k gerektirir. Bu a\u00e7\u0131dan bak\u0131ld\u0131\u011f\u0131nda, k\u00e2inattaki b\u00fcy\u00fck-k\u00fc\u00e7\u00fck t\u00fcm varl\u0131klar\u0131n, g\u00fcne\u015f ve aydan, da\u011flar ve ta\u015flara, ku\u015flardan nebatata kadar b\u00fct\u00fcn her \u015feyin, kendilerine v\u00fccut veren Allah&#8217;\u0131 tesbihle (y\u00fcceltme) me\u015fgul olduklar\u0131 idrak edilir. Canl\u0131-cans\u0131z t\u00fcm varl\u0131klar\u0131n Allah&#8217;a secde (sayg\u0131) ve tesbih (y\u00fcceltme) h\u00e2linde bulunmas\u0131, Allah&#8217;\u0131n, kendilerine y\u00fckledi\u011fi i\u015flevleri kusursuz bi\u00e7imde yerine getirmek suretiyle O&#8217;nun yaratma kanununa boyun e\u011fmesi anlam\u0131na gelir. K\u00e2inattaki m\u00fckemmel d\u00fczen ve i\u015fleyi\u015f, Allah&#8217;\u0131n yaratma fiilindeki hikmet ve inayeti de g\u00f6sterir. &#8220;Nedir Ne De\u011fildir?&#8221; projesi \u00e7er\u00e7evesinde telif edilen 10 kitaptan olu\u015fan bu seride, g\u00fcn\u00fcm\u00fczde s\u0131k s\u0131k tart\u0131\u015f\u0131lan konular \u00fczerinden ilm\u00ee disiplinlerin birbirleriyle ili\u015fkileri, ayr\u0131ld\u0131klar\u0131 noktalar ve y\u00f6ntem farkl\u0131l\u0131klar\u0131n\u0131 g\u00f6stermeye \u00e7al\u0131\u015ft\u0131k. Ayn\u0131 konuda, tefsir, hadis ve kelam olmak \u00fczere \u00fc\u00e7\u00fc sabit, biri ise ele al\u0131nan konuya g\u00f6re de\u011fi\u015fken olmak \u00fczere d\u00f6rt ilim dal\u0131ndan d\u00f6rt uzman\u0131n konuyu ele almalar\u0131n\u0131, ortaya koymalar\u0131n\u0131 istedik.Bizi bu projeyi ger\u00e7ekle\u015ftirmeye te\u015fvik eden etkenlerden biri, son d\u00f6nemlerde din\u00ee konularda yap\u0131lan tart\u0131\u015fmalar\u0131n d\u00fczeyinin olduk\u00e7a d\u00fc\u015fm\u00fc\u015f oldu\u011funu g\u00f6zlemlememizdir. Nitekim din\u00ee tart\u0131\u015fmalara yetkin olan ya da olmayan herkes kat\u0131labilmekte, hatta \u00e7o\u011fu zaman konu\u015fmas\u0131 gerekenlere s\u00f6z verilmemektedir. Bu proje ile bilim insanlar\u0131n\u0131n, g\u00f6r\u00fc\u015flerini polemik ortam\u0131 olmadan s\u00fck\u00fbnetle anlatmalar\u0131na zemin olu\u015fturmaya \u00e7al\u0131\u015ft\u0131k.Proje, M\u00fcsl\u00fcman bilim insanlar\u0131n\u0131n, birbirlerini d\u0131\u015flamadan, \u00f6tekile\u015ftirmeden ve tekfir etmeden g\u00f6r\u00fc\u015flerini ortaya koyabilmelerinin imk\u00e2ns\u0131z olmad\u0131\u011f\u0131n\u0131 bir kez daha g\u00f6stermi\u015ftir. Okuyucu, bilim insanlar\u0131n\u0131n birikim ve yakla\u015f\u0131mlar\u0131na dayanan g\u00f6r\u00fc\u015flerden diledi\u011fini se\u00e7mekte \u00f6zg\u00fcrd\u00fcr. Dilerse farkl\u0131 g\u00f6r\u00fc\u015flerin kendince kabul edilebilir taraflar\u0131n\u0131 alarak ba\u015fka bir sentezle yeni bir yol da a\u00e7abilir.<\/p>\n","protected":false},"excerpt":{"rendered":"<p>Yazarlar : Mustafa \u00d6zt\u00fcrk, H\u00fcseyin Allahverdi, Ahmet Emin Seyhan, Mehmet Bul\u011fenYarat\u0131l\u0131\u015fla ilgili ayetler, ilk, asli, tarih\u00ee mana ve mesaj itibar\u0131yla m\u00fc\u015frik ve k\u00e2fir insan\u0131n, kendisini var<span class=\"excerpt-hellip\"> [\u2026]<\/span><\/p>\n","protected":false},"featured_media":0,"template":"","meta":{"_monsterinsights_skip_tracking":false,"_monsterinsights_sitenote_active":false,"_monsterinsights_sitenote_note":"","_monsterinsights_sitenote_category":0},"product_brand":[],"product_cat":[12718,12719],"product_tag":[],"class_list":{"0":"post-783717","1":"product","2":"type-product","3":"status-publish","5":"product_cat-din","6":"product_cat-islam","7":"pa_cilt-ciltsiz","8":"pa_tur-kitap","9":"pa_yayinevi-fecr-yayinlari","10":"pa_yazar-kolektif","12":"first","13":"instock","14":"sale","15":"shipping-taxable","16":"purchasable","17":"product-type-simple"},"_links":{"self":[{"href":"https:\/\/roveyayinevi.com.tr\/index.php\/wp-json\/wp\/v2\/product\/783717","targetHints":{"allow":["GET"]}}],"collection":[{"href":"https:\/\/roveyayinevi.com.tr\/index.php\/wp-json\/wp\/v2\/product"}],"about":[{"href":"https:\/\/roveyayinevi.com.tr\/index.php\/wp-json\/wp\/v2\/types\/product"}],"wp:attachment":[{"href":"https:\/\/roveyayinevi.com.tr\/index.php\/wp-json\/wp\/v2\/media?parent=783717"}],"wp:term":[{"taxonomy":"product_brand","embeddable":true,"href":"https:\/\/roveyayinevi.com.tr\/index.php\/wp-json\/wp\/v2\/product_brand?post=783717"},{"taxonomy":"product_cat","embeddable":true,"href":"https:\/\/roveyayinevi.com.tr\/index.php\/wp-json\/wp\/v2\/product_cat?post=783717"},{"taxonomy":"product_tag","embeddable":true,"href":"https:\/\/roveyayinevi.com.tr\/index.php\/wp-json\/wp\/v2\/product_tag?post=783717"}],"curies":[{"name":"wp","href":"https:\/\/api.w.org\/{rel}","templated":true}]}}