{"id":783716,"date":"2026-02-26T23:37:40","date_gmt":"2026-02-26T20:37:40","guid":{"rendered":"https:\/\/roveyayinevi.com.tr\/index.php\/urun\/hilafet-nedir-ne-degildir\/"},"modified":"2026-04-15T03:46:41","modified_gmt":"2026-04-15T00:46:41","slug":"hilafet-nedir-ne-degildir","status":"publish","type":"product","link":"https:\/\/roveyayinevi.com.tr\/index.php\/urun\/hilafet-nedir-ne-degildir\/","title":{"rendered":"Hilafet Nedir Ne De\u011fildir?"},"content":{"rendered":"<p>Yazarlar : Prof. Dr. Kadir Canatan Prof. Dr. Mustafa \u00d6zt\u00fcrk Dr. \u00d6\u011fretim \u00dcyesi Fuat \u0130stemi Do\u00e7. Dr. R\u0131dvan \u00d6zdin\u00e7M\u00fcsl\u00fcman toplumlar\u0131n temel siyasal kurumu olan hilafet, yirminci y\u00fczy\u0131l\u0131n ba\u015f\u0131nda T\u00fcrkiye Cumhuriyeti&#8217;ninkurulu\u015funun ard\u0131ndan ilga edilmi\u015fse de h\u00e2len tart\u0131\u015f\u0131lmaya devam etmektedir. Bu tart\u0131\u015fmalarda sadecesiyasi y\u00f6n\u00fc de\u011fil, din\u00ee y\u00f6n\u00fc de g\u00fcndeme gelmekte ve bunun din\u00ee bir gereklilik olup olmad\u0131\u011f\u0131, hatta baz\u0131 din\u00eeg\u00f6revlerin yerine getirilmesinin bu kurumun varl\u0131\u011f\u0131yla alakas\u0131 ele al\u0131nmaktad\u0131r. Hilafet kurumunun s\u00fcreklig\u00fcndeme gelmesine vesile olan ger\u00e7ek, hilafetin kald\u0131r\u0131ld\u0131\u011f\u0131 g\u00fcnden beri M\u00fcsl\u00fcman d\u00fcnyada toplumsal vesiyasal bir istikrars\u0131zl\u0131\u011f\u0131n h\u00fck\u00fcm s\u00fcrmesidir. D\u00fcnya M\u00fcsl\u00fcmanlar\u0131n\u0131n istikrar ve d\u00fczen aray\u0131\u015f\u0131, hilafethakk\u0131ndaki tart\u0131\u015fmalar\u0131 g\u00fcndeme getirmekte, bu kurumun yeniden kurulmas\u0131n\u0131n \u00e2deta t\u00fcm sorunlar\u0131\u00e7\u00f6zece\u011fi d\u00fc\u015f\u00fcn\u00fclmektedir.&#8221;Nedir Ne De\u011fildir?&#8221; projesi \u00e7er\u00e7evesinde telif edilen 10 kitaptan olu\u015fan bu seride, g\u00fcn\u00fcm\u00fczde s\u0131k s\u0131ktart\u0131\u015f\u0131lan konular \u00fczerinden ilm\u00ee disiplinlerin birbirleriyle ili\u015fkileri, ayr\u0131ld\u0131klar\u0131 noktalar ve y\u00f6ntemfarkl\u0131l\u0131klar\u0131n\u0131 g\u00f6stermeye \u00e7al\u0131\u015ft\u0131k. Ayn\u0131 konuda, tefsir, hadis ve kelam olmak \u00fczere \u00fc\u00e7\u00fc sabit, biri ise eleal\u0131nan konuya g\u00f6re de\u011fi\u015fken olmak \u00fczere d\u00f6rt ilim dal\u0131ndan d\u00f6rt uzman\u0131n konuyu ele almalar\u0131n\u0131, ortayakoymalar\u0131n\u0131 istedik.Bizi bu projeyi ger\u00e7ekle\u015ftirmeye te\u015fvik eden etkenlerden biri, son d\u00f6nemlerde din\u00ee konularda yap\u0131lantart\u0131\u015fmalar\u0131n d\u00fczeyinin olduk\u00e7a d\u00fc\u015fm\u00fc\u015f oldu\u011funu g\u00f6zlemlememizdir. Nitekim din\u00ee tart\u0131\u015fmalara yetkin olanya da olmayan herkes kat\u0131labilmekte, hatta \u00e7o\u011fu zaman konu\u015fmas\u0131 gerekenlere s\u00f6z verilmemektedir. Buproje ile bilim insanlar\u0131n\u0131n, g\u00f6r\u00fc\u015flerini polemik ortam\u0131 olmadan s\u00fck\u00fbnetle anlatmalar\u0131na zemin olu\u015fturmaya\u00e7al\u0131\u015ft\u0131k.Proje, M\u00fcsl\u00fcman bilim insanlar\u0131n\u0131n, birbirlerini d\u0131\u015flamadan, \u00f6tekile\u015ftirmeden ve tekfir etmeden g\u00f6r\u00fc\u015fleriniortaya koyabilmelerinin imk\u00e2ns\u0131z olmad\u0131\u011f\u0131n\u0131 bir kez daha g\u00f6stermi\u015ftir. Okuyucu, bilim insanlar\u0131n\u0131n birikimve yakla\u015f\u0131mlar\u0131na dayanan g\u00f6r\u00fc\u015flerden diledi\u011fini se\u00e7mekte \u00f6zg\u00fcrd\u00fcr. Dilerse farkl\u0131 g\u00f6r\u00fc\u015flerin kendincekabul edilebilir taraflar\u0131n\u0131 alarak ba\u015fka bir sentezle yeni bir yol da a\u00e7abilir.Proje Edit\u00f6r\u00fcProf. Dr. Adnan DemircanBilim Dal\u0131 Edit\u00f6rleriProf. Dr. Adnan Demircan &#8211; Prof. Dr. Ahmet Kele\u015f &#8211; Prof. Dr. Mahmut \u00c7\u0131nar &#8211; Prof. Dr. Ya\u015far D\u00fczenli<\/p>\n","protected":false},"excerpt":{"rendered":"<p>Yazarlar : Prof. Dr. Kadir Canatan Prof. Dr. Mustafa \u00d6zt\u00fcrk Dr. \u00d6\u011fretim \u00dcyesi Fuat \u0130stemi Do\u00e7. Dr. R\u0131dvan \u00d6zdin\u00e7M\u00fcsl\u00fcman toplumlar\u0131n temel siyasal kurumu olan hilafet, yirminci<span class=\"excerpt-hellip\"> [\u2026]<\/span><\/p>\n","protected":false},"featured_media":0,"template":"","meta":{"_monsterinsights_skip_tracking":false,"_monsterinsights_sitenote_active":false,"_monsterinsights_sitenote_note":"","_monsterinsights_sitenote_category":0},"product_brand":[],"product_cat":[16789,12718,12719],"product_tag":[],"class_list":{"0":"post-783716","1":"product","2":"type-product","3":"status-publish","5":"product_cat-diger-islam","6":"product_cat-din","7":"product_cat-islam","8":"pa_cilt-ciltsiz","9":"pa_tur-kitap","10":"pa_yayinevi-fecr-yayinlari","11":"pa_yazar-kolektif","13":"first","14":"instock","15":"sale","16":"shipping-taxable","17":"purchasable","18":"product-type-simple"},"_links":{"self":[{"href":"https:\/\/roveyayinevi.com.tr\/index.php\/wp-json\/wp\/v2\/product\/783716","targetHints":{"allow":["GET"]}}],"collection":[{"href":"https:\/\/roveyayinevi.com.tr\/index.php\/wp-json\/wp\/v2\/product"}],"about":[{"href":"https:\/\/roveyayinevi.com.tr\/index.php\/wp-json\/wp\/v2\/types\/product"}],"wp:attachment":[{"href":"https:\/\/roveyayinevi.com.tr\/index.php\/wp-json\/wp\/v2\/media?parent=783716"}],"wp:term":[{"taxonomy":"product_brand","embeddable":true,"href":"https:\/\/roveyayinevi.com.tr\/index.php\/wp-json\/wp\/v2\/product_brand?post=783716"},{"taxonomy":"product_cat","embeddable":true,"href":"https:\/\/roveyayinevi.com.tr\/index.php\/wp-json\/wp\/v2\/product_cat?post=783716"},{"taxonomy":"product_tag","embeddable":true,"href":"https:\/\/roveyayinevi.com.tr\/index.php\/wp-json\/wp\/v2\/product_tag?post=783716"}],"curies":[{"name":"wp","href":"https:\/\/api.w.org\/{rel}","templated":true}]}}