{"id":783714,"date":"2026-02-26T23:37:35","date_gmt":"2026-02-26T20:37:35","guid":{"rendered":"https:\/\/roveyayinevi.com.tr\/index.php\/urun\/kader-nedir-ne-degildir\/"},"modified":"2026-04-15T03:46:41","modified_gmt":"2026-04-15T00:46:41","slug":"kader-nedir-ne-degildir","status":"publish","type":"product","link":"https:\/\/roveyayinevi.com.tr\/index.php\/urun\/kader-nedir-ne-degildir\/","title":{"rendered":"Kader Nedir Ne De\u011fildir?"},"content":{"rendered":"<p>Yazarlar : Do\u00e7. Dr. Saffet Kartopu Do\u00e7. Dr. \u00d6mer M\u00fcft\u00fco\u011flu Prof. Dr. Ahmet Kele\u015f Prof. Dr. \u0130lyas \u00c7elebiKadercili\u011fin tan\u0131m\u0131 incelendi\u011finde farkl\u0131 boyutlar\u0131n\u0131n oldu\u011fu g\u00f6r\u00fclmektedir. Kadercili\u011fin tan\u0131m\u0131nda ge\u00e7enki\u015fisel kontrol\u00fcn pasif bir bi\u00e7imde reddedilmesi, kadercili\u011fin ki\u015fisel kontrol boyutuna, olanlar\u0131nsorumlulu\u011funun do\u011fa\u00fcst\u00fc bir g\u00fcce atfedilmesi, \u015fans ve bat\u0131l inan\u00e7 boyutlar\u0131na ve belirlenen al\u0131n yaz\u0131s\u0131n\u0131nde\u011fi\u015fmeyece\u011fi inanc\u0131, \u00f6nceden belirlenmi\u015flik boyutuna i\u015faret etmektedir. Kadercilik, temelde tek tanr\u0131l\u0131dinlerde \u00f6n plana \u00e7\u0131kan kader inanc\u0131na dayansa da tek tanr\u0131l\u0131 din inanc\u0131n\u0131n olmad\u0131\u011f\u0131 toplumlarda dag\u00f6zlemlenmektedir. Bu olgu, kadercili\u011fin sadece din\u00ee boyutta ele al\u0131nmamas\u0131 gerekti\u011fini g\u00f6stermektedir.Kadercilik, olaylar\u0131 bilme, a\u00e7\u0131klama ve yorumlama konusunda insanlar\u0131 boyun e\u011fme ve itaate sevkedebilmektedir. Bu y\u00f6n\u00fcyle de istenmeyen davran\u0131\u015flar\u0131 me\u015frula\u015ft\u0131rmas\u0131, kadercili\u011fin olumsuz bir kavramolarak ele al\u0131nmas\u0131 sonucunu beraberinde getirmektedir.&#8221;Nedir Ne De\u011fildir?&#8221; projesi \u00e7er\u00e7evesinde telif edilen 10 kitaptan olu\u015fan bu seride, g\u00fcn\u00fcm\u00fczde s\u0131k s\u0131ktart\u0131\u015f\u0131lan konular \u00fczerinden ilm\u00ee disiplinlerin birbirleriyle ili\u015fkileri, ayr\u0131ld\u0131klar\u0131 noktalar ve y\u00f6ntemfarkl\u0131l\u0131klar\u0131n\u0131 g\u00f6stermeye \u00e7al\u0131\u015ft\u0131k. Ayn\u0131 konuda, tefsir, hadis ve kelam olmak \u00fczere \u00fc\u00e7\u00fc sabit, biri ise eleal\u0131nan konuya g\u00f6re de\u011fi\u015fken olmak \u00fczere d\u00f6rt ilim dal\u0131ndan d\u00f6rt uzman\u0131n konuyu ele almalar\u0131n\u0131, ortayakoymalar\u0131n\u0131 istedik.Bizi bu projeyi ger\u00e7ekle\u015ftirmeye te\u015fvik eden etkenlerden biri, son d\u00f6nemlerde din\u00ee konularda yap\u0131lantart\u0131\u015fmalar\u0131n d\u00fczeyinin olduk\u00e7a d\u00fc\u015fm\u00fc\u015f oldu\u011funu g\u00f6zlemlememizdir. Nitekim din\u00ee tart\u0131\u015fmalara yetkin olanya da olmayan herkes kat\u0131labilmekte, hatta \u00e7o\u011fu zaman konu\u015fmas\u0131 gerekenlere s\u00f6z verilmemektedir. Buproje ile bilim insanlar\u0131n\u0131n, g\u00f6r\u00fc\u015flerini polemik ortam\u0131 olmadan s\u00fck\u00fbnetle anlatmalar\u0131na zemin olu\u015fturmaya\u00e7al\u0131\u015ft\u0131k.Proje, M\u00fcsl\u00fcman bilim insanlar\u0131n\u0131n, birbirlerini d\u0131\u015flamadan, \u00f6tekile\u015ftirmeden ve tekfir etmeden g\u00f6r\u00fc\u015fleriniortaya koyabilmelerinin imk\u00e2ns\u0131z olmad\u0131\u011f\u0131n\u0131 bir kez daha g\u00f6stermi\u015ftir. Okuyucu, bilim insanlar\u0131n\u0131n birikimve yakla\u015f\u0131mlar\u0131na dayanan g\u00f6r\u00fc\u015flerden diledi\u011fini se\u00e7mekte \u00f6zg\u00fcrd\u00fcr. Dilerse farkl\u0131 g\u00f6r\u00fc\u015flerin kendincekabul edilebilir taraflar\u0131n\u0131 alarak ba\u015fka bir sentezle yeni bir yol da a\u00e7abilir.Proje Edit\u00f6r\u00fcProf. Dr. Adnan DemircanBilim Dal\u0131 Edit\u00f6rleriProf. Dr. Adnan Demircan &#8211; Prof. Dr. Ahmet Kele\u015f &#8211; Prof. Dr. Mahmut \u00c7\u0131nar &#8211; Prof. Dr. Ya\u015far D\u00fczenli<\/p>\n","protected":false},"excerpt":{"rendered":"<p>Yazarlar : Do\u00e7. Dr. Saffet Kartopu Do\u00e7. Dr. \u00d6mer M\u00fcft\u00fco\u011flu Prof. Dr. Ahmet Kele\u015f Prof. Dr. \u0130lyas \u00c7elebiKadercili\u011fin tan\u0131m\u0131 incelendi\u011finde farkl\u0131 boyutlar\u0131n\u0131n oldu\u011fu g\u00f6r\u00fclmektedir. Kadercili\u011fin tan\u0131m\u0131nda<span class=\"excerpt-hellip\"> [\u2026]<\/span><\/p>\n","protected":false},"featured_media":0,"template":"","meta":{"_monsterinsights_skip_tracking":false,"_monsterinsights_sitenote_active":false,"_monsterinsights_sitenote_note":"","_monsterinsights_sitenote_category":0},"product_brand":[],"product_cat":[16789,12718,12719],"product_tag":[],"class_list":{"0":"post-783714","1":"product","2":"type-product","3":"status-publish","5":"product_cat-diger-islam","6":"product_cat-din","7":"product_cat-islam","8":"pa_cilt-ciltsiz","9":"pa_tur-kitap","10":"pa_yayinevi-fecr-yayinlari","11":"pa_yazar-kolektif","13":"first","14":"instock","15":"sale","16":"shipping-taxable","17":"purchasable","18":"product-type-simple"},"_links":{"self":[{"href":"https:\/\/roveyayinevi.com.tr\/index.php\/wp-json\/wp\/v2\/product\/783714","targetHints":{"allow":["GET"]}}],"collection":[{"href":"https:\/\/roveyayinevi.com.tr\/index.php\/wp-json\/wp\/v2\/product"}],"about":[{"href":"https:\/\/roveyayinevi.com.tr\/index.php\/wp-json\/wp\/v2\/types\/product"}],"wp:attachment":[{"href":"https:\/\/roveyayinevi.com.tr\/index.php\/wp-json\/wp\/v2\/media?parent=783714"}],"wp:term":[{"taxonomy":"product_brand","embeddable":true,"href":"https:\/\/roveyayinevi.com.tr\/index.php\/wp-json\/wp\/v2\/product_brand?post=783714"},{"taxonomy":"product_cat","embeddable":true,"href":"https:\/\/roveyayinevi.com.tr\/index.php\/wp-json\/wp\/v2\/product_cat?post=783714"},{"taxonomy":"product_tag","embeddable":true,"href":"https:\/\/roveyayinevi.com.tr\/index.php\/wp-json\/wp\/v2\/product_tag?post=783714"}],"curies":[{"name":"wp","href":"https:\/\/api.w.org\/{rel}","templated":true}]}}