{"id":783712,"date":"2026-02-26T23:37:31","date_gmt":"2026-02-26T20:37:31","guid":{"rendered":"https:\/\/roveyayinevi.com.tr\/index.php\/urun\/insan-butun-eserleri-24\/"},"modified":"2026-04-15T03:46:41","modified_gmt":"2026-04-15T00:46:41","slug":"insan-butun-eserleri-24","status":"publish","type":"product","link":"https:\/\/roveyayinevi.com.tr\/index.php\/urun\/insan-butun-eserleri-24\/","title":{"rendered":"\u0130nsan; B\u00fct\u00fcn Eserleri 24"},"content":{"rendered":"<p>\u0130nsan yery\u00fcz\u00fcnde Allah&#8217;\u0131n halifesi ve onun akrabas\u0131d\u0131r. Di\u011fer b\u00fct\u00fcn varl\u0131klar\u0131n kendi emrine verildi\u011fi, irade sahibi olan, Allah&#8217;\u0131n se\u00e7ti\u011fi yegane varl\u0131kt\u0131r. Yani yery\u00fcz\u00fcnde mutlak irade sahibi olan istedi\u011fi her\u015feyi yapan Allah, kendi ruhundan insana \u00fcflemi\u015ftir. \u0130nsan, iradesiyle yery\u00fcz\u00fcnde Allah&#8217;a benzer \u015fekilde O&#8217;nun gibi hareket edebilir. Ancak O&#8217;nun kadar de\u011fil.Hepsinden \u00f6nemlisi de insan\u0131n bal\u00e7\u0131k ve Allah aras\u0131nda bulunmas\u0131 ve irade sahibi oldu\u011fu i\u00e7in de ikisinden birine meyletme serbestisinin elinde olmas\u0131d\u0131r. \u00d6zg\u00fcrl\u00fck ve se\u00e7me hakk\u0131 insan\u0131n sorumlu olma zorunlulu\u011funu da beraberinde getirir. Bundan dolay\u0131d\u0131r ki \u0130slam&#8217;a g\u00f6re insan, kendi al\u0131n yaz\u0131s\u0131ndan sorumlu olan tek varl\u0131kt\u0131r.<\/p>\n","protected":false},"excerpt":{"rendered":"<p>\u0130nsan yery\u00fcz\u00fcnde Allah&#8217;\u0131n halifesi ve onun akrabas\u0131d\u0131r. Di\u011fer b\u00fct\u00fcn varl\u0131klar\u0131n kendi emrine verildi\u011fi, irade sahibi olan, Allah&#8217;\u0131n se\u00e7ti\u011fi yegane varl\u0131kt\u0131r. Yani yery\u00fcz\u00fcnde mutlak irade sahibi olan<span class=\"excerpt-hellip\"> [\u2026]<\/span><\/p>\n","protected":false},"featured_media":0,"template":"","meta":{"_monsterinsights_skip_tracking":false,"_monsterinsights_sitenote_active":false,"_monsterinsights_sitenote_note":"","_monsterinsights_sitenote_category":0},"product_brand":[],"product_cat":[12325,12324],"product_tag":[],"class_list":{"0":"post-783712","1":"product","2":"type-product","3":"status-publish","5":"product_cat-diger-sosyoloji","6":"product_cat-sosyoloji","7":"pa_cilt-ciltsiz","8":"pa_tur-kitap","9":"pa_yayinevi-fecr-yayinlari","10":"pa_yazar-ali-seriati","12":"first","13":"instock","14":"sale","15":"shipping-taxable","16":"purchasable","17":"product-type-simple"},"_links":{"self":[{"href":"https:\/\/roveyayinevi.com.tr\/index.php\/wp-json\/wp\/v2\/product\/783712","targetHints":{"allow":["GET"]}}],"collection":[{"href":"https:\/\/roveyayinevi.com.tr\/index.php\/wp-json\/wp\/v2\/product"}],"about":[{"href":"https:\/\/roveyayinevi.com.tr\/index.php\/wp-json\/wp\/v2\/types\/product"}],"wp:attachment":[{"href":"https:\/\/roveyayinevi.com.tr\/index.php\/wp-json\/wp\/v2\/media?parent=783712"}],"wp:term":[{"taxonomy":"product_brand","embeddable":true,"href":"https:\/\/roveyayinevi.com.tr\/index.php\/wp-json\/wp\/v2\/product_brand?post=783712"},{"taxonomy":"product_cat","embeddable":true,"href":"https:\/\/roveyayinevi.com.tr\/index.php\/wp-json\/wp\/v2\/product_cat?post=783712"},{"taxonomy":"product_tag","embeddable":true,"href":"https:\/\/roveyayinevi.com.tr\/index.php\/wp-json\/wp\/v2\/product_tag?post=783712"}],"curies":[{"name":"wp","href":"https:\/\/api.w.org\/{rel}","templated":true}]}}