{"id":783711,"date":"2026-02-26T23:37:29","date_gmt":"2026-02-26T20:37:29","guid":{"rendered":"https:\/\/roveyayinevi.com.tr\/index.php\/urun\/dua-butun-eserleri-08\/"},"modified":"2026-04-15T03:46:41","modified_gmt":"2026-04-15T00:46:41","slug":"dua-butun-eserleri-08","status":"publish","type":"product","link":"https:\/\/roveyayinevi.com.tr\/index.php\/urun\/dua-butun-eserleri-08\/","title":{"rendered":"Dua; B\u00fct\u00fcn Eserleri 08"},"content":{"rendered":"<p>Ey Rabbim! Alimlerimize sorumluluk, avam\u0131m\u0131za ilim, m\u00fcminlerimize ayd\u0131nl\u0131k, ayd\u0131nlar\u0131m\u0131za iman, tutucular\u0131m\u0131za anlay\u0131\u015f, anlam\u0131\u015flar\u0131m\u0131za tutuculuk, kad\u0131nlar\u0131m\u0131za \u015fuur, erkeklerimize \u015feref, ya\u015fl\u0131lar\u0131m\u0131za bilgi, gen\u00e7lerimize asalet, hocalar\u0131m\u0131za irade, tebli\u011fcilerimize hakikat, dindarlar\u0131m\u0131za din, \u015fairlerimize \u015fuur, ara\u015ft\u0131rmac\u0131lar\u0131m\u0131za hedef, umutsuzlar\u0131m\u0131za umut, zay\u0131flar\u0131m\u0131za g\u00fc\u00e7, muhafazakarlar\u0131m\u0131za hareket, \u00f6l\u00fclerimize hayat, k\u00f6rlerimize g\u00f6r\u00fc\u015f, suskunar\u0131m\u0131za feryat, M\u00fcsl\u00fcmanlar\u0131m\u0131za Kur&#8217;an, \u015eiilerimize Ali, f\u0131rkalar\u0131m\u0131za birlik, k\u0131skan\u00e7lar\u0131m\u0131za \u015fifa, kendini be\u011fenmi\u015flerimize insaf, k\u00fcf\u00fcrbazlar\u0131m\u0131za edep, m\u00fccahitlerimize sab\u0131r, halk\u0131m\u0131za \u00f6zbilin\u00e7, b\u00fct\u00fcn milletlerimize karar alma himmeti, fedakarl\u0131k kabiliyeti, kurtulu\u015f yeterlili\u011fi ve izzet ba\u011f\u0131\u015fla.<\/p>\n","protected":false},"excerpt":{"rendered":"<p>Ey Rabbim! Alimlerimize sorumluluk, avam\u0131m\u0131za ilim, m\u00fcminlerimize ayd\u0131nl\u0131k, ayd\u0131nlar\u0131m\u0131za iman, tutucular\u0131m\u0131za anlay\u0131\u015f, anlam\u0131\u015flar\u0131m\u0131za tutuculuk, kad\u0131nlar\u0131m\u0131za \u015fuur, erkeklerimize \u015feref, ya\u015fl\u0131lar\u0131m\u0131za bilgi, gen\u00e7lerimize asalet, hocalar\u0131m\u0131za irade, tebli\u011fcilerimize hakikat,<span class=\"excerpt-hellip\"> [\u2026]<\/span><\/p>\n","protected":false},"featured_media":0,"template":"","meta":{"_monsterinsights_skip_tracking":false,"_monsterinsights_sitenote_active":false,"_monsterinsights_sitenote_note":"","_monsterinsights_sitenote_category":0},"product_brand":[],"product_cat":[20351,12388],"product_tag":[],"class_list":{"0":"post-783711","1":"product","2":"type-product","3":"status-publish","5":"product_cat-dusunce","6":"product_cat-felsefe","7":"pa_cilt-ciltsiz","8":"pa_tur-kitap","9":"pa_yayinevi-fecr-yayinlari","10":"pa_yazar-ali-seriati","12":"first","13":"instock","14":"sale","15":"shipping-taxable","16":"purchasable","17":"product-type-simple"},"_links":{"self":[{"href":"https:\/\/roveyayinevi.com.tr\/index.php\/wp-json\/wp\/v2\/product\/783711","targetHints":{"allow":["GET"]}}],"collection":[{"href":"https:\/\/roveyayinevi.com.tr\/index.php\/wp-json\/wp\/v2\/product"}],"about":[{"href":"https:\/\/roveyayinevi.com.tr\/index.php\/wp-json\/wp\/v2\/types\/product"}],"wp:attachment":[{"href":"https:\/\/roveyayinevi.com.tr\/index.php\/wp-json\/wp\/v2\/media?parent=783711"}],"wp:term":[{"taxonomy":"product_brand","embeddable":true,"href":"https:\/\/roveyayinevi.com.tr\/index.php\/wp-json\/wp\/v2\/product_brand?post=783711"},{"taxonomy":"product_cat","embeddable":true,"href":"https:\/\/roveyayinevi.com.tr\/index.php\/wp-json\/wp\/v2\/product_cat?post=783711"},{"taxonomy":"product_tag","embeddable":true,"href":"https:\/\/roveyayinevi.com.tr\/index.php\/wp-json\/wp\/v2\/product_tag?post=783711"}],"curies":[{"name":"wp","href":"https:\/\/api.w.org\/{rel}","templated":true}]}}