{"id":783710,"date":"2026-02-26T23:37:27","date_gmt":"2026-02-26T20:37:27","guid":{"rendered":"https:\/\/roveyayinevi.com.tr\/index.php\/urun\/sanki-ilk-defa-namaz-kiliyorum\/"},"modified":"2026-04-15T03:46:41","modified_gmt":"2026-04-15T00:46:41","slug":"sanki-ilk-defa-namaz-kiliyorum","status":"publish","type":"product","link":"https:\/\/roveyayinevi.com.tr\/index.php\/urun\/sanki-ilk-defa-namaz-kiliyorum\/","title":{"rendered":"Sanki \u0130lk Defa Namaz K\u0131l\u0131yorum"},"content":{"rendered":"<p>Namazdan tam olarak istifade etmek istersen namaza vaktini ver, onu eda ederken acele etme, ondan \u00e7alma. \u00c7\u00fcnk\u00fc b\u00f6yle yaparak kendi hu\u015fundan ve iman\u0131ndan \u00e7alm\u0131\u015f oluyorsun. Namaz berekettir. Namaz esnas\u0131nda k\u0131lan\u0131n anlad\u0131\u011f\u0131, daha \u00f6ncesinde akl\u0131na gelmeyen nice ince manalar\u0131 vard\u0131r. T\u00fcm bunlar seni zaman ay\u0131rmaya davet ediyor. O halde zaman ay\u0131r.Zaman ay\u0131rmak yaln\u0131zca namaz esnas\u0131nda olmaz. Aksine daha erkenden, namaz\u0131n \u00f6ncesinden olur. Peygamberin sana, namaza gitmek istedi\u011finde \u00fczerinde sekine olmas\u0131n\u0131; ko\u015farak namaza gitmemeni emretti ki namaza soluk solu\u011fa girmeyesin. Yoksa sen d\u00fc\u015f\u00fcnceler i\u00e7erisindeyken nefeslerin y\u00fckselip al\u00e7al\u0131r. Bunun i\u00e7in Hz. Peygamber (sav) \u015f\u00f6yle buyurdu:&#8221;Namaza \u00e7a\u011fr\u0131ld\u0131\u011f\u0131n\u0131zda ona ko\u015farak de\u011fil, \u00fczerinizde sekine oldu\u011fu halde gidin. Yeti\u015fti\u011finizi k\u0131l\u0131n, ka\u00e7\u0131rd\u0131\u011f\u0131n\u0131z\u0131 tamamlay\u0131n. \u00c7\u00fcnk\u00fc sizden biri namaz\u0131 kastetti\u011fi s\u00fcrece namazdaym\u0131\u015f gibi olur.&#8221;<\/p>\n","protected":false},"excerpt":{"rendered":"<p>Namazdan tam olarak istifade etmek istersen namaza vaktini ver, onu eda ederken acele etme, ondan \u00e7alma. \u00c7\u00fcnk\u00fc b\u00f6yle yaparak kendi hu\u015fundan ve iman\u0131ndan \u00e7alm\u0131\u015f oluyorsun. Namaz<span class=\"excerpt-hellip\"> [\u2026]<\/span><\/p>\n","protected":false},"featured_media":0,"template":"","meta":{"_monsterinsights_skip_tracking":false,"_monsterinsights_sitenote_active":false,"_monsterinsights_sitenote_note":"","_monsterinsights_sitenote_category":0},"product_brand":[],"product_cat":[12718,12719],"product_tag":[],"class_list":{"0":"post-783710","1":"product","2":"type-product","3":"status-publish","5":"product_cat-din","6":"product_cat-islam","7":"pa_cilt-ciltsiz","8":"pa_tur-kitap","9":"pa_yayinevi-nida-yayinlari","10":"pa_yazar-halid-ebu-sadi","12":"first","13":"instock","14":"sale","15":"shipping-taxable","16":"purchasable","17":"product-type-simple"},"_links":{"self":[{"href":"https:\/\/roveyayinevi.com.tr\/index.php\/wp-json\/wp\/v2\/product\/783710","targetHints":{"allow":["GET"]}}],"collection":[{"href":"https:\/\/roveyayinevi.com.tr\/index.php\/wp-json\/wp\/v2\/product"}],"about":[{"href":"https:\/\/roveyayinevi.com.tr\/index.php\/wp-json\/wp\/v2\/types\/product"}],"wp:attachment":[{"href":"https:\/\/roveyayinevi.com.tr\/index.php\/wp-json\/wp\/v2\/media?parent=783710"}],"wp:term":[{"taxonomy":"product_brand","embeddable":true,"href":"https:\/\/roveyayinevi.com.tr\/index.php\/wp-json\/wp\/v2\/product_brand?post=783710"},{"taxonomy":"product_cat","embeddable":true,"href":"https:\/\/roveyayinevi.com.tr\/index.php\/wp-json\/wp\/v2\/product_cat?post=783710"},{"taxonomy":"product_tag","embeddable":true,"href":"https:\/\/roveyayinevi.com.tr\/index.php\/wp-json\/wp\/v2\/product_tag?post=783710"}],"curies":[{"name":"wp","href":"https:\/\/api.w.org\/{rel}","templated":true}]}}