{"id":783709,"date":"2026-02-26T23:37:24","date_gmt":"2026-02-26T20:37:24","guid":{"rendered":"https:\/\/roveyayinevi.com.tr\/index.php\/urun\/allah-erinin-kultur-ve-ahlaki-1-2\/"},"modified":"2026-04-15T03:46:41","modified_gmt":"2026-04-15T00:46:41","slug":"allah-erinin-kultur-ve-ahlaki-1-2","status":"publish","type":"product","link":"https:\/\/roveyayinevi.com.tr\/index.php\/urun\/allah-erinin-kultur-ve-ahlaki-1-2\/","title":{"rendered":"Allah Erinin K\u00fclt\u00fcr ve Ahlak\u0131 1-2"},"content":{"rendered":"<p>\u015e\u00fcphesiz ki \u0130sl\u00e2m&#8217;da ahl\u00e2k\u00ee es\u00e2slar \u00e7oktur. Fakat ara\u015ft\u0131rma neticesinde insan, kitap ve s\u00fcnnette zikredilen ahl\u00e2k\u00ee es\u00e2slar\u0131n bir\u00e7o\u011funun ortak bir as\u0131ldan kaynaklanarak k\u0131s\u0131mlara ayr\u0131ld\u0131\u011f\u0131n\u0131 g\u00f6recektir. Bizim gayemiz de di\u011fer ahl\u00e2k\u00ee es\u00e2slar\u0131n dayand\u0131\u011f\u0131 ve hakk\u0131nda ifrat ve tefritin caiz olmad\u0131\u011f\u0131 bu temel ahl\u00e2k\u00ee es\u00e2slara ula\u015fmak olunca, elinizdeki \u00e7al\u0131\u015fmam\u0131z s\u00f6z konusu ahl\u00e2k\u00ee es\u00e2slara dayand\u0131r\u0131lm\u0131\u015f bulunmaktad\u0131r. Derin bir ara\u015ft\u0131rma yap\u0131ld\u0131\u011f\u0131 takdirde, \u0130sl\u00e2m ahl\u00e2k sisteminin kendisine dayand\u0131\u011f\u0131 temel ahl\u00e2k es\u00e2slar\u0131n\u0131n Allah&#8217;\u0131n (c.c.) Kur&#8217;\u00e2n-\u0131 Kerim&#8217;de kendi taftarlar\u0131 (Allah Erleri) i\u00e7in zikretti\u011fi vas\u0131flar\u0131n ayn\u0131s\u0131 oldu\u011fu g\u00f6r\u00fclmektedir.<\/p>\n","protected":false},"excerpt":{"rendered":"<p>\u015e\u00fcphesiz ki \u0130sl\u00e2m&#8217;da ahl\u00e2k\u00ee es\u00e2slar \u00e7oktur. Fakat ara\u015ft\u0131rma neticesinde insan, kitap ve s\u00fcnnette zikredilen ahl\u00e2k\u00ee es\u00e2slar\u0131n bir\u00e7o\u011funun ortak bir as\u0131ldan kaynaklanarak k\u0131s\u0131mlara ayr\u0131ld\u0131\u011f\u0131n\u0131 g\u00f6recektir. Bizim gayemiz<span class=\"excerpt-hellip\"> [\u2026]<\/span><\/p>\n","protected":false},"featured_media":0,"template":"","meta":{"_monsterinsights_skip_tracking":false,"_monsterinsights_sitenote_active":false,"_monsterinsights_sitenote_note":"","_monsterinsights_sitenote_category":0},"product_brand":[],"product_cat":[12718,12719,13025],"product_tag":[],"class_list":{"0":"post-783709","1":"product","2":"type-product","3":"status-publish","5":"product_cat-din","6":"product_cat-islam","7":"product_cat-islam-ve-gunumuz-islam-dusuncesi","8":"pa_cilt-ciltsiz","9":"pa_tur-kitap","10":"pa_yayinevi-nida-yayinlari","11":"pa_yazar-said-havva","13":"first","14":"instock","15":"sale","16":"shipping-taxable","17":"purchasable","18":"product-type-simple"},"_links":{"self":[{"href":"https:\/\/roveyayinevi.com.tr\/index.php\/wp-json\/wp\/v2\/product\/783709","targetHints":{"allow":["GET"]}}],"collection":[{"href":"https:\/\/roveyayinevi.com.tr\/index.php\/wp-json\/wp\/v2\/product"}],"about":[{"href":"https:\/\/roveyayinevi.com.tr\/index.php\/wp-json\/wp\/v2\/types\/product"}],"wp:attachment":[{"href":"https:\/\/roveyayinevi.com.tr\/index.php\/wp-json\/wp\/v2\/media?parent=783709"}],"wp:term":[{"taxonomy":"product_brand","embeddable":true,"href":"https:\/\/roveyayinevi.com.tr\/index.php\/wp-json\/wp\/v2\/product_brand?post=783709"},{"taxonomy":"product_cat","embeddable":true,"href":"https:\/\/roveyayinevi.com.tr\/index.php\/wp-json\/wp\/v2\/product_cat?post=783709"},{"taxonomy":"product_tag","embeddable":true,"href":"https:\/\/roveyayinevi.com.tr\/index.php\/wp-json\/wp\/v2\/product_tag?post=783709"}],"curies":[{"name":"wp","href":"https:\/\/api.w.org\/{rel}","templated":true}]}}