{"id":783708,"date":"2026-02-26T23:37:21","date_gmt":"2026-02-26T20:37:21","guid":{"rendered":"https:\/\/roveyayinevi.com.tr\/index.php\/urun\/mayinli-arazide-gece-yuruyusu-yakin-tarih-yazilari\/"},"modified":"2026-04-15T03:46:41","modified_gmt":"2026-04-15T00:46:41","slug":"mayinli-arazide-gece-yuruyusu-yakin-tarih-yazilari","status":"publish","type":"product","link":"https:\/\/roveyayinevi.com.tr\/index.php\/urun\/mayinli-arazide-gece-yuruyusu-yakin-tarih-yazilari\/","title":{"rendered":"May\u0131nl\u0131 Arazide Gece Y\u00fcr\u00fcy\u00fc\u015f\u00fc -Yak\u0131n Tarih Yaz\u0131lar\u0131"},"content":{"rendered":"<p>\u201cKral \u00e7\u0131plak\u201d demenin belki de bin bir yolu var fakat, Anadolu insan\u0131n\u0131n ba\u015f\u0131ndan ge\u00e7en h\u00e2diseleri olanca \u00e7\u0131plakl\u0131\u011f\u0131yla ifade etmenin bir yolu var m\u0131, ondan emin de\u011filim. Hi\u00e7 kimse olanca \u00e7\u0131plakl\u0131\u011f\u0131yla bu hakikatleri dile getirmedi, getiremedi. S\u00f6z konusu ger\u00e7ekle beraber \u015funun da teslim edilmesi laz\u0131m; soludu\u011fumuz ahval i\u00e7erisinde pek \u00e7ok hakikatin \u201c\u00e7al\u0131ya dolanmadan\u201d ifade edilebilmesi de zaten \u2013entelekt\u00fcelli\u011fi fedailikle kar\u0131\u015ft\u0131rmad\u0131\u011f\u0131m\u0131z m\u00fcddet\u00e7e\u2013 makul ve m\u00fcmk\u00fcn g\u00f6r\u00fcnm\u00fcyor.  Fakat, surda gedik a\u00e7man\u0131n ve insan\u0131m\u0131z\u0131n \u00e7evresine \u00f6r\u00fclm\u00fc\u015f zihn\u00ee\/fiil\u00ee ku\u015fatmay\u0131 yarman\u0131n m\u00fchim meseleleri konu\u015fulur k\u0131lmaktan ba\u015fka bir yolunu bilmedi\u011fim i\u00e7in, problemlerimizin ancak, esasl\u0131 mevzular\u0131 g\u00fcndemde tutmakla, bunlar\u0131 defaatle ve neredeyse b\u0131kt\u0131r\u0131rcas\u0131na konu\u015fmakla \u00f6nce fark edilebilece\u011fi sonra da \u00e7\u00f6z\u00fclebilece\u011fi kanaatindeyim. Bu eser de ayn\u0131 d\u00fc\u015f\u00fcncenin mahsul\u00fcd\u00fcr.<\/p>\n","protected":false},"excerpt":{"rendered":"<p>\u201cKral \u00e7\u0131plak\u201d demenin belki de bin bir yolu var fakat, Anadolu insan\u0131n\u0131n ba\u015f\u0131ndan ge\u00e7en h\u00e2diseleri olanca \u00e7\u0131plakl\u0131\u011f\u0131yla ifade etmenin bir yolu var m\u0131, ondan emin de\u011filim.<span class=\"excerpt-hellip\"> [\u2026]<\/span><\/p>\n","protected":false},"featured_media":0,"template":"","meta":{"_monsterinsights_skip_tracking":false,"_monsterinsights_sitenote_active":false,"_monsterinsights_sitenote_note":"","_monsterinsights_sitenote_category":0},"product_brand":[],"product_cat":[12304,14128],"product_tag":[],"class_list":{"0":"post-783708","1":"product","2":"type-product","3":"status-publish","5":"product_cat-tarih","6":"product_cat-yakin-tarih","7":"pa_cilt-ciltsiz","8":"pa_tur-kitap","9":"pa_yayinevi-samil-yayinevi","10":"pa_yazar-meliksah-sezen","12":"first","13":"instock","14":"sale","15":"shipping-taxable","16":"purchasable","17":"product-type-simple"},"_links":{"self":[{"href":"https:\/\/roveyayinevi.com.tr\/index.php\/wp-json\/wp\/v2\/product\/783708","targetHints":{"allow":["GET"]}}],"collection":[{"href":"https:\/\/roveyayinevi.com.tr\/index.php\/wp-json\/wp\/v2\/product"}],"about":[{"href":"https:\/\/roveyayinevi.com.tr\/index.php\/wp-json\/wp\/v2\/types\/product"}],"wp:attachment":[{"href":"https:\/\/roveyayinevi.com.tr\/index.php\/wp-json\/wp\/v2\/media?parent=783708"}],"wp:term":[{"taxonomy":"product_brand","embeddable":true,"href":"https:\/\/roveyayinevi.com.tr\/index.php\/wp-json\/wp\/v2\/product_brand?post=783708"},{"taxonomy":"product_cat","embeddable":true,"href":"https:\/\/roveyayinevi.com.tr\/index.php\/wp-json\/wp\/v2\/product_cat?post=783708"},{"taxonomy":"product_tag","embeddable":true,"href":"https:\/\/roveyayinevi.com.tr\/index.php\/wp-json\/wp\/v2\/product_tag?post=783708"}],"curies":[{"name":"wp","href":"https:\/\/api.w.org\/{rel}","templated":true}]}}