{"id":783707,"date":"2026-02-26T23:37:18","date_gmt":"2026-02-26T20:37:18","guid":{"rendered":"https:\/\/roveyayinevi.com.tr\/index.php\/urun\/mesnevi\/"},"modified":"2026-04-15T03:46:41","modified_gmt":"2026-04-15T00:46:41","slug":"mesnevi","status":"publish","type":"product","link":"https:\/\/roveyayinevi.com.tr\/index.php\/urun\/mesnevi\/","title":{"rendered":"Mesnevi"},"content":{"rendered":"<p>Elinizdeki bu kitap, y\u00fczy\u0131llar boyunca insanlara ilham veren ve y\u00fcrekleri ayd\u0131nlatan Mevl\u00e2n\u00e2 Cel\u00e2ledd\u00een-i R\u00fbm\u00ee hazretlerinin Mesnev\u00ee-i \u015eer\u00eef\u2019idir. Mesnev\u00ee-i \u015eer\u00eef, insano\u011fluna alt\u0131 defteri ve ihtiva etti\u011fi 400 k\u00fcs\u00fbr hik\u00e2yesiyle bir hayat rehberi, bir ahl\u00e2k ve bilgelik hazinesi sunar. Mevl\u00e2n\u00e2 hazretlerinin \u201cKur\u2019\u00e2n\u2019\u0131n \u00f6z\u00fcn\u00fcn \u00f6z\u00fcn\u00fcn \u00f6z\u00fc\u201d \u015feklinde tarif etti\u011fi Mesnev\u00ee-i \u015eer\u00eef ile manev\u00ee bir yolculu\u011fa \u00e7\u0131kacak, her a\u015famada bir \u00e7ok nasihat ve hikmet ile de ferahn\u00e2k olacaks\u0131n\u0131z. Son \u015farihlerden T\u00e2hir\u00fc\u2019l-Mevlev\u00ee hazretlerinin kaleminden okumu\u015f olman\u0131n lezzetine varacak, bu menba\u0131n s\u00e2kilerinden olan bu b\u00fcy\u00fck zat\u0131n elinden Mesnev\u00ee\u2019yi tadacaks\u0131n\u0131z.***Mesnev\u00ee-i \u015eer\u00eef\u2019in tam metnini asl\u0131na uygun ve tek cilt olarak sundu\u011fumuz bu \u00e7al\u0131\u015fma T\u00e2hir\u00fc\u2019l-Mevlev\u00ee\u2019nin Mesnev\u00ee \u015eerhi adl\u0131 eserinden beyit terc\u00fcmeleri al\u0131narak haz\u0131rlanm\u0131\u015ft\u0131r. Bunu-la beraber \u00e2yet ve hadislerin kaynaklar\u0131 g\u00f6sterilmi\u015f olup, iktib\u00e2s ve i\u015faret olan yerlere de gerekli dipnotlar eklenmi\u015ftir. Eserde ge\u00e7en baz\u0131 kelime ve \u015fah\u0131slarla al\u00e2kal\u0131 da k\u0131sa m\u00e2lumat verilmi\u015f-tir. Bu bask\u0131n\u0131n Mevl\u00e2n\u00e2 hazretlerini tan\u0131man\u0131za, Mesnev\u00ee-i \u015eer\u00eef\u2019i hakk\u0131yla anlaman\u0131za ve istifade etmenize vesile olmas\u0131 temennisiyle\u2026<\/p>\n","protected":false},"excerpt":{"rendered":"<p>Elinizdeki bu kitap, y\u00fczy\u0131llar boyunca insanlara ilham veren ve y\u00fcrekleri ayd\u0131nlatan Mevl\u00e2n\u00e2 Cel\u00e2ledd\u00een-i R\u00fbm\u00ee hazretlerinin Mesnev\u00ee-i \u015eer\u00eef\u2019idir. Mesnev\u00ee-i \u015eer\u00eef, insano\u011fluna alt\u0131 defteri ve ihtiva etti\u011fi 400<span class=\"excerpt-hellip\"> [\u2026]<\/span><\/p>\n","protected":false},"featured_media":0,"template":"","meta":{"_monsterinsights_skip_tracking":false,"_monsterinsights_sitenote_active":false,"_monsterinsights_sitenote_note":"","_monsterinsights_sitenote_category":0},"product_brand":[],"product_cat":[12718,12719],"product_tag":[],"class_list":{"0":"post-783707","1":"product","2":"type-product","3":"status-publish","5":"product_cat-din","6":"product_cat-islam","7":"pa_cilt-ciltsiz","8":"pa_tur-kitap","9":"pa_yayinevi-samil-yayinevi","10":"pa_yazar-mevlana","12":"first","13":"instock","14":"sale","15":"shipping-taxable","16":"purchasable","17":"product-type-simple"},"_links":{"self":[{"href":"https:\/\/roveyayinevi.com.tr\/index.php\/wp-json\/wp\/v2\/product\/783707","targetHints":{"allow":["GET"]}}],"collection":[{"href":"https:\/\/roveyayinevi.com.tr\/index.php\/wp-json\/wp\/v2\/product"}],"about":[{"href":"https:\/\/roveyayinevi.com.tr\/index.php\/wp-json\/wp\/v2\/types\/product"}],"wp:attachment":[{"href":"https:\/\/roveyayinevi.com.tr\/index.php\/wp-json\/wp\/v2\/media?parent=783707"}],"wp:term":[{"taxonomy":"product_brand","embeddable":true,"href":"https:\/\/roveyayinevi.com.tr\/index.php\/wp-json\/wp\/v2\/product_brand?post=783707"},{"taxonomy":"product_cat","embeddable":true,"href":"https:\/\/roveyayinevi.com.tr\/index.php\/wp-json\/wp\/v2\/product_cat?post=783707"},{"taxonomy":"product_tag","embeddable":true,"href":"https:\/\/roveyayinevi.com.tr\/index.php\/wp-json\/wp\/v2\/product_tag?post=783707"}],"curies":[{"name":"wp","href":"https:\/\/api.w.org\/{rel}","templated":true}]}}