{"id":783706,"date":"2026-02-26T23:37:16","date_gmt":"2026-02-26T20:37:16","guid":{"rendered":"https:\/\/roveyayinevi.com.tr\/index.php\/urun\/ahkam-tefsiri-tek-cilt\/"},"modified":"2026-04-15T03:46:41","modified_gmt":"2026-04-15T00:46:41","slug":"ahkam-tefsiri-tek-cilt","status":"publish","type":"product","link":"https:\/\/roveyayinevi.com.tr\/index.php\/urun\/ahkam-tefsiri-tek-cilt\/","title":{"rendered":"Ahkam Tefsiri (Tek Cilt)"},"content":{"rendered":"<p>\u2022 Bu eser, ahk\u00e2m \u00e2yetlerinin t\u00fcm\u00fcn\u00fc kapsar.\u2022 L\u00fcgat \u00e2limleri ile m\u00fcfessirlerin s\u00f6z ve g\u00f6r\u00fc\u015flerinden deliller getirilip lafz\u00ee tahliller yap\u0131lm\u0131\u015ft\u0131r.\u2022 Kitapta ki mevz\u00fblar, n\u00fcz\u00fbl s\u0131ras\u0131na g\u00f6re d\u00fczenlenmi\u015f, n\u00fcz\u00fbl sebebleri belirtilmi\u015ftir.\u2022 \u00c2yetler aras\u0131ndaki ba\u011flant\u0131lar ortaya konmu\u015ftur.\u2022 \u00c2yetlerdeki h\u00fck\u00fcmler, s\u0131raya g\u00f6re a\u00e7\u0131klanm\u0131\u015f mezhep g\u00f6r\u00fc\u015fleri, ihtil\u00e2f edilen hususlarda dayan\u0131lan deliller incelenip belirtilmi\u015ftir.\u2022 Ahk\u00e2m \u00e2yetlerindeki te\u015fri\u00ee hikmetlere i\u015faret olunmu\u015ftur.\u2022 Bu eser, \u0130sl\u00e2m\u00ee gelene\u011fin sa\u011flam \u00fcsl\u00fbbu ile \u00e7a\u011f\u0131m\u0131z\u0131n kolay \u00fcsl\u00fbbunu harmanla\u015ft\u0131rarak okuyucular\u0131na kolay bir yol sunmu\u015ftur.<\/p>\n","protected":false},"excerpt":{"rendered":"<p>\u2022 Bu eser, ahk\u00e2m \u00e2yetlerinin t\u00fcm\u00fcn\u00fc kapsar.\u2022 L\u00fcgat \u00e2limleri ile m\u00fcfessirlerin s\u00f6z ve g\u00f6r\u00fc\u015flerinden deliller getirilip lafz\u00ee tahliller yap\u0131lm\u0131\u015ft\u0131r.\u2022 Kitapta ki mevz\u00fblar, n\u00fcz\u00fbl s\u0131ras\u0131na g\u00f6re d\u00fczenlenmi\u015f,<span class=\"excerpt-hellip\"> [\u2026]<\/span><\/p>\n","protected":false},"featured_media":0,"template":"","meta":{"_monsterinsights_skip_tracking":false,"_monsterinsights_sitenote_active":false,"_monsterinsights_sitenote_note":"","_monsterinsights_sitenote_category":0},"product_brand":[],"product_cat":[12718,12719,45552],"product_tag":[],"class_list":{"0":"post-783706","1":"product","2":"type-product","3":"status-publish","5":"product_cat-din","6":"product_cat-islam","7":"product_cat-meal-tefsir-hadis","8":"pa_cilt-ciltsiz","9":"pa_tur-kitap","10":"pa_yayinevi-samil-yayinevi","11":"pa_yazar-muhammed-ali-sabuni","13":"first","14":"instock","15":"sale","16":"shipping-taxable","17":"purchasable","18":"product-type-simple"},"_links":{"self":[{"href":"https:\/\/roveyayinevi.com.tr\/index.php\/wp-json\/wp\/v2\/product\/783706","targetHints":{"allow":["GET"]}}],"collection":[{"href":"https:\/\/roveyayinevi.com.tr\/index.php\/wp-json\/wp\/v2\/product"}],"about":[{"href":"https:\/\/roveyayinevi.com.tr\/index.php\/wp-json\/wp\/v2\/types\/product"}],"wp:attachment":[{"href":"https:\/\/roveyayinevi.com.tr\/index.php\/wp-json\/wp\/v2\/media?parent=783706"}],"wp:term":[{"taxonomy":"product_brand","embeddable":true,"href":"https:\/\/roveyayinevi.com.tr\/index.php\/wp-json\/wp\/v2\/product_brand?post=783706"},{"taxonomy":"product_cat","embeddable":true,"href":"https:\/\/roveyayinevi.com.tr\/index.php\/wp-json\/wp\/v2\/product_cat?post=783706"},{"taxonomy":"product_tag","embeddable":true,"href":"https:\/\/roveyayinevi.com.tr\/index.php\/wp-json\/wp\/v2\/product_tag?post=783706"}],"curies":[{"name":"wp","href":"https:\/\/api.w.org\/{rel}","templated":true}]}}