{"id":783705,"date":"2026-02-26T23:37:14","date_gmt":"2026-02-26T20:37:14","guid":{"rendered":"https:\/\/roveyayinevi.com.tr\/index.php\/urun\/imam-i-azam-ebu-hanifenin-eserleri\/"},"modified":"2026-04-15T03:46:41","modified_gmt":"2026-04-15T00:46:41","slug":"imam-i-azam-ebu-hanifenin-eserleri","status":"publish","type":"product","link":"https:\/\/roveyayinevi.com.tr\/index.php\/urun\/imam-i-azam-ebu-hanifenin-eserleri\/","title":{"rendered":"\u0130mam-\u0131 Azam Ebu Hanife&#8217;nin Eserleri"},"content":{"rendered":"<p>Ehl-i s\u00fcnnetin incisi \u0130mam-\u0131 Azam Hazretleri&#8217;nin birbirinden k\u0131ymetli 9 eserin tamam\u0131 Arap\u00e7a as\u0131llar\u0131yla beraber okuyucular\u0131n istifadesine bu \u00e7al\u0131\u015fmayla sunulmu\u015ftur. \u0130mam-\u0131 Azam Ebu Hanife&#8217;nin akaid\u00ee m\u00fccadelesini; sapk\u0131n fikirlere kar\u015f\u0131 kalkan oldu\u011funu; talebelere, hocalara, y\u00f6neticilere verdi\u011fi hayat\u00ee nasihatlerini ve \u00f6\u011f\u00fctlerini bulaca\u011f\u0131n\u0131z, i\u015fte bu 9 eser;1-F\u0131khu&#8217;l-Ekber: B\u00fcy\u00fck f\u0131k\u0131h m\u00e2n\u00e2s\u0131nad\u0131r. Ehl-i s\u00fcnnet ak\u00e2idine d\u00e2ir oldu\u011fu i\u00e7in bu ad\u0131 vermi\u015ftir. \u00c7\u00fcnk\u00fc kendisinin de dedi\u011fi gibi, do\u011fru itik\u00e2d ile yap\u0131lan az bir amel, yanl\u0131\u015f itik\u00e2d ile yap\u0131lan \u00e7ok amelden daha faydal\u0131d\u0131r. Bu, el-F\u0131khu&#8217;l-Ekber, t\u00e2 ilk g\u00fcnlerden itib\u00e2ren ak\u00e2ide d\u00e2ir ders kit\u00e2b\u0131 olarak okunmu\u015f, okutulmu\u015ftur.2-el-Al\u00eem ve&#8217;l-M\u00fcte\u2018allim: Ehl-i s\u00fcnnet g\u00f6r\u00fc\u015flerini a\u00e7\u0131klay\u0131p savunma amac\u0131yla ve soru-cevap tarz\u0131nda kaleme al\u0131nan ak\u00e2ide d\u00e2ir uzun bir ris\u00e2ledir.3-el-F\u0131khu&#8217;l-Ebs\u00e2t: \u0130m\u00e2m-\u0131 Azam Hazretleri&#8217;nin talebesi Eb\u00fb&#8217;l-Mut\u00ee el-Belh\u00ee&#8217;nin sorular\u0131n\u0131 yan\u0131tlad\u0131\u011f\u0131 bu eserde \u0130man, Kader, Allah Te\u00e2l\u00e2&#8217;n\u0131n dilemesi (me\u015f\u00eeet), G\u00fcnahla tekfir edenlerle alakal\u0131 b\u00f6l\u00fcmler gibi bir \u00e7ok mevzu bulunmaktad\u0131r.4-Osm\u00e2n el-Bett\u00ee&#8217;ye Ris\u00e2lesi: Eb\u00fb Han\u00eefe Basra kad\u0131l\u0131\u011f\u0131 yapan, \u00e7ok b\u00fcy\u00fck ve m\u00fcctehid bir \u00e2lim olan \u00f6\u011frencisine hit\u00e2ben yazd\u0131\u011f\u0131 bu eserde kendisine at\u0131lan M\u00fcrcielik iftiras\u0131na verdi\u011fi cevaplar\u0131n yan\u0131nda ak\u00e2id ve id\u00e2re konular\u0131nda sam\u00eem\u00ee ve \u00e7ok yararl\u0131 hay\u00e2t\u00ee bilgiler vermi\u015ftir.5-Tevh\u00eed Vasiyyeti: Kime hit\u00e2ben yaz\u0131ld\u0131\u011f\u0131 belli olmad\u0131\u011f\u0131ndan, hepimize hit\u00e2ben yaz\u0131lm\u0131\u015f, akaid\u00ee bilgiler i\u00e7ermektedir.6-Y\u00fbsuf bin H\u00e2lid es-Semt\u00ee&#8217;ye Vasiyyeti: Eb\u00fb Han\u00eefe&#8217;nin, talebesi, yak\u0131n ve sam\u00eem\u00ee bir arkada\u015f\u0131 Y\u00fbsuf bin H\u00e2lid es-Semt\u00ee&#8217;ye vasiyyeti. Bu vasiyyet hay\u00e2t\u00ee \u00f6\u011f\u00fctler i\u00e7ermektedir. es-Semt\u00ee bunlar\u0131 tatb\u00eek etmekle hay\u00e2t\u0131n\u0131n ak\u0131\u015f\u0131 de\u011fi\u015fti\u011fini ve \u00e7ok verimli bir h\u00e2le geldi\u011fini s\u00f6yler. Hanef\u00ee \u00e2limi Zern\u00fbc\u00ee de me\u015fhur eserinde ilim \u00f6\u011frenmek isteyenlerin, her m\u00fcderris ve m\u00fcft\u00fcn\u00fcn de muhakkak bu vasiyeti yan\u0131nda bulundurmas\u0131 gerekti\u011fini ifade etmi\u015ftir.7-Eb\u00fb Y\u00fbsuf&#8217;a Vasiyyeti: Eb\u00fb Han\u00eefe&#8217;nin, ba\u015f talebesi, Hanef\u00ee mezhebinin ikinci \u00e2limi Eb\u00fb Y\u00fbsuf&#8217;a yazd\u0131\u011f\u0131 vasiyyet. En \u00f6nemli vasiyyeti budur. \u0130\u00e7indeki bilgiler, ilim erb\u00e2b\u0131n\u0131n yan\u0131 s\u0131ra herkese l\u00e2z\u0131m olan hay\u00e2t\u00ee \u00f6\u011f\u00fctlerdir. 8-O\u011flu Hamm\u00e2d&#8217;a Vasiyyeti: Eb\u00fb Han\u00eefe&#8217;nin bir tek \u00e7ocu\u011fu vard\u0131; o da o\u011flu Hamm\u00e2d&#8217;d\u0131r. Eb\u00fb Han\u00eefe, dikkatini \u00e7eken talebelerine vasiyyetler yazm\u0131\u015ft\u0131r. \u0130\u015fte bunlardan biri de hem talebesi, hem de o\u011flu Hamm\u00e2d&#8217;a yazd\u0131\u011f\u0131 bu vasiyyettir. Bunda da di\u011fer vasiyetleri gibi hayat\u0131m\u0131za d\u00fcstur edece\u011fimiz \u00f6\u011f\u00fctler vard\u0131r.9-Kas\u00eede-i Nu\u2018m\u00e2niyye: \u0130m\u00e2m-\u0131 Azam Hazretleri&#8217;nin Peygamberimiz sallallahu aleyhi ve sellem hakk\u0131nda yazd\u0131\u011f\u0131 53 beytlik dilsuz (ci\u011fer yakan) kas\u00eedesi&#8230; es-Seyy\u00eed el-H\u00e2c \u0130br\u00e2h\u00eem Hal\u00eel b. Yahy\u00e2 taraf\u0131ndan S\u00fcr\u00fbru&#8217;l-Kul\u00fbb ad\u0131nda geni\u015f ve titiz bir \u00e7al\u0131\u015fman\u0131n mahs\u00fbl\u00fc olarak \u015ferhedilmi\u015ftir. Ayr\u0131ca el-\u0130br\u00e2h\u00eem b. Mehmed el-Yalv\u00e2c\u00ee&#8217;nin sat\u0131r aras\u0131 manz\u00fbm terc\u00fcmesi de bu \u00e7al\u0131\u015fmaya dercedilmi\u015ftir.<\/p>\n","protected":false},"excerpt":{"rendered":"<p>Ehl-i s\u00fcnnetin incisi \u0130mam-\u0131 Azam Hazretleri&#8217;nin birbirinden k\u0131ymetli 9 eserin tamam\u0131 Arap\u00e7a as\u0131llar\u0131yla beraber okuyucular\u0131n istifadesine bu \u00e7al\u0131\u015fmayla sunulmu\u015ftur. \u0130mam-\u0131 Azam Ebu Hanife&#8217;nin akaid\u00ee m\u00fccadelesini; sapk\u0131n<span class=\"excerpt-hellip\"> [\u2026]<\/span><\/p>\n","protected":false},"featured_media":0,"template":"","meta":{"_monsterinsights_skip_tracking":false,"_monsterinsights_sitenote_active":false,"_monsterinsights_sitenote_note":"","_monsterinsights_sitenote_category":0},"product_brand":[],"product_cat":[20351,12388],"product_tag":[],"class_list":{"0":"post-783705","1":"product","2":"type-product","3":"status-publish","5":"product_cat-dusunce","6":"product_cat-felsefe","7":"pa_cilt-ciltsiz","8":"pa_tur-kitap","9":"pa_yayinevi-samil-yayinevi","10":"pa_yazar-imami-azam-ebu-hanife","12":"first","13":"instock","14":"sale","15":"shipping-taxable","16":"purchasable","17":"product-type-simple"},"_links":{"self":[{"href":"https:\/\/roveyayinevi.com.tr\/index.php\/wp-json\/wp\/v2\/product\/783705","targetHints":{"allow":["GET"]}}],"collection":[{"href":"https:\/\/roveyayinevi.com.tr\/index.php\/wp-json\/wp\/v2\/product"}],"about":[{"href":"https:\/\/roveyayinevi.com.tr\/index.php\/wp-json\/wp\/v2\/types\/product"}],"wp:attachment":[{"href":"https:\/\/roveyayinevi.com.tr\/index.php\/wp-json\/wp\/v2\/media?parent=783705"}],"wp:term":[{"taxonomy":"product_brand","embeddable":true,"href":"https:\/\/roveyayinevi.com.tr\/index.php\/wp-json\/wp\/v2\/product_brand?post=783705"},{"taxonomy":"product_cat","embeddable":true,"href":"https:\/\/roveyayinevi.com.tr\/index.php\/wp-json\/wp\/v2\/product_cat?post=783705"},{"taxonomy":"product_tag","embeddable":true,"href":"https:\/\/roveyayinevi.com.tr\/index.php\/wp-json\/wp\/v2\/product_tag?post=783705"}],"curies":[{"name":"wp","href":"https:\/\/api.w.org\/{rel}","templated":true}]}}