{"id":783704,"date":"2026-02-26T23:37:12","date_gmt":"2026-02-26T20:37:12","guid":{"rendered":"https:\/\/roveyayinevi.com.tr\/index.php\/urun\/psikoterapi-kendini-tanima-yolculugupsikoterapi-hakkinda-bilmek-istedikleriniz\/"},"modified":"2026-04-15T03:46:41","modified_gmt":"2026-04-15T00:46:41","slug":"psikoterapi-kendini-tanima-yolculugupsikoterapi-hakkinda-bilmek-istedikleriniz","status":"publish","type":"product","link":"https:\/\/roveyayinevi.com.tr\/index.php\/urun\/psikoterapi-kendini-tanima-yolculugupsikoterapi-hakkinda-bilmek-istedikleriniz\/","title":{"rendered":"Psikoterapi Kendini Tan\u0131ma Yolculu\u011fu;Psikoterapi Hakk\u0131nda Bilmek \u0130stedikleriniz"},"content":{"rendered":"<p>Psikoterapi hakk\u0131nda pek \u00e7ok \u015fey s\u00f6yleniyor, ama ger\u00e7ekten ne oldu\u011fu ve ne olmad\u0131\u011f\u0131 \u00e7o\u011fu zaman tam olarak bilinmiyor. Elinizdeki kitap psikoterapinin do\u011fas\u0131n\u0131, i\u015fleyi\u015fini ve insan ya\u015fam\u0131na etkisini yal\u0131n bir dille anlat\u0131yor. Psikoterapi bir sohbet de\u011fil, tavsiye veren bir bilgelik k\u00fcrs\u00fcs\u00fc de de\u011fil. Seans odas\u0131nda sihirli de\u011fnekler yok ama insan\u0131n i\u00e7 d\u00fcnyas\u0131na a\u00e7\u0131lan derin ve d\u00f6n\u00fc\u015ft\u00fcr\u00fcc\u00fc bir s\u00fcre\u00e7 var. Bu kitap psikoterapinin temel prensiplerini a\u00e7\u0131klarken ayn\u0131 zamanda toplumda yayg\u0131n olan yanl\u0131\u015f anlamalar\u0131 da ele al\u0131yor. Psikoterapi sahiden nas\u0131l i\u015fler? Terapi s\u00fcrecinden ne beklenmeli ne beklenmemeli? Ger\u00e7ek bir psikoterapi s\u00fcreci dizilerde ve filmlerde g\u00f6sterildi\u011fi gibi mi? Psikoterapiye dair sorular\u0131n\u0131za net ve anla\u015f\u0131l\u0131r cevaplar bulaca\u011f\u0131n\u0131z bu kitap terapiye ba\u015flamay\u0131 d\u00fc\u015f\u00fcnenler, terapi s\u00fcrecini daha iyi kavramak isteyenler ve bu alana ilgi duyan herkes i\u00e7in \u00f6nemli bir rehber niteli\u011finde. Ger\u00e7ek psikoterapiyi ke\u015ffetmeye haz\u0131r m\u0131s\u0131n\u0131z?<\/p>\n","protected":false},"excerpt":{"rendered":"<p>Psikoterapi hakk\u0131nda pek \u00e7ok \u015fey s\u00f6yleniyor, ama ger\u00e7ekten ne oldu\u011fu ve ne olmad\u0131\u011f\u0131 \u00e7o\u011fu zaman tam olarak bilinmiyor. Elinizdeki kitap psikoterapinin do\u011fas\u0131n\u0131, i\u015fleyi\u015fini ve insan ya\u015fam\u0131na<span class=\"excerpt-hellip\"> [\u2026]<\/span><\/p>\n","protected":false},"featured_media":0,"template":"","meta":{"_monsterinsights_skip_tracking":false,"_monsterinsights_sitenote_active":false,"_monsterinsights_sitenote_note":"","_monsterinsights_sitenote_category":0},"product_brand":[],"product_cat":[12357],"product_tag":[],"class_list":{"0":"post-783704","1":"product","2":"type-product","3":"status-publish","5":"product_cat-psikoloji","6":"pa_cilt-ciltsiz","7":"pa_tur-kitap","8":"pa_yayinevi-ucurtma-yayinlari","9":"pa_yazar-kolektif","11":"first","12":"instock","13":"sale","14":"shipping-taxable","15":"purchasable","16":"product-type-simple"},"_links":{"self":[{"href":"https:\/\/roveyayinevi.com.tr\/index.php\/wp-json\/wp\/v2\/product\/783704","targetHints":{"allow":["GET"]}}],"collection":[{"href":"https:\/\/roveyayinevi.com.tr\/index.php\/wp-json\/wp\/v2\/product"}],"about":[{"href":"https:\/\/roveyayinevi.com.tr\/index.php\/wp-json\/wp\/v2\/types\/product"}],"wp:attachment":[{"href":"https:\/\/roveyayinevi.com.tr\/index.php\/wp-json\/wp\/v2\/media?parent=783704"}],"wp:term":[{"taxonomy":"product_brand","embeddable":true,"href":"https:\/\/roveyayinevi.com.tr\/index.php\/wp-json\/wp\/v2\/product_brand?post=783704"},{"taxonomy":"product_cat","embeddable":true,"href":"https:\/\/roveyayinevi.com.tr\/index.php\/wp-json\/wp\/v2\/product_cat?post=783704"},{"taxonomy":"product_tag","embeddable":true,"href":"https:\/\/roveyayinevi.com.tr\/index.php\/wp-json\/wp\/v2\/product_tag?post=783704"}],"curies":[{"name":"wp","href":"https:\/\/api.w.org\/{rel}","templated":true}]}}