{"id":783702,"date":"2026-02-26T23:37:07","date_gmt":"2026-02-26T20:37:07","guid":{"rendered":"https:\/\/roveyayinevi.com.tr\/index.php\/urun\/adli-psikiyatri-psikiyatride-hukuk-ve-etik\/"},"modified":"2026-04-15T03:46:41","modified_gmt":"2026-04-15T00:46:41","slug":"adli-psikiyatri-psikiyatride-hukuk-ve-etik","status":"publish","type":"product","link":"https:\/\/roveyayinevi.com.tr\/index.php\/urun\/adli-psikiyatri-psikiyatride-hukuk-ve-etik\/","title":{"rendered":"Adli Psikiyatri Psikiyatride Hukuk ve Etik"},"content":{"rendered":"<p>ADL\u0130 PS\u0130K\u0130YATR\u0130 Psikiyatride Hukuk ve Etik Adli psikiyatri tarihi M.\u00d6. XIV. yy\u2019dan ba\u015flar. Babil yaz\u0131tlar\u0131nda bedensel hastal\u0131k ve delili\u011fin ceza hukukundaki yeri ve bunlar\u0131n taklitleriyle ay\u0131rt edilmesi hakk\u0131nda kurallara rastlanm\u0131\u015ft\u0131r. \u00c7a\u011fda\u015f anlamda adli psikiyatri literat\u00fcr\u00fc d\u00fcnyada XIIX, \u00fclkemizde XIX. yy\u2019da olu\u015fmaya ba\u015flam\u0131\u015ft\u0131r. Bizde bu alan\u0131n eserlerinin olu\u015fmas\u0131nda \u00f6nc\u00fcl\u00fck yapan Bak\u0131rk\u00f6y Ruh ve Sinir Hastal\u0131klar\u0131 Hastanesi\u2019nin Adli Psikiyatri Birimi\u2019nde bilgi ve deneyim kazanm\u0131\u015f bir psikiyatr olarak; \u00fc\u00e7\u00fcnc\u00fc Adli Psikiyatri kitab\u0131m\u0131 \u00f6ncekilerden daha geni\u015f ve yenilenen yasal d\u00fczenlemeler ile kurumsal uygulamalar\u0131 kapsar halde yazd\u0131m. Kitab\u0131 ilgin\u00e7 tarihsel \u00f6yk\u00fcleri, olgu \u00f6rnekleri ve tart\u0131\u015fmalar\u0131 ile ilgin\u00e7 bulaca\u011f\u0131n\u0131z\u0131 ve mevzuat k\u0131s\u0131mlar\u0131 i\u00e7in de ihtiya\u00e7 halinde g\u00f6z atmak \u00fczere el alt\u0131nda bulunduraca\u011f\u0131n\u0131z\u0131 umuyorum.<\/p>\n","protected":false},"excerpt":{"rendered":"<p>ADL\u0130 PS\u0130K\u0130YATR\u0130 Psikiyatride Hukuk ve Etik Adli psikiyatri tarihi M.\u00d6. XIV. yy\u2019dan ba\u015flar. Babil yaz\u0131tlar\u0131nda bedensel hastal\u0131k ve delili\u011fin ceza hukukundaki yeri ve bunlar\u0131n taklitleriyle ay\u0131rt<span class=\"excerpt-hellip\"> [\u2026]<\/span><\/p>\n","protected":false},"featured_media":0,"template":"","meta":{"_monsterinsights_skip_tracking":false,"_monsterinsights_sitenote_active":false,"_monsterinsights_sitenote_note":"","_monsterinsights_sitenote_category":0},"product_brand":[],"product_cat":[20502,12357],"product_tag":[],"class_list":{"0":"post-783702","1":"product","2":"type-product","3":"status-publish","5":"product_cat-basvuru-kitaplari-psikoloji","6":"product_cat-psikoloji","7":"pa_cilt-ciltsiz","8":"pa_tur-kitap","9":"pa_yayinevi-ucurtma-yayinlari","10":"pa_yazar-huseyin-soysal","12":"first","13":"instock","14":"sale","15":"shipping-taxable","16":"purchasable","17":"product-type-simple"},"_links":{"self":[{"href":"https:\/\/roveyayinevi.com.tr\/index.php\/wp-json\/wp\/v2\/product\/783702","targetHints":{"allow":["GET"]}}],"collection":[{"href":"https:\/\/roveyayinevi.com.tr\/index.php\/wp-json\/wp\/v2\/product"}],"about":[{"href":"https:\/\/roveyayinevi.com.tr\/index.php\/wp-json\/wp\/v2\/types\/product"}],"wp:attachment":[{"href":"https:\/\/roveyayinevi.com.tr\/index.php\/wp-json\/wp\/v2\/media?parent=783702"}],"wp:term":[{"taxonomy":"product_brand","embeddable":true,"href":"https:\/\/roveyayinevi.com.tr\/index.php\/wp-json\/wp\/v2\/product_brand?post=783702"},{"taxonomy":"product_cat","embeddable":true,"href":"https:\/\/roveyayinevi.com.tr\/index.php\/wp-json\/wp\/v2\/product_cat?post=783702"},{"taxonomy":"product_tag","embeddable":true,"href":"https:\/\/roveyayinevi.com.tr\/index.php\/wp-json\/wp\/v2\/product_tag?post=783702"}],"curies":[{"name":"wp","href":"https:\/\/api.w.org\/{rel}","templated":true}]}}