{"id":783700,"date":"2026-02-26T23:37:02","date_gmt":"2026-02-26T20:37:02","guid":{"rendered":"https:\/\/roveyayinevi.com.tr\/index.php\/urun\/bagimlilik-tedavisinde-66-temel-ilke\/"},"modified":"2026-04-15T03:46:41","modified_gmt":"2026-04-15T00:46:41","slug":"bagimlilik-tedavisinde-66-temel-ilke","status":"publish","type":"product","link":"https:\/\/roveyayinevi.com.tr\/index.php\/urun\/bagimlilik-tedavisinde-66-temel-ilke\/","title":{"rendered":"Ba\u011f\u0131ml\u0131l\u0131k Tedavisinde 66 Temel \u0130lke"},"content":{"rendered":"<p>Ba\u011f\u0131ml\u0131l\u0131k tedavisi \u00e7ok boyutlu bir yakla\u015f\u0131m gerektirir.Yakla\u015f\u0131m\u0131n \u00e7ok boyutlu olmas\u0131, tedavide yol g\u00f6sterici bir k\u0131lavuza ihtiyac\u0131 art\u0131rmaktad\u0131r.Bu kitap ba\u011f\u0131ml\u0131l\u0131k tedavisinin en \u00f6nemli ilkelerini i\u00e7ermektedir.Sadece ilkelere yer verilmemi\u015f, uyulmas\u0131 gereken temel ilkeler yal\u0131n bir dille anlat\u0131lmaya \u00e7al\u0131\u015f\u0131lm\u0131\u015ft\u0131r.Bu haliyle kitab\u0131n e\u011fitici bir nitelik ta\u015f\u0131mas\u0131 da d\u00fc\u015f\u00fcn\u00fclm\u00fc\u015ft\u00fcr.Kitap, ba\u011f\u0131ml\u0131 hastalarla kar\u015f\u0131la\u015fan psikiyatrist, psikolog, PDR, hem\u015fire, sosyal hizmet uzman\u0131 ve di\u011ferhekimlere y\u00f6nelik haz\u0131rlanm\u0131\u015ft\u0131r.Alanda \u00e7al\u0131\u015fanlara yol g\u00f6sterecek bir rehber kitap olaca\u011f\u0131na inan\u0131yoruz\u2026<\/p>\n","protected":false},"excerpt":{"rendered":"<p>Ba\u011f\u0131ml\u0131l\u0131k tedavisi \u00e7ok boyutlu bir yakla\u015f\u0131m gerektirir.Yakla\u015f\u0131m\u0131n \u00e7ok boyutlu olmas\u0131, tedavide yol g\u00f6sterici bir k\u0131lavuza ihtiyac\u0131 art\u0131rmaktad\u0131r.Bu kitap ba\u011f\u0131ml\u0131l\u0131k tedavisinin en \u00f6nemli ilkelerini i\u00e7ermektedir.Sadece ilkelere yer<span class=\"excerpt-hellip\"> [\u2026]<\/span><\/p>\n","protected":false},"featured_media":0,"template":"","meta":{"_monsterinsights_skip_tracking":false,"_monsterinsights_sitenote_active":false,"_monsterinsights_sitenote_note":"","_monsterinsights_sitenote_category":0},"product_brand":[],"product_cat":[20313,13365],"product_tag":[],"class_list":{"0":"post-783700","1":"product","2":"type-product","3":"status-publish","5":"product_cat-basvuru-kitaplari-saglik","6":"product_cat-saglik","7":"pa_cilt-ciltsiz","8":"pa_tur-kitap","9":"pa_yayinevi-ucurtma-yayinlari","10":"pa_yazar-kultegin-ogel","12":"first","13":"instock","14":"sale","15":"shipping-taxable","16":"purchasable","17":"product-type-simple"},"_links":{"self":[{"href":"https:\/\/roveyayinevi.com.tr\/index.php\/wp-json\/wp\/v2\/product\/783700","targetHints":{"allow":["GET"]}}],"collection":[{"href":"https:\/\/roveyayinevi.com.tr\/index.php\/wp-json\/wp\/v2\/product"}],"about":[{"href":"https:\/\/roveyayinevi.com.tr\/index.php\/wp-json\/wp\/v2\/types\/product"}],"wp:attachment":[{"href":"https:\/\/roveyayinevi.com.tr\/index.php\/wp-json\/wp\/v2\/media?parent=783700"}],"wp:term":[{"taxonomy":"product_brand","embeddable":true,"href":"https:\/\/roveyayinevi.com.tr\/index.php\/wp-json\/wp\/v2\/product_brand?post=783700"},{"taxonomy":"product_cat","embeddable":true,"href":"https:\/\/roveyayinevi.com.tr\/index.php\/wp-json\/wp\/v2\/product_cat?post=783700"},{"taxonomy":"product_tag","embeddable":true,"href":"https:\/\/roveyayinevi.com.tr\/index.php\/wp-json\/wp\/v2\/product_tag?post=783700"}],"curies":[{"name":"wp","href":"https:\/\/api.w.org\/{rel}","templated":true}]}}