{"id":783699,"date":"2026-02-26T23:37:00","date_gmt":"2026-02-26T20:37:00","guid":{"rendered":"https:\/\/roveyayinevi.com.tr\/index.php\/urun\/bagimlilik-hakkinda-ne-yapmaliyim\/"},"modified":"2026-04-15T03:46:41","modified_gmt":"2026-04-15T00:46:41","slug":"bagimlilik-hakkinda-ne-yapmaliyim","status":"publish","type":"product","link":"https:\/\/roveyayinevi.com.tr\/index.php\/urun\/bagimlilik-hakkinda-ne-yapmaliyim\/","title":{"rendered":"Ba\u011f\u0131ml\u0131l\u0131k Hakk\u0131nda Ne Yapmal\u0131y\u0131m?"},"content":{"rendered":"<p style=\"margin-bottom: 10px;font-family: Poppins, Helvetica, Arial, sans-serif;font-size: 14px;letter-spacing: normal\">Ba\u011f\u0131ml\u0131l\u0131k Hakk\u0131nda Ne Yapmal\u0131y\u0131m?\u00a0Aile Ve Yak\u0131nlar \u0130\u00e7in Bilgiler<\/p>\n<p style=\"margin-bottom: 10px;font-family: Poppins, Helvetica, Arial, sans-serif;font-size: 14px;letter-spacing: normal\">\u2022 Ba\u011f\u0131ml\u0131 oldu\u011funu kabul etmiyor, ne yapmal\u0131y\u0131m?<br \/>\u2022 Tekrar kullanmaya ba\u015flarsa, ne yapmal\u0131y\u0131m?<br \/>\u2022 Ba\u011f\u0131ml\u0131 yak\u0131n\u0131mla daha sa\u011fl\u0131kl\u0131 bir ileti\u015fim i\u00e7in ne yapmal\u0131y\u0131m?<br \/>\u2022 Madde kullan\u0131p kullanmad\u0131\u011f\u0131n\u0131 anlayam\u0131yorum, ne yapmal\u0131y\u0131m?<br \/>\u2022 Ba\u011f\u0131ml\u0131l\u0131k tedavisi g\u00f6rd\u00fc ve hastaneden taburcu oldu, ne yapmal\u0131y\u0131m?<br \/>\u2022 \u0130mplant takt\u0131rd\u0131m, ba\u015fka tedaviye ihtiyac\u0131m yok diyor, ne yapmal\u0131y\u0131m?<br \/>\u2022 Taburculuk sonras\u0131 s\u00fcre\u00e7te s\u00fcrekli mutsuz, isteksiz, s\u0131k\u0131nt\u0131l\u0131, ne yapmal\u0131y\u0131m?<br \/>\u2022 \u0130la\u00e7lar\u0131 kafas\u0131na g\u00f6re kullan\u0131yor, ne yapmal\u0131y\u0131m?<br \/>\u2022 \u00c7ok internet oyunu oynuyor; ba\u011f\u0131ml\u0131 m\u0131, de\u011fil mi bilmiyorum, ne yapmal\u0131y\u0131m?<br \/>\u2022 Bilgisayar\u0131 elinden ald\u0131\u011f\u0131m\u0131zda ortal\u0131\u011f\u0131 y\u0131k\u0131yor, ba\u011f\u0131r\u0131p \u00e7a\u011f\u0131r\u0131yor, ne yapmal\u0131y\u0131m?<br \/>\u2022 Kumar bor\u00e7lar\u0131n\u0131 \u00f6deyin bir daha oynamam diyor, ne yapmal\u0131y\u0131m?<br \/>\u2022 Hastal\u0131klar\u0131 var fakat sigara b\u0131rakmak istemiyor, ne yapmal\u0131y\u0131m?<br \/>\u2022 Alkol\/Maddeyi b\u0131rakt\u0131 ancak ciddi unutkanl\u0131k ve dikkat da\u011f\u0131n\u0131kl\u0131\u011f\u0131 ya\u015f\u0131yor, ne yapmal\u0131y\u0131m?<br \/>\u2022 Yak\u0131n\u0131m yo\u011fun alkol i\u00e7tikten birka\u00e7 g\u00fcn sonra zihin kar\u0131\u015f\u0131kl\u0131\u011f\u0131 ya\u015f\u0131yor, ne yapmal\u0131y\u0131m?<br \/>\u2022 Yak\u0131n\u0131m\u0131n ba\u011f\u0131ml\u0131l\u0131k tedavisi g\u00f6rd\u00fc\u011f\u00fcn\u00fc \u00e7ocu\u011fuma anlatmam gerek, ne yapmal\u0131y\u0131m?<br \/>\u2022 Alkol ba\u011f\u0131ml\u0131l\u0131\u011f\u0131 tedavisi g\u00f6ren yak\u0131n\u0131m\u0131 beslenmesini desteklemek i\u00e7in ne yapmal\u0131y\u0131m?<br \/>\u2022 Yak\u0131n\u0131m\u0131n denetimli serbestli\u011fi var, ne yapmal\u0131y\u0131m?<br \/>\u2022 Bize \u015fiddet uyguluyor, zorla para al\u0131yor, ne yapmal\u0131y\u0131m?<br \/>\u2022 Yak\u0131n\u0131m \u00fczerinde uyu\u015fturucu maddeyle yakaland\u0131, ne yapmal\u0131y\u0131m?<br \/>\u2022 \u00c7ocu\u011fumu ba\u011f\u0131ml\u0131l\u0131\u011fa kar\u015f\u0131 korumak i\u00e7in ne yapmal\u0131y\u0131m?<\/p>\n<p style=\"margin-bottom: 10px;font-family: Poppins, Helvetica, Arial, sans-serif;font-size: 14px;letter-spacing: normal\">Ba\u011f\u0131ml\u0131l\u0131\u011f\u0131 tan\u0131mak, anlamak, \u00f6nlemek, tedavi ve sonraki s\u00fcre\u00e7te yap\u0131lmas\u0131 gerekenleri bilgi ve deneyimler \u0131\u015f\u0131\u011f\u0131nda bu kitapta bulabilirsiniz.<br \/>&#8220;Ne Yapmal\u0131y\u0131m&#8221; serisinin bu kitab\u0131nda ba\u011f\u0131ml\u0131l\u0131k tedavisi g\u00f6ren yak\u0131nlar\u0131n\u0131za nas\u0131l daha sa\u011fl\u0131kl\u0131 destek verebilece\u011finizi a\u00e7\u0131klamaya \u00e7al\u0131\u015ft\u0131k.<br \/>Bu kitapta ba\u011f\u0131ml\u0131l\u0131k hakk\u0131nda temel bilgileri, tedavi m\u00fcdahalelerini, zor durumlarda neler yap\u0131labilece\u011fini ve en s\u0131k kar\u015f\u0131la\u015ft\u0131\u011f\u0131n\u0131z sorular\u0131n cevaplar\u0131n\u0131 bulabileceksiniz&#8230;<\/p>\n","protected":false},"excerpt":{"rendered":"<p>Ba\u011f\u0131ml\u0131l\u0131k Hakk\u0131nda Ne Yapmal\u0131y\u0131m?\u00a0Aile Ve Yak\u0131nlar \u0130\u00e7in Bilgiler \u2022 Ba\u011f\u0131ml\u0131 oldu\u011funu kabul etmiyor, ne yapmal\u0131y\u0131m?\u2022 Tekrar kullanmaya ba\u015flarsa, ne yapmal\u0131y\u0131m?\u2022 Ba\u011f\u0131ml\u0131 yak\u0131n\u0131mla daha sa\u011fl\u0131kl\u0131 bir ileti\u015fim<span class=\"excerpt-hellip\"> [\u2026]<\/span><\/p>\n","protected":false},"featured_media":0,"template":"","meta":{"_monsterinsights_skip_tracking":false,"_monsterinsights_sitenote_active":false,"_monsterinsights_sitenote_note":"","_monsterinsights_sitenote_category":0},"product_brand":[],"product_cat":[12364,12376],"product_tag":[],"class_list":{"0":"post-783699","1":"product","2":"type-product","3":"status-publish","5":"product_cat-genel-konular","6":"product_cat-kisisel-gelisim","7":"pa_cilt-ciltsiz","8":"pa_tur-kitap","9":"pa_yayinevi-ucurtma-yayinlari","10":"pa_yazar-kultegin-ogel","12":"first","13":"instock","14":"sale","15":"shipping-taxable","16":"purchasable","17":"product-type-simple"},"_links":{"self":[{"href":"https:\/\/roveyayinevi.com.tr\/index.php\/wp-json\/wp\/v2\/product\/783699","targetHints":{"allow":["GET"]}}],"collection":[{"href":"https:\/\/roveyayinevi.com.tr\/index.php\/wp-json\/wp\/v2\/product"}],"about":[{"href":"https:\/\/roveyayinevi.com.tr\/index.php\/wp-json\/wp\/v2\/types\/product"}],"wp:attachment":[{"href":"https:\/\/roveyayinevi.com.tr\/index.php\/wp-json\/wp\/v2\/media?parent=783699"}],"wp:term":[{"taxonomy":"product_brand","embeddable":true,"href":"https:\/\/roveyayinevi.com.tr\/index.php\/wp-json\/wp\/v2\/product_brand?post=783699"},{"taxonomy":"product_cat","embeddable":true,"href":"https:\/\/roveyayinevi.com.tr\/index.php\/wp-json\/wp\/v2\/product_cat?post=783699"},{"taxonomy":"product_tag","embeddable":true,"href":"https:\/\/roveyayinevi.com.tr\/index.php\/wp-json\/wp\/v2\/product_tag?post=783699"}],"curies":[{"name":"wp","href":"https:\/\/api.w.org\/{rel}","templated":true}]}}