{"id":783698,"date":"2026-02-26T23:36:57","date_gmt":"2026-02-26T20:36:57","guid":{"rendered":"https:\/\/roveyayinevi.com.tr\/index.php\/urun\/ruhsal-sorunlar-hakkinda-ne-yapmaliyimaile-ve-yakinlar-icin-bilgiler\/"},"modified":"2026-04-15T03:46:41","modified_gmt":"2026-04-15T00:46:41","slug":"ruhsal-sorunlar-hakkinda-ne-yapmaliyimaile-ve-yakinlar-icin-bilgiler","status":"publish","type":"product","link":"https:\/\/roveyayinevi.com.tr\/index.php\/urun\/ruhsal-sorunlar-hakkinda-ne-yapmaliyimaile-ve-yakinlar-icin-bilgiler\/","title":{"rendered":"Ruhsal Sorunlar Hakk\u0131nda Ne Yapmal\u0131y\u0131m?;Aile Ve Yak\u0131nlar I\u0307\u00e7in Bilgiler"},"content":{"rendered":"<p style=\"margin-bottom: 10px;font-family: Poppins, Helvetica, Arial, sans-serif;font-size: 14px;letter-spacing: normal\">Ruhsal Sorunlar Hakk\u0131nda Ne Yapmal\u0131y\u0131m?\u00a0Aile Ve Yak\u0131nlar \u0130\u00e7in Bilgiler<\/p>\n<p style=\"margin-bottom: 10px;font-family: Poppins, Helvetica, Arial, sans-serif;font-size: 14px;letter-spacing: normal\">\u2022 Ben ak\u0131l hastas\u0131 de\u011filim diyor, ne yapmal\u0131y\u0131m?<br \/>\u2022 Hastaneye yat\u0131rd\u0131\u011f\u0131m\u0131z i\u00e7in bize \u00e7ok \u00f6fkeli, ne yapmal\u0131y\u0131m?<br \/>\u2022 Yak\u0131n\u0131m\u0131n yayg\u0131n kayg\u0131 bozuklu\u011fu belirtilerinin ge\u00e7mesini istiyorum ne yapmal\u0131y\u0131m?<br \/>\u2022 Yak\u0131n\u0131m psikiyatrik ila\u00e7lar ba\u011f\u0131ml\u0131l\u0131k yapar diye korkuyor, ne yapmal\u0131y\u0131m?<br \/>\u2022 Yak\u0131n\u0131m ya\u015fad\u0131\u011f\u0131 kayg\u0131 sebebiyle evden \u00e7\u0131kmamaya ba\u015flad\u0131, ne yapmal\u0131y\u0131m?<br \/>\u2022 Yak\u0131n\u0131m tak\u0131nt\u0131lar\u0131n\u0131 kontrol edemiyor, ne yapmal\u0131y\u0131m?<br \/>\u2022 Yak\u0131n\u0131m travma sonras\u0131 stres belirtileri ya\u015f\u0131yor, ne yapmal\u0131y\u0131m?<br \/>\u2022 Yak\u0131n\u0131m\u0131n intihar e\u011filimi var, ne yapmal\u0131y\u0131m?<br \/>\u2022 Etraf\u0131mdaki insanlar bu hastal\u0131\u011f\u0131n \u201c\u00fc\u00e7 harfliler\u201d ya da \u201cb\u00fcy\u00fcyle\u201d ili\u015fkili olabilece\u011fini s\u00f6yl\u00fcyor, ne yapmal\u0131y\u0131m?<br \/>\u2022 T\u00fcm paras\u0131n\u0131 \u00e7ar\u00e7ur, ediyor hesab\u0131n\u0131 bilmiyor, i\u015flerini idare edemiyor, ne yapmal\u0131y\u0131m?<br \/>\u2022 Hastam uyku sorunlar\u0131 ya\u015f\u0131yor, ne yapmal\u0131y\u0131m?<br \/>\u2022 Annem Alzheimer hastas\u0131, demanstan korunmak i\u00e7in neler yapabilirim?<br \/>\u2022 \u00c7ocu\u011fuma DEHB tan\u0131s\u0131 konuldu, ne yapmal\u0131y\u0131m?<br \/>\u2022 Yak\u0131n\u0131m\u0131n yeme bozuklu\u011fu var ama bu durumu kabul etmiyor, ne yapmal\u0131y\u0131m?<br \/>\u2022 \u00c7ocu\u011fumu yeme bozuklu\u011fundan korumak istiyorum, ne yapmal\u0131y\u0131m?<br \/>\u2022 Yak\u0131n\u0131ma bordline ki\u015filik bozuklu\u011fu tan\u0131s\u0131 konuldu, ne yapmal\u0131y\u0131m?<br \/>\u2022 Kendini herkesten \u00fcst\u00fcn g\u00f6r\u00fcyor, ne yapmal\u0131y\u0131m?<br \/>\u2022 Yak\u0131n\u0131m \u00f6fkesinin aniden ortaya \u00e7\u0131kt\u0131\u011f\u0131n\u0131, kontrol edemedi\u011fini s\u00f6yl\u00fcyor, ne yapmal\u0131y\u0131m?<br \/>\u2022 Ruhsal hastal\u0131\u011f\u0131 olan yak\u0131n\u0131m\u0131n beslenmesini desteklemek i\u00e7in ne yapmal\u0131y\u0131m?<\/p>\n<p style=\"margin-bottom: 10px;font-family: Poppins, Helvetica, Arial, sans-serif;font-size: 14px;letter-spacing: normal\">Ruhsal sorunlar\u0131 tan\u0131mak, anlamak, \u00f6nlemek, tedavi ve sonraki s\u00fcre\u00e7lerde yap\u0131lmas\u0131 gerekenleri bilimsel bilgiler ve klinik deneyimler \u0131\u015f\u0131\u011f\u0131nda bu kitapta bulabilirsiniz.<br \/>&#8220;Ne Yapmal\u0131y\u0131m&#8221; serisinin bu kitab\u0131nda ruhsal sorunlar\u0131 olan yak\u0131nlar\u0131n\u0131za nas\u0131l daha sa\u011fl\u0131kl\u0131 destek verebilece\u011finizi a\u00e7\u0131klamaya \u00e7al\u0131\u015ft\u0131k.<\/p>\n<p style=\"margin-bottom: 10px;font-family: Poppins, Helvetica, Arial, sans-serif;font-size: 14px;letter-spacing: normal\">Bu kitapta ruhsal sorunlar hakk\u0131nda temel bilgileri, tedavi m\u00fcdahalelerini, zor durumda neler yap\u0131labilece\u011fini ve en s\u0131k kar\u015f\u0131la\u015ft\u0131\u011f\u0131n\u0131z sorunlar\u0131n cevab\u0131n\u0131 bulabileceksiniz.<\/p>\n","protected":false},"excerpt":{"rendered":"<p>Ruhsal Sorunlar Hakk\u0131nda Ne Yapmal\u0131y\u0131m?\u00a0Aile Ve Yak\u0131nlar \u0130\u00e7in Bilgiler \u2022 Ben ak\u0131l hastas\u0131 de\u011filim diyor, ne yapmal\u0131y\u0131m?\u2022 Hastaneye yat\u0131rd\u0131\u011f\u0131m\u0131z i\u00e7in bize \u00e7ok \u00f6fkeli, ne yapmal\u0131y\u0131m?\u2022 Yak\u0131n\u0131m\u0131n<span class=\"excerpt-hellip\"> [\u2026]<\/span><\/p>\n","protected":false},"featured_media":0,"template":"","meta":{"_monsterinsights_skip_tracking":false,"_monsterinsights_sitenote_active":false,"_monsterinsights_sitenote_note":"","_monsterinsights_sitenote_category":0},"product_brand":[],"product_cat":[12364,12376],"product_tag":[],"class_list":{"0":"post-783698","1":"product","2":"type-product","3":"status-publish","5":"product_cat-genel-konular","6":"product_cat-kisisel-gelisim","7":"pa_cilt-ciltsiz","8":"pa_tur-kitap","9":"pa_yayinevi-ucurtma-yayinlari","10":"pa_yazar-kultegin-ogel","12":"first","13":"instock","14":"sale","15":"shipping-taxable","16":"purchasable","17":"product-type-simple"},"_links":{"self":[{"href":"https:\/\/roveyayinevi.com.tr\/index.php\/wp-json\/wp\/v2\/product\/783698","targetHints":{"allow":["GET"]}}],"collection":[{"href":"https:\/\/roveyayinevi.com.tr\/index.php\/wp-json\/wp\/v2\/product"}],"about":[{"href":"https:\/\/roveyayinevi.com.tr\/index.php\/wp-json\/wp\/v2\/types\/product"}],"wp:attachment":[{"href":"https:\/\/roveyayinevi.com.tr\/index.php\/wp-json\/wp\/v2\/media?parent=783698"}],"wp:term":[{"taxonomy":"product_brand","embeddable":true,"href":"https:\/\/roveyayinevi.com.tr\/index.php\/wp-json\/wp\/v2\/product_brand?post=783698"},{"taxonomy":"product_cat","embeddable":true,"href":"https:\/\/roveyayinevi.com.tr\/index.php\/wp-json\/wp\/v2\/product_cat?post=783698"},{"taxonomy":"product_tag","embeddable":true,"href":"https:\/\/roveyayinevi.com.tr\/index.php\/wp-json\/wp\/v2\/product_tag?post=783698"}],"curies":[{"name":"wp","href":"https:\/\/api.w.org\/{rel}","templated":true}]}}