{"id":783697,"date":"2026-02-26T23:36:55","date_gmt":"2026-02-26T20:36:55","guid":{"rendered":"https:\/\/roveyayinevi.com.tr\/index.php\/urun\/cocuk-psikiyatrisi\/"},"modified":"2026-04-15T03:46:41","modified_gmt":"2026-04-15T00:46:41","slug":"cocuk-psikiyatrisi","status":"publish","type":"product","link":"https:\/\/roveyayinevi.com.tr\/index.php\/urun\/cocuk-psikiyatrisi\/","title":{"rendered":"\u00c7ocuk Psikiyatrisi"},"content":{"rendered":"<p>\u00c7ocu\u011fun Psikososyal Geli\u015fim Basamaklar\u0131 ve \u00d6zellikleri\u00c7ocuk \u0130le \u0130leti\u015fimDikkat Eksikli\u011fi Hiperaktivite Bozuklu\u011fu (DEHP)\u00d6zg\u00fcl \u00d6\u011frenme Bozuklu\u011fuOkul Ba\u015far\u0131s\u0131zl\u0131\u011f\u0131Zihinsel YetersizlikDavran\u0131m Bozuklu\u011fuDepresyonObsesif Kompulsif Bozukluk (OKB)Fobiler \/ A\u015f\u0131r\u0131 KorkularPanik N\u00f6betleriSosyal FobiAyr\u0131lma Kayg\u0131s\u0131Okul FobisiUyku Sorunlar\u0131Beslenme ve Yeme Sorunlar\u0131KekemelikTiklerKonu\u015fma Sorunlar\u0131OtizmGece Alt\u0131n\u0131 IslatmaD\u0131\u015fk\u0131 Ka\u00e7\u0131rma\u00c7ocuk ve CinsellikCinsel Kimlik Sorunlar\u0131Karde\u015f K\u0131skan\u00e7l\u0131\u011f\u0131Ergenlik D\u00f6nemiAlkol ve Uyu\u015fturucu Madde Ba\u011f\u0131ml\u0131l\u0131\u011f\u0131\u0130nternet Ba\u011f\u0131ml\u0131l\u0131\u011f\u0131\u00c7ocuklarda Psikiyatrik Sorunlar\u0131n Tedavisi<\/p>\n","protected":false},"excerpt":{"rendered":"<p>\u00c7ocu\u011fun Psikososyal Geli\u015fim Basamaklar\u0131 ve \u00d6zellikleri\u00c7ocuk \u0130le \u0130leti\u015fimDikkat Eksikli\u011fi Hiperaktivite Bozuklu\u011fu (DEHP)\u00d6zg\u00fcl \u00d6\u011frenme Bozuklu\u011fuOkul Ba\u015far\u0131s\u0131zl\u0131\u011f\u0131Zihinsel YetersizlikDavran\u0131m Bozuklu\u011fuDepresyonObsesif Kompulsif Bozukluk (OKB)Fobiler \/ A\u015f\u0131r\u0131 KorkularPanik N\u00f6betleriSosyal FobiAyr\u0131lma Kayg\u0131s\u0131Okul<span class=\"excerpt-hellip\"> [\u2026]<\/span><\/p>\n","protected":false},"featured_media":0,"template":"","meta":{"_monsterinsights_skip_tracking":false,"_monsterinsights_sitenote_active":false,"_monsterinsights_sitenote_note":"","_monsterinsights_sitenote_category":0},"product_brand":[],"product_cat":[12679,12357],"product_tag":[],"class_list":{"0":"post-783697","1":"product","2":"type-product","3":"status-publish","5":"product_cat-cocuk-psikolojisi","6":"product_cat-psikoloji","7":"pa_cilt-ciltsiz","8":"pa_tur-kitap","9":"pa_yayinevi-ucurtma-yayinlari","10":"pa_yazar-mucahit-ozturk","12":"first","13":"instock","14":"sale","15":"shipping-taxable","16":"purchasable","17":"product-type-simple"},"_links":{"self":[{"href":"https:\/\/roveyayinevi.com.tr\/index.php\/wp-json\/wp\/v2\/product\/783697","targetHints":{"allow":["GET"]}}],"collection":[{"href":"https:\/\/roveyayinevi.com.tr\/index.php\/wp-json\/wp\/v2\/product"}],"about":[{"href":"https:\/\/roveyayinevi.com.tr\/index.php\/wp-json\/wp\/v2\/types\/product"}],"wp:attachment":[{"href":"https:\/\/roveyayinevi.com.tr\/index.php\/wp-json\/wp\/v2\/media?parent=783697"}],"wp:term":[{"taxonomy":"product_brand","embeddable":true,"href":"https:\/\/roveyayinevi.com.tr\/index.php\/wp-json\/wp\/v2\/product_brand?post=783697"},{"taxonomy":"product_cat","embeddable":true,"href":"https:\/\/roveyayinevi.com.tr\/index.php\/wp-json\/wp\/v2\/product_cat?post=783697"},{"taxonomy":"product_tag","embeddable":true,"href":"https:\/\/roveyayinevi.com.tr\/index.php\/wp-json\/wp\/v2\/product_tag?post=783697"}],"curies":[{"name":"wp","href":"https:\/\/api.w.org\/{rel}","templated":true}]}}