{"id":783696,"date":"2026-02-26T23:36:53","date_gmt":"2026-02-26T20:36:53","guid":{"rendered":"https:\/\/roveyayinevi.com.tr\/index.php\/urun\/ofke-kin-haset-ve-kurtulus-yollari\/"},"modified":"2026-04-15T03:46:41","modified_gmt":"2026-04-15T00:46:41","slug":"ofke-kin-haset-ve-kurtulus-yollari","status":"publish","type":"product","link":"https:\/\/roveyayinevi.com.tr\/index.php\/urun\/ofke-kin-haset-ve-kurtulus-yollari\/","title":{"rendered":"\u00d6fke, Kin, Haset ve Kurtulu\u015f Yollar\u0131"},"content":{"rendered":"<p>\u0130mam-\u0131 Gaz\u00e2l\u00ee\u2019nin en b\u00fcy\u00fck eseri olan \u0130hy\u00e2u Ul\u00fbmi\u2019d-Din, M\u00fcsl\u00fcmanlar i\u00e7in her d\u00f6nem ilk akla gelen ba\u015fvuru kayna\u011f\u0131 olmu\u015f ve bu esere b\u00fcy\u00fck g\u00fcven duyulmu\u015ftur. \u0130hy\u00e2u Ul\u00fbmi\u2019d-Din, d\u00f6rt ana b\u00f6l\u00fcmden ve her b\u00f6l\u00fcm de onar konudan olu\u015fmaktad\u0131r. \u0130hy\u00e2u Ul\u00fbmi\u2019d-Din i\u00e7inde yer alan konular\u0131n her biri, eserin orijinal anlat\u0131m\u0131 asla bozulmadan, ak\u0131c\u0131 ve duru bir dil kullan\u0131larak \u00e7evirisi yap\u0131ld\u0131 ve ba\u015fl\u0131 ba\u015f\u0131na birer kitap haline getirildi. \u0130hy\u00e2u Ul\u00fbmi\u2019d-Din\u2019in \u00fc\u00e7\u00fcnc\u00fc b\u00f6l\u00fcm\u00fc olan Helak Edici \u015eeyler B\u00f6l\u00fcm\u00fc\u2019n\u00fcn be\u015finci konusu \u00d6fke, Kin, Haset\u2019tir. \u00d6fke, Kin, Haset ve Kurtulu\u015f Yollar\u0131 \u00f6ncelikle bu duygular\u0131 tan\u0131tarak ki\u015finin bilgi sahibi olmas\u0131na yard\u0131mc\u0131 olur. Bu hasletler \u015fayet ki\u015finin kalbinde k\u00f6k salm\u0131\u015fsa o zaman da onu tedavi yollar\u0131n\u0131 g\u00f6sterir. Zira \u015ferri tan\u0131mayan ki\u015fi o \u015ferre d\u00fc\u015fer. \u015eerri tan\u0131yan ki\u015fi ise \u2013ki sadece tan\u0131makla yetinmeyip onunla m\u00fccadele yolunu bilirse\u2013 \u015ferri engeller ve uzakla\u015ft\u0131r\u0131r.Bu kitap kin ve hasedin afetlerini, \u00f6fkenin insan\u0131n ba\u015f\u0131na getirece\u011fi felaketleri zikredip kurtulu\u015f \u00e7arelerini s\u0131ralamaktad\u0131r.<\/p>\n","protected":false},"excerpt":{"rendered":"<p>\u0130mam-\u0131 Gaz\u00e2l\u00ee\u2019nin en b\u00fcy\u00fck eseri olan \u0130hy\u00e2u Ul\u00fbmi\u2019d-Din, M\u00fcsl\u00fcmanlar i\u00e7in her d\u00f6nem ilk akla gelen ba\u015fvuru kayna\u011f\u0131 olmu\u015f ve bu esere b\u00fcy\u00fck g\u00fcven duyulmu\u015ftur. \u0130hy\u00e2u Ul\u00fbmi\u2019d-Din,<span class=\"excerpt-hellip\"> [\u2026]<\/span><\/p>\n","protected":false},"featured_media":0,"template":"","meta":{"_monsterinsights_skip_tracking":false,"_monsterinsights_sitenote_active":false,"_monsterinsights_sitenote_note":"","_monsterinsights_sitenote_category":0},"product_brand":[],"product_cat":[12718,12719,12720],"product_tag":[],"class_list":{"0":"post-783696","1":"product","2":"type-product","3":"status-publish","5":"product_cat-din","6":"product_cat-islam","7":"product_cat-tasavvuf-mezhepler-tarikatlar","8":"pa_cilt-ciltsiz","9":"pa_tur-kitap","10":"pa_yayinevi-celik-yayinevi","11":"pa_yazar-imam-i-gazali","13":"first","14":"instock","15":"sale","16":"shipping-taxable","17":"purchasable","18":"product-type-simple"},"_links":{"self":[{"href":"https:\/\/roveyayinevi.com.tr\/index.php\/wp-json\/wp\/v2\/product\/783696","targetHints":{"allow":["GET"]}}],"collection":[{"href":"https:\/\/roveyayinevi.com.tr\/index.php\/wp-json\/wp\/v2\/product"}],"about":[{"href":"https:\/\/roveyayinevi.com.tr\/index.php\/wp-json\/wp\/v2\/types\/product"}],"wp:attachment":[{"href":"https:\/\/roveyayinevi.com.tr\/index.php\/wp-json\/wp\/v2\/media?parent=783696"}],"wp:term":[{"taxonomy":"product_brand","embeddable":true,"href":"https:\/\/roveyayinevi.com.tr\/index.php\/wp-json\/wp\/v2\/product_brand?post=783696"},{"taxonomy":"product_cat","embeddable":true,"href":"https:\/\/roveyayinevi.com.tr\/index.php\/wp-json\/wp\/v2\/product_cat?post=783696"},{"taxonomy":"product_tag","embeddable":true,"href":"https:\/\/roveyayinevi.com.tr\/index.php\/wp-json\/wp\/v2\/product_tag?post=783696"}],"curies":[{"name":"wp","href":"https:\/\/api.w.org\/{rel}","templated":true}]}}