{"id":783695,"date":"2026-02-26T23:36:50","date_gmt":"2026-02-26T20:36:50","guid":{"rendered":"https:\/\/roveyayinevi.com.tr\/index.php\/urun\/yahudilik\/"},"modified":"2026-04-15T03:46:41","modified_gmt":"2026-04-15T00:46:41","slug":"yahudilik","status":"publish","type":"product","link":"https:\/\/roveyayinevi.com.tr\/index.php\/urun\/yahudilik\/","title":{"rendered":"Yahudilik"},"content":{"rendered":"<p>Elinizdeki kitap, bir din olarak Yahudili\u011fi; kendi kaynaklar\u0131ndan ya da kendi kaynaklar\u0131 dikkateal\u0131narak dinler tarihi disiplini gelene\u011fi i\u00e7inde ortaya konulan \u00e7al\u0131\u015fmalardan hareketle, ihtisassahibi olmayan okuyucuyu bilgilendirmeye y\u00f6nelik, ancak ihtisas sahiplerinin deyararlanabilece\u011fi bir \u00e7al\u0131\u015fma olmay\u0131 hedeflemektedir. Bu y\u00fczden de, k\u0131sa da olsa bir dinolarak Yahudilik diye isimlendirilen dini olu\u015fturan temel konular, okuyan\u0131n zihninde Yahudilikhakk\u0131nda belli bir fikrin olu\u015fmas\u0131n\u0131 sa\u011flayacak \u015fekilde ele al\u0131nm\u0131\u015f ve \u015fu t\u00fcr konulara yerverilmi\u015ftir: Yahudileri ifade etmek i\u00e7in kullan\u0131lan kavramlar, Yahudili\u011fi Yahudilik yapan temelunsurlar; Yahudi tarihi; Tanr\u0131, vahiy, peygamber, Kutsal Kitap, ahiret inanc\u0131; Yahudimezhepleri \u2013kadim ve modern-; Yahudi gelenekleri, s\u00fcnnet, bayramlar; yiyecekle ilgiliyakla\u015f\u0131mlar\u0131; Yahudilerin di\u011fer dinlere bak\u0131\u015flar\u0131&#8230; Ayr\u0131ca, do\u011frudan bir din olarak Yahudilikleili\u015fkili g\u00f6r\u00fcnmese de (ger\u00e7ekte, bir k\u0131s\u0131m do\u011frudan dini, di\u011fer bir k\u0131sm\u0131 ise dini-siyasi olan)semitizm, anti-semitizm (Yahudi kar\u015f\u0131tl\u0131\u011f\u0131) ve \u0130srail devletinin kurulu\u015fu gibi konular\u0131 da Yahudidini tarihinin bir par\u00e7as\u0131 olarak g\u00f6r\u00fcld\u00fc\u011f\u00fcnden yer verilmi\u015ftir.<\/p>\n","protected":false},"excerpt":{"rendered":"<p>Elinizdeki kitap, bir din olarak Yahudili\u011fi; kendi kaynaklar\u0131ndan ya da kendi kaynaklar\u0131 dikkateal\u0131narak dinler tarihi disiplini gelene\u011fi i\u00e7inde ortaya konulan \u00e7al\u0131\u015fmalardan hareketle, ihtisassahibi olmayan okuyucuyu bilgilendirmeye<span class=\"excerpt-hellip\"> [\u2026]<\/span><\/p>\n","protected":false},"featured_media":0,"template":"","meta":{"_monsterinsights_skip_tracking":false,"_monsterinsights_sitenote_active":false,"_monsterinsights_sitenote_note":"","_monsterinsights_sitenote_category":0},"product_brand":[],"product_cat":[16382,12718],"product_tag":[],"class_list":{"0":"post-783695","1":"product","2":"type-product","3":"status-publish","5":"product_cat-diger-inanclar","6":"product_cat-din","7":"pa_cilt-ciltsiz","8":"pa_tur-kitap","9":"pa_yayinevi-mahya-yayinlari","10":"pa_yazar-fuat-aydin","12":"first","13":"instock","14":"sale","15":"shipping-taxable","16":"purchasable","17":"product-type-simple"},"_links":{"self":[{"href":"https:\/\/roveyayinevi.com.tr\/index.php\/wp-json\/wp\/v2\/product\/783695","targetHints":{"allow":["GET"]}}],"collection":[{"href":"https:\/\/roveyayinevi.com.tr\/index.php\/wp-json\/wp\/v2\/product"}],"about":[{"href":"https:\/\/roveyayinevi.com.tr\/index.php\/wp-json\/wp\/v2\/types\/product"}],"wp:attachment":[{"href":"https:\/\/roveyayinevi.com.tr\/index.php\/wp-json\/wp\/v2\/media?parent=783695"}],"wp:term":[{"taxonomy":"product_brand","embeddable":true,"href":"https:\/\/roveyayinevi.com.tr\/index.php\/wp-json\/wp\/v2\/product_brand?post=783695"},{"taxonomy":"product_cat","embeddable":true,"href":"https:\/\/roveyayinevi.com.tr\/index.php\/wp-json\/wp\/v2\/product_cat?post=783695"},{"taxonomy":"product_tag","embeddable":true,"href":"https:\/\/roveyayinevi.com.tr\/index.php\/wp-json\/wp\/v2\/product_tag?post=783695"}],"curies":[{"name":"wp","href":"https:\/\/api.w.org\/{rel}","templated":true}]}}