{"id":783693,"date":"2026-02-26T23:36:45","date_gmt":"2026-02-26T20:36:45","guid":{"rendered":"https:\/\/roveyayinevi.com.tr\/index.php\/urun\/cenneti-arayan-adam-septik-bir-muslumanin-yolculugu\/"},"modified":"2026-04-15T03:46:40","modified_gmt":"2026-04-15T00:46:40","slug":"cenneti-arayan-adam-septik-bir-muslumanin-yolculugu","status":"publish","type":"product","link":"https:\/\/roveyayinevi.com.tr\/index.php\/urun\/cenneti-arayan-adam-septik-bir-muslumanin-yolculugu\/","title":{"rendered":"Cenneti Arayan Adam; Septik Bir M\u00fcsl\u00fcman\u0131n Yolculu\u011fu"},"content":{"rendered":"<p>Bu gruplardan her biri farkl\u0131 bir d\u00fc\u015f\u00fcnce ve otorite \u00e7izgisini temsil etmekte olup, di\u011fer gruplarla rekabet h\u00e2lindedir. Hepsi de taraftar kazanmak i\u00e7in birbirleriyle yar\u0131\u015f\u0131rlar. Dolay\u0131s\u0131yla, aray\u0131\u015f i\u00e7inde bir gen\u00e7 olarak her birinin me\u015fru hedefiydim. Bu ilgiden ho\u015fnut olmakla birlikte, ama\u00e7s\u0131z olmamaya kararl\u0131yd\u0131m. Teklif edilen farkl\u0131 \u0130slam yorumlar\u0131n\u0131 bizzat deneyimlemek, her birinin g\u00f6r\u00fc\u015flerini sorgulamak ve \u00e7a\u011fr\u0131ld\u0131\u011f\u0131m cennetin ne t\u00fcr bir cennet oldu\u011funu ke\u015ffetmek istiyordum&#8230;R\u0131za&#8217;n\u0131n beni, Ha\u015fha\u015fili\u011fin kurucusu ve lideri Hasan Sabbah&#8217;\u0131n tarikat\u0131n\u0131 kurdu\u011fu Alamut Kalesi&#8217;ne g\u00f6t\u00fcrebilece\u011fini \u00f6\u011frendi\u011fimde, bu Ha\u015fha\u015filer yuvas\u0131n\u0131 ziyarete karar verdim&#8230;Ha\u015fha\u015filer de benim gibi cenneti ar\u0131yorlard\u0131. Cenneti ellerindeki kan damlayan han\u00e7erleriyle arama e\u011filimleri, onlar\u0131 as\u0131rlar boyu nakledilen etkili bir \u00f6yk\u00fcye d\u00f6n\u00fc\u015ft\u00fcrm\u00fc\u015ft\u00fc&#8230; \u00c7ok ileri gitmi\u015ftim. R\u0131za&#8217;n\u0131n aniden frene basmas\u0131yla, eski Chevrolet k\u0131zaklayarak durdu. &#8220;Ziya karde\u015fim&#8221; dedi, derin bir nefes alarak. &#8220;Senin iki problemin var: Bir korkaks\u0131n; bunca yolu Hasan Sabbah&#8217;\u0131n cennetini g\u00f6rmek i\u00e7in geldin, ama bir tepeden a\u015fa\u011f\u0131 inmekten korktun. Evet, biraz dikti; ama en az\u0131ndan deneyebilirdin. \u0130ki, a\u011fz\u0131n\u0131 kapal\u0131 tutam\u0131yorsun.&#8221; R\u0131za durumu a\u00e7\u0131klamama f\u0131rsat vermedi: &#8220;L\u00fctfen valizini al ve arabamdan in; Tahran&#8217;a kendi ba\u015f\u0131na d\u00f6nersin&#8230;&#8221;Seyahatlerim beni ka\u00e7\u0131n\u0131lmaz bir sonuca g\u00f6t\u00fcrd\u00fc: \u0130slam&#8217;\u0131n cenneti bir var\u0131\u015f yeri de\u011fil, bir seyahat tarz\u0131d\u0131r. Ya\u015fam\u0131 durduramad\u0131\u011f\u0131m\u0131z gibi, cenneti aramaktan da vazge\u00e7emeyiz. Bu aray\u0131\u015f, s\u00fcrekli bir olu\u015f s\u00fcrecidir. Ke\u015ffetti\u011fim b\u00fct\u00fcn ba\u015far\u0131s\u0131z cennetler, yanl\u0131\u015f y\u00f6nlendirilmi\u015f bir var\u0131\u015f inanc\u0131na dayan\u0131yor&#8230;<\/p>\n","protected":false},"excerpt":{"rendered":"<p>Bu gruplardan her biri farkl\u0131 bir d\u00fc\u015f\u00fcnce ve otorite \u00e7izgisini temsil etmekte olup, di\u011fer gruplarla rekabet h\u00e2lindedir. Hepsi de taraftar kazanmak i\u00e7in birbirleriyle yar\u0131\u015f\u0131rlar. Dolay\u0131s\u0131yla, aray\u0131\u015f<span class=\"excerpt-hellip\"> [\u2026]<\/span><\/p>\n","protected":false},"featured_media":0,"template":"","meta":{"_monsterinsights_skip_tracking":false,"_monsterinsights_sitenote_active":false,"_monsterinsights_sitenote_note":"","_monsterinsights_sitenote_category":0},"product_brand":[],"product_cat":[12325,12324],"product_tag":[],"class_list":{"0":"post-783693","1":"product","2":"type-product","3":"status-publish","5":"product_cat-diger-sosyoloji","6":"product_cat-sosyoloji","7":"pa_cilt-ciltsiz","8":"pa_tur-kitap","9":"pa_yayinevi-mahya-yayinlari","10":"pa_yazar-ziyauddin-serdar","12":"first","13":"instock","14":"sale","15":"shipping-taxable","16":"purchasable","17":"product-type-simple"},"_links":{"self":[{"href":"https:\/\/roveyayinevi.com.tr\/index.php\/wp-json\/wp\/v2\/product\/783693","targetHints":{"allow":["GET"]}}],"collection":[{"href":"https:\/\/roveyayinevi.com.tr\/index.php\/wp-json\/wp\/v2\/product"}],"about":[{"href":"https:\/\/roveyayinevi.com.tr\/index.php\/wp-json\/wp\/v2\/types\/product"}],"wp:attachment":[{"href":"https:\/\/roveyayinevi.com.tr\/index.php\/wp-json\/wp\/v2\/media?parent=783693"}],"wp:term":[{"taxonomy":"product_brand","embeddable":true,"href":"https:\/\/roveyayinevi.com.tr\/index.php\/wp-json\/wp\/v2\/product_brand?post=783693"},{"taxonomy":"product_cat","embeddable":true,"href":"https:\/\/roveyayinevi.com.tr\/index.php\/wp-json\/wp\/v2\/product_cat?post=783693"},{"taxonomy":"product_tag","embeddable":true,"href":"https:\/\/roveyayinevi.com.tr\/index.php\/wp-json\/wp\/v2\/product_tag?post=783693"}],"curies":[{"name":"wp","href":"https:\/\/api.w.org\/{rel}","templated":true}]}}