{"id":783692,"date":"2026-02-26T23:36:43","date_gmt":"2026-02-26T20:36:43","guid":{"rendered":"https:\/\/roveyayinevi.com.tr\/index.php\/urun\/akilsiz-ve-dusuncesiz-umutlar\/"},"modified":"2026-04-15T03:46:40","modified_gmt":"2026-04-15T00:46:40","slug":"akilsiz-ve-dusuncesiz-umutlar","status":"publish","type":"product","link":"https:\/\/roveyayinevi.com.tr\/index.php\/urun\/akilsiz-ve-dusuncesiz-umutlar\/","title":{"rendered":"Ak\u0131ls\u0131z ve D\u00fc\u015f\u00fcncesiz Umutlar"},"content":{"rendered":"<p>Gelene\u011fin dine d\u00f6n\u00fc\u015ft\u00fcr\u00fclmesiyle birlikte; \u00f6zg\u00fcnl\u00fc\u011f\u00fcn, b\u00fct\u00fcnl\u00fc\u011f\u00fcn ve hakikat bilincinin kayb\u0131 da bir \u015fekilde me\u015frula\u015ft\u0131r\u0131lm\u0131\u015f oluyor. M\u00fcsl\u00fcman halklar y\u00fczy\u0131llard\u0131r, her \u015feyin bir g\u00fcn yeniden ve kendili\u011finden a\u015f\u0131labilece\u011fi y\u00f6n\u00fcnde, uzla\u015fmac\u0131 umutlar i\u00e7erisinde ya\u015fad\u0131lar; bu nedenle de her \u015feyin, ancak bilin\u00e7li, kararl\u0131, sorumlu, i\u00e7tenlikli, nitelikli, b\u00fcy\u00fck ve kapsaml\u0131 dayan\u0131\u015fmalar temelinde ger\u00e7ekle\u015ftirilebilecek yo\u011fun m\u00fccadelelerle iyile\u015ftirilebilece\u011fine ili\u015fkin ger\u00e7ek umutlara ve ger\u00e7ek fark\u0131ndal\u0131klara ihtiya\u00e7 duymad\u0131lar. \u0130slam\u2019\u0131n barbarca ve zalimce vulgarize edilmesi, M\u00fcsl\u00fcman halklar\u0131n uzla\u015fmac\u0131 umutlarla b\u00fct\u00fcnle\u015fmesi sonucunu do\u011furdu. G\u00fcn\u00fcm\u00fczde, \u0130slami d\u00fc\u015f\u00fcnce\/k\u00fclt\u00fcr\/edebiyat ve ilahiyat hayat\u0131n\u0131n konformist\/geleneksel\/yerli\/milli s\u00f6ylemin ve iktidar alan\u0131n\u0131n i\u00e7inden konu\u015fmaya\/yazmaya devam etmesi de, bu uzla\u015fmac\u0131 umutlarla yak\u0131ndan ilgilidir. Uzla\u015fmac\u0131 umutlar\u0131 sistematik bi\u00e7imde ya\u015fatan edilgen k\u00fclt\u00fcr, hakikatin sorumlulu\u011funu ta\u015f\u0131yabilecek bir iradeye sahip olmad\u0131\u011f\u0131 i\u00e7in b\u00f6yle hareket eder. Uzla\u015fmac\u0131 umutlarla ya\u015fanan hayatlar, d\u00fc\u015f\u00fcnmeyi \u00f6\u011frenmeden ya\u015fanan ve t\u00fcketilen hayatlard\u0131r. \u00c7ok aziz \u0130slam\u2019\u0131n keyf\u00ee bir bi\u00e7imde vulgarize edilmesiyle birlikte, \u0130slam alg\u0131s\u0131n\u0131n, \u0130slami b\u00fct\u00fcnl\u00fck alg\u0131s\u0131n\u0131n, \u00fcmmet alg\u0131s\u0131n\u0131n, tarih ve d\u00fcnya alg\u0131s\u0131n\u0131n, kesintiye u\u011frat\u0131ld\u0131\u011f\u0131n\u0131 bilmek hayati \u00f6nemi olan bir konudur.<\/p>\n","protected":false},"excerpt":{"rendered":"<p>Gelene\u011fin dine d\u00f6n\u00fc\u015ft\u00fcr\u00fclmesiyle birlikte; \u00f6zg\u00fcnl\u00fc\u011f\u00fcn, b\u00fct\u00fcnl\u00fc\u011f\u00fcn ve hakikat bilincinin kayb\u0131 da bir \u015fekilde me\u015frula\u015ft\u0131r\u0131lm\u0131\u015f oluyor. M\u00fcsl\u00fcman halklar y\u00fczy\u0131llard\u0131r, her \u015feyin bir g\u00fcn yeniden ve kendili\u011finden a\u015f\u0131labilece\u011fi<span class=\"excerpt-hellip\"> [\u2026]<\/span><\/p>\n","protected":false},"featured_media":0,"template":"","meta":{"_monsterinsights_skip_tracking":false,"_monsterinsights_sitenote_active":false,"_monsterinsights_sitenote_note":"","_monsterinsights_sitenote_category":0},"product_brand":[],"product_cat":[12718,12719,13025],"product_tag":[],"class_list":{"0":"post-783692","1":"product","2":"type-product","3":"status-publish","5":"product_cat-din","6":"product_cat-islam","7":"product_cat-islam-ve-gunumuz-islam-dusuncesi","8":"pa_cilt-ciltsiz","9":"pa_tur-kitap","10":"pa_yayinevi-mahya-yayinlari","11":"pa_yazar-atasoy-muftuoglu","13":"first","14":"instock","15":"sale","16":"shipping-taxable","17":"purchasable","18":"product-type-simple"},"_links":{"self":[{"href":"https:\/\/roveyayinevi.com.tr\/index.php\/wp-json\/wp\/v2\/product\/783692","targetHints":{"allow":["GET"]}}],"collection":[{"href":"https:\/\/roveyayinevi.com.tr\/index.php\/wp-json\/wp\/v2\/product"}],"about":[{"href":"https:\/\/roveyayinevi.com.tr\/index.php\/wp-json\/wp\/v2\/types\/product"}],"wp:attachment":[{"href":"https:\/\/roveyayinevi.com.tr\/index.php\/wp-json\/wp\/v2\/media?parent=783692"}],"wp:term":[{"taxonomy":"product_brand","embeddable":true,"href":"https:\/\/roveyayinevi.com.tr\/index.php\/wp-json\/wp\/v2\/product_brand?post=783692"},{"taxonomy":"product_cat","embeddable":true,"href":"https:\/\/roveyayinevi.com.tr\/index.php\/wp-json\/wp\/v2\/product_cat?post=783692"},{"taxonomy":"product_tag","embeddable":true,"href":"https:\/\/roveyayinevi.com.tr\/index.php\/wp-json\/wp\/v2\/product_tag?post=783692"}],"curies":[{"name":"wp","href":"https:\/\/api.w.org\/{rel}","templated":true}]}}