{"id":783691,"date":"2026-02-26T23:36:40","date_gmt":"2026-02-26T20:36:40","guid":{"rendered":"https:\/\/roveyayinevi.com.tr\/index.php\/urun\/bilginin-islamilestirilmesi-genel-ilkeler-ve-calisma-plani\/"},"modified":"2026-04-15T03:46:40","modified_gmt":"2026-04-15T00:46:40","slug":"bilginin-islamilestirilmesi-genel-ilkeler-ve-calisma-plani","status":"publish","type":"product","link":"https:\/\/roveyayinevi.com.tr\/index.php\/urun\/bilginin-islamilestirilmesi-genel-ilkeler-ve-calisma-plani\/","title":{"rendered":"Bilginin \u0130slamile\u015ftirilmesi Genel \u0130lkeler Ve \u00c7al\u0131\u015fma Plan\u0131"},"content":{"rendered":"<p>\u00dcmmetin gittik\u00e7e daha tehlikeli h\u00e2le gelen bir hastal\u0131ktan muzdarip oldu\u011funu ortaya koyan bu metin, onu tekrar s\u0131hhatine kavu\u015fturacak bir tedavi denemesi olup, kaderine \u00e7izilen d\u00fcnyaya liderlik etme sorumlulu\u011funu \u00fcstlenmeye \u00fcmmeti te\u015fvik etmektedir. \u201cB\u00f6ylece, sizler insanlara birer \u015fahit (ve \u00f6rnek) olas\u0131n\u0131z ve Peygamber de size bir \u015fahit (ve \u00f6rnek) olsun diye sizi orta bir \u00fcmmet yapt\u0131k\u201d (Bakara, 2\/143). Hicri on d\u00f6rd\u00fcnc\u00fc y\u00fczy\u0131l\u0131n ikinci yar\u0131s\u0131nda, d\u00fcnya \u00e7ap\u0131nda bir \u0130slami uyan\u0131\u015f dalgas\u0131na ve \u00fcmmetin baz\u0131 kesimlerinin att\u0131\u011f\u0131 devasa \u00f6zg\u00fcrl\u00fck ad\u0131mlar\u0131na \u015fahit olduk. Ayn\u0131 d\u00f6nemde bu geli\u015fmelerle birlikte b\u00fcy\u00fck bir gerilemeye de tan\u0131kl\u0131k ettik: D\u00fcnyan\u0131n her yerinde M\u00fcsl\u00fcmanlar di\u011fer medeniyetleri taklit etme yar\u0131\u015f\u0131na giri\u015ftiler. Bu yar\u0131\u015fta hi\u00e7 kimse hi\u00e7bir alanda hedefine ula\u015famad\u0131\u011f\u0131 gibi, bu s\u00fcre\u00e7 M\u00fcsl\u00fcman toplumun se\u00e7kinlerinin \u0130slams\u0131zla\u015ft\u0131r\u0131lmas\u0131 ve geri kalan kesimlerin ahlaken bozulmas\u0131na neden oldu. \u0130slam vizyonu, s\u00f6m\u00fcrgeci i\u015fgalcilerin vizyonunun g\u00f6lgesinde kald\u0131. \u0130\u015fgalciler \u00e7oktan gitmi\u015f olsalar bile, bu yabanc\u0131 vizyon oldu\u011fu yerde kalm\u0131\u015f hatta daha da zehirli bir h\u00e2l alm\u0131\u015ft\u0131. Nesiller birbirini takip etse de M\u00fcsl\u00fcmanlar bu yabanc\u0131 vizyonun g\u00f6lgesinden \u00e7\u0131kamad\u0131. Bu yabanc\u0131 g\u00f6r\u00fc\u015flerin yayg\u0131nla\u015fmas\u0131n\u0131n alt\u0131nda yatan temel etmen, \u201cmodern\u201d ve \u201c\u0130slami\u201d olmak \u00fczere ikiye b\u00f6l\u00fcnen e\u011fitim sistemidir. E\u011fitim sisteminin bu \u015fekilde ikiye b\u00f6l\u00fcnmesi M\u00fcsl\u00fcmanlar\u0131n geri kalm\u0131\u015fl\u0131\u011f\u0131n\u0131n en somut g\u00f6stergesidir. Bu mesele ele al\u0131n\u0131p \u00e7\u00f6z\u00fclmedik\u00e7e \u00fcmmeti canland\u0131rmak i\u00e7in harcanan b\u00fct\u00fcn gayretler bo\u015fa gidecek ve ilahi emaneti lay\u0131k\u0131yla ta\u015f\u0131mak m\u00fcmk\u00fcn olamayacakt\u0131r. Bug\u00fcn g\u00f6revimiz, ge\u00e7mi\u015fte \u00e7a\u011f\u0131n bilgisini \u00f6z\u00fcmseyip \u0130slam k\u00fclt\u00fcr ve medeniyet miras\u0131n\u0131 ortaya \u00e7\u0131karan ecdad\u0131m\u0131z\u0131n y\u00fcklendi\u011fi g\u00f6revle \u2013kapsam olarak daha geni\u015f olsa da\u2013 niteli\u011fi itibar\u0131yla ayn\u0131d\u0131r. Be\u015fer\u00ee, sosyal ve do\u011fa bilimleri birer disiplin olarak tekrar de\u011ferlendirilip \u0130slami bir temele oturtulmal\u0131 ve \u0130slami ama\u00e7lar do\u011frultusunda yeniden in\u015fa edilmelidir. Bu bilimlerin veri, problem, hedef, ideal, metodoloji ve stratejileri \u0130slami ilkeleri yans\u0131tacak bi\u00e7imde tek tek yeniden d\u00fczenlenmelidir.<\/p>\n","protected":false},"excerpt":{"rendered":"<p>\u00dcmmetin gittik\u00e7e daha tehlikeli h\u00e2le gelen bir hastal\u0131ktan muzdarip oldu\u011funu ortaya koyan bu metin, onu tekrar s\u0131hhatine kavu\u015fturacak bir tedavi denemesi olup, kaderine \u00e7izilen d\u00fcnyaya liderlik<span class=\"excerpt-hellip\"> [\u2026]<\/span><\/p>\n","protected":false},"featured_media":0,"template":"","meta":{"_monsterinsights_skip_tracking":false,"_monsterinsights_sitenote_active":false,"_monsterinsights_sitenote_note":"","_monsterinsights_sitenote_category":0},"product_brand":[],"product_cat":[12718,12719,13025],"product_tag":[],"class_list":{"0":"post-783691","1":"product","2":"type-product","3":"status-publish","5":"product_cat-din","6":"product_cat-islam","7":"product_cat-islam-ve-gunumuz-islam-dusuncesi","8":"pa_cilt-ciltsiz","9":"pa_tur-kitap","10":"pa_yayinevi-mahya-yayinlari","11":"pa_yazar-ismail-raci-faruki","13":"first","14":"instock","15":"sale","16":"shipping-taxable","17":"purchasable","18":"product-type-simple"},"_links":{"self":[{"href":"https:\/\/roveyayinevi.com.tr\/index.php\/wp-json\/wp\/v2\/product\/783691","targetHints":{"allow":["GET"]}}],"collection":[{"href":"https:\/\/roveyayinevi.com.tr\/index.php\/wp-json\/wp\/v2\/product"}],"about":[{"href":"https:\/\/roveyayinevi.com.tr\/index.php\/wp-json\/wp\/v2\/types\/product"}],"wp:attachment":[{"href":"https:\/\/roveyayinevi.com.tr\/index.php\/wp-json\/wp\/v2\/media?parent=783691"}],"wp:term":[{"taxonomy":"product_brand","embeddable":true,"href":"https:\/\/roveyayinevi.com.tr\/index.php\/wp-json\/wp\/v2\/product_brand?post=783691"},{"taxonomy":"product_cat","embeddable":true,"href":"https:\/\/roveyayinevi.com.tr\/index.php\/wp-json\/wp\/v2\/product_cat?post=783691"},{"taxonomy":"product_tag","embeddable":true,"href":"https:\/\/roveyayinevi.com.tr\/index.php\/wp-json\/wp\/v2\/product_tag?post=783691"}],"curies":[{"name":"wp","href":"https:\/\/api.w.org\/{rel}","templated":true}]}}